{"id":2528,"date":"2026-02-23T20:49:31","date_gmt":"2026-02-23T19:49:31","guid":{"rendered":"https:\/\/www.nemesysunit.com\/product\/rovnica-sveta-the-equation-of-the-world-ebook-pdf\/"},"modified":"2026-02-23T20:49:31","modified_gmt":"2026-02-23T19:49:31","slug":"rovnica-sveta-the-equation-of-the-world-ebook-pdf","status":"publish","type":"product","link":"https:\/\/www.nemesysunit.com\/sk\/produkt\/rovnica-sveta-the-equation-of-the-world-ebook-pdf\/","title":{"rendered":"Rovnica sveta (The Equation of the World) &#8211; eBook (PDF)"},"content":{"rendered":"<p data-start=\"2333\" data-end=\"2486\">Digit\u00e1lne PDF vydanie knihy <em data-start=\"2356\" data-end=\"2399\">Rovnica sveta (The Equation of the World)<\/em> od Pavla Neme\u0161a.<br data-start=\"2415\" data-end=\"2418\">Pred pridan\u00edm do ko\u0161\u00edka si vyberte preferovan\u00fd jazyk (SK\/EN\/DE).<\/p>\n<p data-start=\"2493\" data-end=\"2597\"><strong data-start=\"2493\" data-end=\"2504\">Form\u00e1t:<\/strong> eBook (PDF)<br data-start=\"2516\" data-end=\"2519\"><strong data-start=\"2521\" data-end=\"2534\">Doru\u010denie:<\/strong> okam\u017eit\u00e9 stiahnutie po platbe<br data-start=\"2565\" data-end=\"2568\"><strong data-start=\"2570\" data-end=\"2580\">Pou\u017eitie:<\/strong> na osobn\u00e9 pou\u017eitie<\/p>\n","protected":false},"excerpt":{"rendered":"<p>Vyberte si jazyk (SK\/EN\/DE). Okam\u017eit\u00e9 stiahnutie PDF po zak\u00fapen\u00ed.<\/p>\n","protected":false},"featured_media":2472,"template":"","meta":[],"product_brand":[],"product_cat":[52,46],"product_tag":[],"class_list":{"0":"post-2528","1":"product","2":"type-product","3":"status-publish","4":"has-post-thumbnail","6":"product_cat-eknihy-pdf","7":"product_cat-knihy","9":"first","10":"instock","11":"shipping-taxable","12":"purchasable","13":"product-type-variable"},"_links":{"self":[{"href":"https:\/\/www.nemesysunit.com\/sk\/wp-json\/wp\/v2\/product\/2528","targetHints":{"allow":["GET"]}}],"collection":[{"href":"https:\/\/www.nemesysunit.com\/sk\/wp-json\/wp\/v2\/product"}],"about":[{"href":"https:\/\/www.nemesysunit.com\/sk\/wp-json\/wp\/v2\/types\/product"}],"wp:featuredmedia":[{"embeddable":true,"href":"https:\/\/www.nemesysunit.com\/sk\/wp-json\/wp\/v2\/media\/2472"}],"wp:attachment":[{"href":"https:\/\/www.nemesysunit.com\/sk\/wp-json\/wp\/v2\/media?parent=2528"}],"wp:term":[{"taxonomy":"product_brand","embeddable":true,"href":"https:\/\/www.nemesysunit.com\/sk\/wp-json\/wp\/v2\/product_brand?post=2528"},{"taxonomy":"product_cat","embeddable":true,"href":"https:\/\/www.nemesysunit.com\/sk\/wp-json\/wp\/v2\/product_cat?post=2528"},{"taxonomy":"product_tag","embeddable":true,"href":"https:\/\/www.nemesysunit.com\/sk\/wp-json\/wp\/v2\/product_tag?post=2528"}],"curies":[{"name":"wp","href":"https:\/\/api.w.org\/{rel}","templated":true}]}}