{"id":2526,"date":"2026-02-21T15:06:18","date_gmt":"2026-02-21T14:06:18","guid":{"rendered":"https:\/\/www.nemesysunit.com\/product\/certifikat-nemesysunit\/"},"modified":"2026-03-02T08:18:20","modified_gmt":"2026-03-02T07:18:20","slug":"certifikat-nemesysunit","status":"publish","type":"product","link":"https:\/\/www.nemesysunit.com\/sk\/produkt\/certifikat-nemesysunit\/","title":{"rendered":"Certifik\u00e1t NemesysUnit"},"content":{"rendered":"<p data-start=\"454\" data-end=\"734\"><strong data-start=\"454\" data-end=\"466\">Preh\u013ead<\/strong><br data-start=\"466\" data-end=\"469\" \/>Certifik\u00e1t NemesysUnit je fyzick\u00fd, \u010d\u00edslovan\u00fd certifik\u00e1t vydan\u00fd spolo\u010dnos\u0165ou <strong data-start=\"543\" data-end=\"561\">Nemesys s.r.o.<\/strong> ako dokument\u00e1rny d\u00f4kaz \u00fa\u010dasti na z\u00e1klade <strong data-start=\"611\" data-end=\"636\">Zmluvy o hybridnej p\u00f4\u017ei\u010dke<\/strong>. Certifik\u00e1t sa vyd\u00e1va a\u017e po \u00faspe\u0161nej \u00fahrade a dokon\u010den\u00ed procesu uzatvorenia zmluvy.<\/p>\n<p data-start=\"736\" data-end=\"758\"><strong data-start=\"736\" data-end=\"756\">\u010co z\u00edskate<\/strong><\/p>\n<ul data-start=\"759\" data-end=\"1008\">\n<li data-section-id=\"ocgtv\" data-start=\"759\" data-end=\"819\">\n<p data-start=\"761\" data-end=\"819\">Fyzick\u00fd certifik\u00e1t A4, obojstrann\u00fd, v bezpe\u010dnostnom dizajne<\/p>\n<\/li>\n<li data-section-id=\"1pw0eg7\" data-start=\"820\" data-end=\"872\">\n<p data-start=\"822\" data-end=\"872\">Jedine\u010dn\u00e9 ID certifik\u00e1tu (priraden\u00e9 k Va\u0161ej objedn\u00e1vke)<\/p>\n<\/li>\n<li data-section-id=\"1tsceqp\" data-start=\"873\" data-end=\"907\">\n<p data-start=\"875\" data-end=\"907\">\u00dadaje o vydavate\u013eovi: Nemesys s.r.o.<\/p>\n<\/li>\n<li data-section-id=\"72qkyn\" data-start=\"908\" data-end=\"1008\">\n<p data-start=\"910\" data-end=\"1008\">Sp\u00f4sob overenia (v z\u00e1vislosti od fin\u00e1lneho form\u00e1tu sa m\u00f4\u017ee pou\u017ei\u0165 ID certifik\u00e1tu \/ QR overenie)<\/p>\n<\/li>\n<\/ul>\n<p data-start=\"1010\" data-end=\"1043\"><strong data-start=\"1010\" data-end=\"1041\">Ako to funguje (krok za krokom)<\/strong><\/p>\n<ol data-start=\"1044\" data-end=\"1325\">\n<li data-section-id=\"wbqrjc\" data-start=\"1044\" data-end=\"1087\">\n<p data-start=\"1047\" data-end=\"1087\">Vytvorte objedn\u00e1vku a uhra\u010fte platbu.<\/p>\n<\/li>\n<li data-section-id=\"3b5n9d\" data-start=\"1088\" data-end=\"1177\">\n<p data-start=\"1091\" data-end=\"1177\">Dostanete e-mail s \u010fal\u0161\u00edmi krokmi na dokon\u010denie Zmluvy o hybridnej p\u00f4\u017ei\u010dke.<\/p>\n<\/li>\n<li data-section-id=\"1sbgwqg\" data-start=\"1178\" data-end=\"1269\">\n<p data-start=\"1181\" data-end=\"1269\">Po dokon\u010den\u00ed zmluvy sa certifik\u00e1t vyd\u00e1 a priprav\u00ed na odoslanie.<\/p>\n<\/li>\n<li data-section-id=\"uuu8c4\" data-start=\"1270\" data-end=\"1325\">\n<p data-start=\"1273\" data-end=\"1325\">Certifik\u00e1t sa odo\u0161le na Va\u0161u doru\u010dovaciu adresu.<\/p>\n<\/li>\n<\/ol>\n<p data-start=\"1327\" data-end=\"1555\"><strong data-start=\"1327\" data-end=\"1347\">D\u00f4le\u017eit\u00e9 upozornenie<\/strong><br data-start=\"1347\" data-end=\"1350\" \/>Tento produkt je fyzick\u00fd certifik\u00e1t prepojen\u00fd so samostatn\u00fdm zmluvn\u00fdm dokumentom. V\u0161etky finan\u010dn\u00e9 podmienky, detaily spl\u00e1cania a pr\u00edpadn\u00e9 podmienky konverzie s\u00fa definovan\u00e9 v\u00fdlu\u010dne v Zmluve o hybridnej p\u00f4\u017ei\u010dke.<\/p>\n","protected":false},"excerpt":{"rendered":"<p>\u010c\u00edslovan\u00fd certifik\u00e1t vydan\u00fd spolo\u010dnos\u0165ou Nemesys s.r.o. ako d\u00f4kaz \u00fa\u010dasti na z\u00e1klade Zmluvy o hybridnej p\u00f4\u017ei\u010dke. Dokon\u010denie zmluvy nasleduje po n\u00e1kupe.<\/p>\n","protected":false},"featured_media":2527,"template":"","meta":[],"product_brand":[],"product_cat":[51],"product_tag":[],"class_list":{"0":"post-2526","1":"product","2":"type-product","3":"status-publish","4":"has-post-thumbnail","6":"product_cat-certifikaty","8":"first","9":"instock","10":"shipping-taxable","11":"purchasable","12":"product-type-simple"},"_links":{"self":[{"href":"https:\/\/www.nemesysunit.com\/sk\/wp-json\/wp\/v2\/product\/2526","targetHints":{"allow":["GET"]}}],"collection":[{"href":"https:\/\/www.nemesysunit.com\/sk\/wp-json\/wp\/v2\/product"}],"about":[{"href":"https:\/\/www.nemesysunit.com\/sk\/wp-json\/wp\/v2\/types\/product"}],"wp:featuredmedia":[{"embeddable":true,"href":"https:\/\/www.nemesysunit.com\/sk\/wp-json\/wp\/v2\/media\/2527"}],"wp:attachment":[{"href":"https:\/\/www.nemesysunit.com\/sk\/wp-json\/wp\/v2\/media?parent=2526"}],"wp:term":[{"taxonomy":"product_brand","embeddable":true,"href":"https:\/\/www.nemesysunit.com\/sk\/wp-json\/wp\/v2\/product_brand?post=2526"},{"taxonomy":"product_cat","embeddable":true,"href":"https:\/\/www.nemesysunit.com\/sk\/wp-json\/wp\/v2\/product_cat?post=2526"},{"taxonomy":"product_tag","embeddable":true,"href":"https:\/\/www.nemesysunit.com\/sk\/wp-json\/wp\/v2\/product_tag?post=2526"}],"curies":[{"name":"wp","href":"https:\/\/api.w.org\/{rel}","templated":true}]}}