{"id":2524,"date":"2026-02-23T20:37:39","date_gmt":"2026-02-23T19:37:39","guid":{"rendered":"https:\/\/www.nemesysunit.com\/product\/rovnica-sveta-tlacena-kniha-slovencina\/"},"modified":"2026-02-23T20:37:39","modified_gmt":"2026-02-23T19:37:39","slug":"rovnica-sveta-tlacena-kniha-slovencina","status":"publish","type":"product","link":"https:\/\/www.nemesysunit.com\/sk\/produkt\/rovnica-sveta-tlacena-kniha-slovencina\/","title":{"rendered":"Rovnica sveta \u2013 tla\u010den\u00e1 kniha (sloven\u010dina)"},"content":{"rendered":"<p data-start=\"665\" data-end=\"869\"><em data-start=\"665\" data-end=\"708\">Rovnica sveta (The Equation of the World)<\/em> je tla\u010den\u00e9 vydanie v slovenskom jazyku od Pavla Neme\u0161a.<br data-start=\"761\" data-end=\"764\">Pr\u00edbehom podan\u00e9 filozofick\u00e9 dielo sk\u00famaj\u00face logiku, zmysel a origin\u00e1lny koncept \u201erovnice sveta\u201c.<\/p>\n<p data-start=\"876\" data-end=\"1014\"><strong data-start=\"876\" data-end=\"887\">Form\u00e1t:<\/strong> Tla\u010den\u00e1 kniha (fyzick\u00e9 doru\u010denie)<br data-start=\"920\" data-end=\"923\"><strong data-start=\"925\" data-end=\"938\">Jazyk:<\/strong> Slovensk\u00fd (SK)<br data-start=\"950\" data-end=\"953\"><strong data-start=\"955\" data-end=\"972\">\u010co z\u00edskate:<\/strong> 1\u00d7 tla\u010den\u00fd v\u00fdtla\u010dok zaslan\u00fd na va\u0161u adresu<\/p>\n<p data-start=\"1021\" data-end=\"1063\">Cena dopravy sa vypo\u010d\u00edta v pokladni.<\/p>\n","protected":false},"excerpt":{"rendered":"<p>Tla\u010den\u00e9 slovensk\u00e9 vydanie. Fyzick\u00e9 doru\u010denie na va\u0161u adresu. Doprava sa vypo\u010d\u00edta v pokladni.<\/p>\n","protected":false},"featured_media":2464,"template":"","meta":[],"product_brand":[],"product_cat":[46,47],"product_tag":[50,49,48],"class_list":{"0":"post-2524","1":"product","2":"type-product","3":"status-publish","4":"has-post-thumbnail","6":"product_cat-knihy","7":"product_cat-tlacene-knihy","8":"product_tag-filozofia","9":"product_tag-kniha","10":"product_tag-pavol-nemes","12":"first","13":"instock","14":"sold-individually","15":"shipping-taxable","16":"purchasable","17":"product-type-simple"},"_links":{"self":[{"href":"https:\/\/www.nemesysunit.com\/sk\/wp-json\/wp\/v2\/product\/2524","targetHints":{"allow":["GET"]}}],"collection":[{"href":"https:\/\/www.nemesysunit.com\/sk\/wp-json\/wp\/v2\/product"}],"about":[{"href":"https:\/\/www.nemesysunit.com\/sk\/wp-json\/wp\/v2\/types\/product"}],"wp:featuredmedia":[{"embeddable":true,"href":"https:\/\/www.nemesysunit.com\/sk\/wp-json\/wp\/v2\/media\/2464"}],"wp:attachment":[{"href":"https:\/\/www.nemesysunit.com\/sk\/wp-json\/wp\/v2\/media?parent=2524"}],"wp:term":[{"taxonomy":"product_brand","embeddable":true,"href":"https:\/\/www.nemesysunit.com\/sk\/wp-json\/wp\/v2\/product_brand?post=2524"},{"taxonomy":"product_cat","embeddable":true,"href":"https:\/\/www.nemesysunit.com\/sk\/wp-json\/wp\/v2\/product_cat?post=2524"},{"taxonomy":"product_tag","embeddable":true,"href":"https:\/\/www.nemesysunit.com\/sk\/wp-json\/wp\/v2\/product_tag?post=2524"}],"curies":[{"name":"wp","href":"https:\/\/api.w.org\/{rel}","templated":true}]}}