{"id":2826,"date":"2026-03-02T20:12:49","date_gmt":"2026-03-02T19:12:49","guid":{"rendered":"https:\/\/www.nemesysunit.com\/pravne-informacie\/"},"modified":"2026-03-02T21:23:40","modified_gmt":"2026-03-02T20:23:40","slug":"pravne-informacie","status":"publish","type":"page","link":"https:\/\/www.nemesysunit.com\/sk\/pravne-informacie\/","title":{"rendered":"Pr\u00e1vne inform\u00e1cie"},"content":{"rendered":"<section class=\"bde-section-2826-100 bde-section\">\n  \n  \n\t\n\n\n\n<div class=\"section-container\"><div class=\"bde-post-list-2826-101 bde-post-list\">\n<div class=\"bde-loop bde-loop-grid ee-posts ee-posts-grid\">    <article class=\"bde-loop-item ee-post\">\n      \n      \n    <div class=\"bde-loop-item__wrap ee-post-wrap\">\n      \n          <h3 class=\"ee-post-title\">\n    <a class=\"bde-loop-item__title-link ee-post-title-link\" href=\"https:\/\/www.nemesysunit.com\/sk\/unit-partneri\/\" >\n        Unit partneri    <\/a>\n    <\/h3>\n  <ul class=\"bde-loop-item__post-tax ee-post-taxonomy\"><\/ul>        <div class=\"bde-loop-item__content ee-post-content\">\n                    <\/div>\n      \n    \n                                    \n    \n    \n    \n    \n            \n                    \n            \n            \n\n    \n    \n    \n    \n    \n    <a class=\"breakdance-link button-atom button-atom--primary bde-loop-item__button ee-post-button\" href=\"https:\/\/www.nemesysunit.com\/sk\/unit-partneri\/\" target=\"_self\" data-type=\"\"  >\n\n    \n        <span class=\"button-atom__text\">Read more<\/span>\n\n        \n        \n                <\/a>\n\n    \n\n\n\n\n      \n    <\/div>\n\n    <\/article>\n\n        <article class=\"bde-loop-item ee-post\">\n      \n      \n    <div class=\"bde-loop-item__wrap ee-post-wrap\">\n      \n          <h3 class=\"ee-post-title\">\n    <a class=\"bde-loop-item__title-link ee-post-title-link\" href=\"https:\/\/www.nemesysunit.com\/sk\/pravne-informacie\/\" >\n        Pr\u00e1vne inform\u00e1cie    <\/a>\n    <\/h3>\n  <ul class=\"bde-loop-item__post-tax ee-post-taxonomy\"><\/ul>        <div class=\"bde-loop-item__content ee-post-content\">\n            The renderer is stuck in an inifite loop, because...'post' with ID 2826 renders 'post' 2826 (edit)And so on... a 'post' could be a Breakdance template, global block, WP post, page,&hellip;        <\/div>\n      \n    \n                                    \n    \n    \n    \n    \n            \n                    \n            \n            \n\n    \n    \n    \n    \n    \n    <a class=\"breakdance-link button-atom button-atom--primary bde-loop-item__button ee-post-button\" href=\"https:\/\/www.nemesysunit.com\/sk\/pravne-informacie\/\" target=\"_self\" data-type=\"\"  >\n\n    \n        <span class=\"button-atom__text\">Read more<\/span>\n\n        \n        \n                <\/a>\n\n    \n\n\n\n\n      \n    <\/div>\n\n    <\/article>\n\n        <article class=\"bde-loop-item ee-post\">\n      \n      \n    <div class=\"bde-loop-item__wrap ee-post-wrap\">\n      \n          <h3 class=\"ee-post-title\">\n    <a class=\"bde-loop-item__title-link ee-post-title-link\" href=\"https:\/\/www.nemesysunit.com\/sk\/podmienky-pouzivania-webovej-stranky\/\" >\n        Podmienky pou\u017e\u00edvania webovej str\u00e1nky    <\/a>\n    <\/h3>\n  <ul class=\"bde-loop-item__post-tax ee-post-taxonomy\"><\/ul>        <div class=\"bde-loop-item__content ee-post-content\">\n            Podmienky pou\u017e\u00edvania webu D\u00e1tum \u00fa\u010dinnosti: 01. 01. 2026Tieto podmienky upravuj\u00fa pou\u017e\u00edvanie webovej str\u00e1nky nemesysunit.com a jej obsahu a funkci\u00ed.Sp\u00f4sobilos\u0165Na vytvorenie \u00fa\u010dtu alebo n\u00e1kup mus\u00edte ma\u0165 aspo\u0148 18 rokov.U\u017e\u00edvate\u013esk\u00fd \u00fa\u010detZa bezpe\u010dnos\u0165&hellip;        <\/div>\n      \n    \n                                    \n    \n    \n    \n    \n            \n                    \n            \n            \n\n    \n    \n    \n    \n    \n    <a class=\"breakdance-link button-atom button-atom--primary bde-loop-item__button ee-post-button\" href=\"https:\/\/www.nemesysunit.com\/sk\/podmienky-pouzivania-webovej-stranky\/\" target=\"_self\" data-type=\"\"  >\n\n    \n        <span class=\"button-atom__text\">Read more<\/span>\n\n        \n        \n                <\/a>\n\n    \n\n\n\n\n      \n    <\/div>\n\n    <\/article>\n\n        <article class=\"bde-loop-item ee-post\">\n      \n      \n    <div class=\"bde-loop-item__wrap ee-post-wrap\">\n      \n          <h3 class=\"ee-post-title\">\n    <a class=\"bde-loop-item__title-link ee-post-title-link\" href=\"https:\/\/www.nemesysunit.com\/sk\/reklamacie-adr-odr-spotrebitelia-eu\/\" >\n        Reklam\u00e1cie, ADR \/ ODR (spotrebitelia E\u00da)    <\/a>\n    <\/h3>\n  <ul class=\"bde-loop-item__post-tax ee-post-taxonomy\"><\/ul>        <div class=\"bde-loop-item__content ee-post-content\">\n            Reklam\u00e1cie, ADR \/ ODR (spotrebitelia v E\u00da) D\u00e1tum \u00fa\u010dinnosti: 01. 01. 2026Kontakt pre reklam\u00e1cieNajsk\u00f4r n\u00e1s kontaktujte na info@nemesysunit.com a uve\u010fte \u010d\u00edslo objedn\u00e1vky.ODR platformaSpotrebite\u013e v E\u00da m\u00f4\u017ee vyu\u017ei\u0165 platformu na rie\u0161enie&hellip;        <\/div>\n      \n    \n                                    \n    \n    \n    \n    \n            \n                    \n            \n            \n\n    \n    \n    \n    \n    \n    <a class=\"breakdance-link button-atom button-atom--primary bde-loop-item__button ee-post-button\" href=\"https:\/\/www.nemesysunit.com\/sk\/reklamacie-adr-odr-spotrebitelia-eu\/\" target=\"_self\" data-type=\"\"  >\n\n    \n        <span class=\"button-atom__text\">Read more<\/span>\n\n        \n        \n                <\/a>\n\n    \n\n\n\n\n      \n    <\/div>\n\n    <\/article>\n\n        <article class=\"bde-loop-item ee-post\">\n      \n      \n    <div class=\"bde-loop-item__wrap ee-post-wrap\">\n      \n          <h3 class=\"ee-post-title\">\n    <a class=\"bde-loop-item__title-link ee-post-title-link\" href=\"https:\/\/www.nemesysunit.com\/sk\/kyc-aml-a-sankcie-jednotky\/\" >\n        KYC\/AML a sankcie (jednotky)    <\/a>\n    <\/h3>\n  <ul class=\"bde-loop-item__post-tax ee-post-taxonomy\"><\/ul>        <div class=\"bde-loop-item__content ee-post-content\">\n            KYC\/AML a sankcie (Units) D\u00e1tum \u00fa\u010dinnosti: 01. 01. 2026Z d\u00f4vodu riadenia rizika m\u00f4\u017eeme pri Units vy\u017eadova\u0165 overenie identity a preverenie vo\u010di sank\u010dn\u00fdm zoznamom. Pri nesplnen\u00ed po\u017eiadaviek m\u00f4\u017eeme objedn\u00e1vku odmietnu\u0165 alebo&hellip;        <\/div>\n      \n    \n                                    \n    \n    \n    \n    \n            \n                    \n            \n            \n\n    \n    \n    \n    \n    \n    <a class=\"breakdance-link button-atom button-atom--primary bde-loop-item__button ee-post-button\" href=\"https:\/\/www.nemesysunit.com\/sk\/kyc-aml-a-sankcie-jednotky\/\" target=\"_self\" data-type=\"\"  >\n\n    \n        <span class=\"button-atom__text\">Read more<\/span>\n\n        \n        \n                <\/a>\n\n    \n\n\n\n\n      \n    <\/div>\n\n    <\/article>\n\n        <article class=\"bde-loop-item ee-post\">\n      \n      \n    <div class=\"bde-loop-item__wrap ee-post-wrap\">\n      \n          <h3 class=\"ee-post-title\">\n    <a class=\"bde-loop-item__title-link ee-post-title-link\" href=\"https:\/\/www.nemesysunit.com\/sk\/zasady-pouzivania-suborov-cookie\/\" >\n        Z\u00e1sady pou\u017e\u00edvania s\u00faborov cookie    <\/a>\n    <\/h3>\n  <ul class=\"bde-loop-item__post-tax ee-post-taxonomy\"><\/ul>        <div class=\"bde-loop-item__content ee-post-content\">\n            Cookies D\u00e1tum \u00fa\u010dinnosti: 01. 01. 2026Cookies s\u00fa mal\u00e9 textov\u00e9 s\u00fabory ukladan\u00e9 do zariadenia pou\u017e\u00edvate\u013ea. Pou\u017e\u00edvame ich na z\u00e1kladn\u00e9 funkcie (prihl\u00e1senie, ko\u0161\u00edk, bezpe\u010dnos\u0165 pokladne) a na ulo\u017eenie preferenci\u00ed (napr. jazyk).Kateg\u00f3rie cookiesNevyhnutn\u00e9&hellip;        <\/div>\n      \n    \n                                    \n    \n    \n    \n    \n            \n                    \n            \n            \n\n    \n    \n    \n    \n    \n    <a class=\"breakdance-link button-atom button-atom--primary bde-loop-item__button ee-post-button\" href=\"https:\/\/www.nemesysunit.com\/sk\/zasady-pouzivania-suborov-cookie\/\" target=\"_self\" data-type=\"\"  >\n\n    \n        <span class=\"button-atom__text\">Read more<\/span>\n\n        \n        \n                <\/a>\n\n    \n\n\n\n\n      \n    <\/div>\n\n    <\/article>\n\n        <article class=\"bde-loop-item ee-post\">\n      \n      \n    <div class=\"bde-loop-item__wrap ee-post-wrap\">\n      \n          <h3 class=\"ee-post-title\">\n    <a class=\"bde-loop-item__title-link ee-post-title-link\" href=\"https:\/\/www.nemesysunit.com\/sk\/zasady-dopravy-a-dorucenia\/\" >\n        Z\u00e1sady dopravy a doru\u010denia    <\/a>\n    <\/h3>\n  <ul class=\"bde-loop-item__post-tax ee-post-taxonomy\"><\/ul>        <div class=\"bde-loop-item__content ee-post-content\">\n            Doprava a doru\u010denie D\u00e1tum \u00fa\u010dinnosti: 01. 01. 2026\u00dazemn\u00fd rozsah a cena dopravyDostupn\u00e9 krajiny doru\u010denia a cena dopravy s\u00fa uveden\u00e9 v pokladni.\u010casy spracovania a doru\u010deniaUveden\u00e9 \u010dasy s\u00fa orienta\u010dn\u00e9 a m\u00f4\u017eu sa&hellip;        <\/div>\n      \n    \n                                    \n    \n    \n    \n    \n            \n                    \n            \n            \n\n    \n    \n    \n    \n    \n    <a class=\"breakdance-link button-atom button-atom--primary bde-loop-item__button ee-post-button\" href=\"https:\/\/www.nemesysunit.com\/sk\/zasady-dopravy-a-dorucenia\/\" target=\"_self\" data-type=\"\"  >\n\n    \n        <span class=\"button-atom__text\">Read more<\/span>\n\n        \n        \n                <\/a>\n\n    \n\n\n\n\n      \n    <\/div>\n\n    <\/article>\n\n        <article class=\"bde-loop-item ee-post\">\n      \n      \n    <div class=\"bde-loop-item__wrap ee-post-wrap\">\n      \n          <h3 class=\"ee-post-title\">\n    <a class=\"bde-loop-item__title-link ee-post-title-link\" href=\"https:\/\/www.nemesysunit.com\/sk\/pravne-informacie-impresum\/\" >\n        Pr\u00e1vne inform\u00e1cie (Impresum)    <\/a>\n    <\/h3>\n  <ul class=\"bde-loop-item__post-tax ee-post-taxonomy\"><\/ul>        <div class=\"bde-loop-item__content ee-post-content\">\n            Impressum \/ Identifika\u010dn\u00e9 \u00fadaje Spolo\u010dnos\u0165: Nemesys, s.r.o.S\u00eddlo: Pod lipami 2561\/6, 942 01 \u0160urany, SlovakiaI\u010cO: 55 392 474DI\u010c: 2121972325I\u010c DPH: Spolo\u010dnos\u0165 nie je platcom DPH.Obchodn\u00fd register: Commercial Register of the District&hellip;        <\/div>\n      \n    \n                                    \n    \n    \n    \n    \n            \n                    \n            \n            \n\n    \n    \n    \n    \n    \n    <a class=\"breakdance-link button-atom button-atom--primary bde-loop-item__button ee-post-button\" href=\"https:\/\/www.nemesysunit.com\/sk\/pravne-informacie-impresum\/\" target=\"_self\" data-type=\"\"  >\n\n    \n        <span class=\"button-atom__text\">Read more<\/span>\n\n        \n        \n                <\/a>\n\n    \n\n\n\n\n      \n    <\/div>\n\n    <\/article>\n\n        <article class=\"bde-loop-item ee-post\">\n      \n      \n    <div class=\"bde-loop-item__wrap ee-post-wrap\">\n      \n          <h3 class=\"ee-post-title\">\n    <a class=\"bde-loop-item__title-link ee-post-title-link\" href=\"https:\/\/www.nemesysunit.com\/sk\/zasady-vratenia-penazi-a-tovaru\/\" >\n        Z\u00e1sady vr\u00e1tenia pe\u0148az\u00ed a tovaru    <\/a>\n    <\/h3>\n  <ul class=\"bde-loop-item__post-tax ee-post-taxonomy\"><\/ul>        <div class=\"bde-loop-item__content ee-post-content\">\n            Reklama\u010dn\u00fd poriadok \/ Vr\u00e1tenie tovaru D\u00e1tum \u00fa\u010dinnosti: 01. 01. 2026Fyzick\u00fd tovarSpotrebite\u013e m\u00f4\u017ee odst\u00fapi\u0165 do 14 dn\u00ed od prevzatia. Tovar vr\u00e1\u0165te nepou\u017eit\u00fd a v p\u00f4vodnom stave. N\u00e1klady na vr\u00e1tenie zn\u00e1\u0161a z\u00e1kazn\u00edk,&hellip;        <\/div>\n      \n    \n                                    \n    \n    \n    \n    \n            \n                    \n            \n            \n\n    \n    \n    \n    \n    \n    <a class=\"breakdance-link button-atom button-atom--primary bde-loop-item__button ee-post-button\" href=\"https:\/\/www.nemesysunit.com\/sk\/zasady-vratenia-penazi-a-tovaru\/\" target=\"_self\" data-type=\"\"  >\n\n    \n        <span class=\"button-atom__text\">Read more<\/span>\n\n        \n        \n                <\/a>\n\n    \n\n\n\n\n      \n    <\/div>\n\n    <\/article>\n\n        <article class=\"bde-loop-item ee-post\">\n      \n      \n    <div class=\"bde-loop-item__wrap ee-post-wrap\">\n      \n          <h3 class=\"ee-post-title\">\n    <a class=\"bde-loop-item__title-link ee-post-title-link\" href=\"https:\/\/www.nemesysunit.com\/sk\/vibracny-kompresor\/\" >\n        Vibra\u010dn\u00fd kompresor    <\/a>\n    <\/h3>\n  <ul class=\"bde-loop-item__post-tax ee-post-taxonomy\"><\/ul>        <div class=\"bde-loop-item__content ee-post-content\">\n            Vibra\u010dn\u00fd kompresor Patentovan\u00fd technick\u00fd koncept Pavla Neme\u0161a zalo\u017een\u00fd na odli\u0161nom mechanickom princ\u00edpe kompresie s potenci\u00e1lom praktick\u00e9ho priemyseln\u00e9ho vyu\u017eitia. Patent SK 288877 Prezentovan\u00e9 na MSV Brno 2025 S\u00e9riov\u00e1 v\u00fdroba A\u017e ~30&hellip;        <\/div>\n      \n    \n                                    \n    \n    \n    \n    \n            \n                    \n            \n            \n\n    \n    \n    \n    \n    \n    <a class=\"breakdance-link button-atom button-atom--primary bde-loop-item__button ee-post-button\" href=\"https:\/\/www.nemesysunit.com\/sk\/vibracny-kompresor\/\" target=\"_self\" data-type=\"\"  >\n\n    \n        <span class=\"button-atom__text\">Read more<\/span>\n\n        \n        \n                <\/a>\n\n    \n\n\n\n\n      \n    <\/div>\n\n    <\/article>\n\n        <article class=\"bde-loop-item ee-post\">\n      \n      \n    <div class=\"bde-loop-item__wrap ee-post-wrap\">\n      \n          <h3 class=\"ee-post-title\">\n    <a class=\"bde-loop-item__title-link ee-post-title-link\" href=\"https:\/\/www.nemesysunit.com\/sk\/samonosny-konstrukcny-system\/\" >\n        Samonosn\u00fd kon\u0161truk\u010dn\u00fd syst\u00e9m    <\/a>\n    <\/h3>\n  <ul class=\"bde-loop-item__post-tax ee-post-taxonomy\"><\/ul>        <div class=\"bde-loop-item__content ee-post-content\">\n            Samonosn\u00fd kon\u0161truk\u010dn\u00fd syst\u00e9m Kon\u0161truk\u010dn\u00e1 technol\u00f3gia pre samonosn\u00e9 r\u00e1mov\u00e9 kon\u0161trukcie a nosn\u00e9 syst\u00e9my.Tento vyn\u00e1lez predstavuje alternat\u00edvny pr\u00edstup ku kon\u0161truk\u010dn\u00e9mu n\u00e1vrhu so zameran\u00edm na optimalizovan\u00e9 rozlo\u017eenie za\u0165a\u017eenia a mechanick\u00fa stabilitu. Syst\u00e9m je&hellip;        <\/div>\n      \n    \n                                    \n    \n    \n    \n    \n            \n                    \n            \n            \n\n    \n    \n    \n    \n    \n    <a class=\"breakdance-link button-atom button-atom--primary bde-loop-item__button ee-post-button\" href=\"https:\/\/www.nemesysunit.com\/sk\/samonosny-konstrukcny-system\/\" target=\"_self\" data-type=\"\"  >\n\n    \n        <span class=\"button-atom__text\">Read more<\/span>\n\n        \n        \n                <\/a>\n\n    \n\n\n\n\n      \n    <\/div>\n\n    <\/article>\n\n        <article class=\"bde-loop-item ee-post\">\n      \n      \n    <div class=\"bde-loop-item__wrap ee-post-wrap\">\n      \n          <h3 class=\"ee-post-title\">\n    <a class=\"bde-loop-item__title-link ee-post-title-link\" href=\"https:\/\/www.nemesysunit.com\/sk\/pohonna-jednotka\/\" >\n        Pohonn\u00e1 jednotka    <\/a>\n    <\/h3>\n  <ul class=\"bde-loop-item__post-tax ee-post-taxonomy\"><\/ul>        <div class=\"bde-loop-item__content ee-post-content\">\n            Pohonn\u00e1 jednotka Vysokov\u00fdkonn\u00fd koncept pohonu zalo\u017een\u00fd na inovat\u00edvnom mechanickom prenose energie.Tento vyn\u00e1lez sk\u00fama alternat\u00edvne pr\u00edstupy k tvorbe sily a riadeniu pohybu. N\u00e1vrh sa zameriava na optimaliz\u00e1ciu prenosu energie pri zachovan\u00ed&hellip;        <\/div>\n      \n    \n                                    \n    \n    \n    \n    \n            \n                    \n            \n            \n\n    \n    \n    \n    \n    \n    <a class=\"breakdance-link button-atom button-atom--primary bde-loop-item__button ee-post-button\" href=\"https:\/\/www.nemesysunit.com\/sk\/pohonna-jednotka\/\" target=\"_self\" data-type=\"\"  >\n\n    \n        <span class=\"button-atom__text\">Read more<\/span>\n\n        \n        \n                <\/a>\n\n    \n\n\n\n\n      \n    <\/div>\n\n    <\/article>\n\n    <\/div>\n<\/div><\/div>\n<\/section>","protected":false},"excerpt":{"rendered":"<p>Pohonn\u00e1 jednotka Vysokov\u00fdkonn\u00fd koncept pohonu zalo\u017een\u00fd na inovat\u00edvnom mechanickom prenose energie.Tento vyn\u00e1lez sk\u00fama alternat\u00edvne pr\u00edstupy k tvorbe sily a riadeniu pohybu. N\u00e1vrh sa zameriava na optimaliz\u00e1ciu prenosu energie pri zachovan\u00ed kon\u0161truk\u010dnej vyv\u00e1\u017eenosti a mechanickej \u00fa\u010dinnosti.Koncept je v s\u00fa\u010dasnosti chr\u00e1nen\u00fd patentovou prihl\u00e1\u0161kou a predstavuje z\u00e1kladn\u00fd prvok pre potenci\u00e1lne bud\u00face aplik\u00e1cie.K\u013e\u00fa\u010dov\u00e9 charakteristiky:Alternat\u00edvny princ\u00edp mechanick\u00e9ho pohonuOptimalizovan\u00fd mechanizmus prenosu [&hellip;]<\/p>\n","protected":false},"author":1,"featured_media":0,"parent":0,"menu_order":0,"comment_status":"closed","ping_status":"closed","template":"","meta":{"_breakdance_hide_in_design_set":false,"_breakdance_tags":"","footnotes":""},"page_group":[56],"class_list":["post-2826","page","type-page","status-publish","hentry","page_group-legal"],"_links":{"self":[{"href":"https:\/\/www.nemesysunit.com\/sk\/wp-json\/wp\/v2\/pages\/2826","targetHints":{"allow":["GET"]}}],"collection":[{"href":"https:\/\/www.nemesysunit.com\/sk\/wp-json\/wp\/v2\/pages"}],"about":[{"href":"https:\/\/www.nemesysunit.com\/sk\/wp-json\/wp\/v2\/types\/page"}],"author":[{"embeddable":true,"href":"https:\/\/www.nemesysunit.com\/sk\/wp-json\/wp\/v2\/users\/1"}],"replies":[{"embeddable":true,"href":"https:\/\/www.nemesysunit.com\/sk\/wp-json\/wp\/v2\/comments?post=2826"}],"version-history":[{"count":2,"href":"https:\/\/www.nemesysunit.com\/sk\/wp-json\/wp\/v2\/pages\/2826\/revisions"}],"predecessor-version":[{"id":2832,"href":"https:\/\/www.nemesysunit.com\/sk\/wp-json\/wp\/v2\/pages\/2826\/revisions\/2832"}],"wp:attachment":[{"href":"https:\/\/www.nemesysunit.com\/sk\/wp-json\/wp\/v2\/media?parent=2826"}],"wp:term":[{"taxonomy":"page_group","embeddable":true,"href":"https:\/\/www.nemesysunit.com\/sk\/wp-json\/wp\/v2\/page_group?post=2826"}],"curies":[{"name":"wp","href":"https:\/\/api.w.org\/{rel}","templated":true}]}}