{"id":2798,"date":"2026-03-02T11:13:06","date_gmt":"2026-03-02T10:13:06","guid":{"rendered":"https:\/\/www.nemesysunit.com\/zasady-dopravy-a-dorucenia\/"},"modified":"2026-03-02T19:47:39","modified_gmt":"2026-03-02T18:47:39","slug":"zasady-dopravy-a-dorucenia","status":"publish","type":"page","link":"https:\/\/www.nemesysunit.com\/sk\/zasady-dopravy-a-dorucenia\/","title":{"rendered":"Z\u00e1sady dopravy a doru\u010denia"},"content":{"rendered":"<section class=\"bde-section-2798-100 bde-section\">\n  \n  \n\t\n\n\n\n<div class=\"section-container\"><h2 class=\"bde-heading-2798-101 bde-heading\">\nDoprava a doru\u010denie\n<\/h2><div class=\"bde-rich-text-2798-102 bde-rich-text breakdance-rich-text-styles\">\n<p>D\u00e1tum \u00fa\u010dinnosti: 01. 01. 2026<\/p><ol><li>\u00dazemn\u00fd rozsah a cena dopravy<\/li><\/ol><p>Dostupn\u00e9 krajiny doru\u010denia a cena dopravy s\u00fa uveden\u00e9 v pokladni.<\/p><ol start=\"2\"><li>\u010casy spracovania a doru\u010denia<\/li><\/ol><p>Uveden\u00e9 \u010dasy s\u00fa orienta\u010dn\u00e9 a m\u00f4\u017eu sa l\u00ed\u0161i\u0165 pod\u013ea dopravcu a cie\u013eovej krajiny.<\/p><ol start=\"3\"><li>Clo a poplatky<\/li><\/ol><p>Pri doru\u010den\u00ed mimo E\u00da m\u00f4\u017eu vznikn\u00fa\u0165 coln\u00e9 a da\u0148ov\u00e9 povinnosti, ktor\u00e9 hrad\u00ed pr\u00edjemca.<\/p><ol start=\"4\"><li>Digit\u00e1lne doru\u010denie<\/li><\/ol><p>Digit\u00e1lne produkty doru\u010dujeme linkom\/e-mailom. Skontrolujte aj prie\u010dinok spam.<\/p>\n<\/div><\/div>\n<\/section>","protected":false},"excerpt":{"rendered":"<p>Doprava a doru\u010denie D\u00e1tum \u00fa\u010dinnosti: 01. 01. 2026\u00dazemn\u00fd rozsah a cena dopravyDostupn\u00e9 krajiny doru\u010denia a cena dopravy s\u00fa uveden\u00e9 v pokladni.\u010casy spracovania a doru\u010deniaUveden\u00e9 \u010dasy s\u00fa orienta\u010dn\u00e9 a m\u00f4\u017eu sa l\u00ed\u0161i\u0165 pod\u013ea dopravcu a cie\u013eovej krajiny.Clo a poplatkyPri doru\u010den\u00ed mimo E\u00da m\u00f4\u017eu vznikn\u00fa\u0165 coln\u00e9 a da\u0148ov\u00e9 povinnosti, ktor\u00e9 hrad\u00ed pr\u00edjemca.Digit\u00e1lne doru\u010denieDigit\u00e1lne produkty doru\u010dujeme linkom\/e-mailom. Skontrolujte [&hellip;]<\/p>\n","protected":false},"author":1,"featured_media":0,"parent":0,"menu_order":0,"comment_status":"closed","ping_status":"closed","template":"","meta":{"_breakdance_hide_in_design_set":false,"_breakdance_tags":"","footnotes":""},"page_group":[56],"class_list":["post-2798","page","type-page","status-publish","hentry","page_group-legal"],"_links":{"self":[{"href":"https:\/\/www.nemesysunit.com\/sk\/wp-json\/wp\/v2\/pages\/2798","targetHints":{"allow":["GET"]}}],"collection":[{"href":"https:\/\/www.nemesysunit.com\/sk\/wp-json\/wp\/v2\/pages"}],"about":[{"href":"https:\/\/www.nemesysunit.com\/sk\/wp-json\/wp\/v2\/types\/page"}],"author":[{"embeddable":true,"href":"https:\/\/www.nemesysunit.com\/sk\/wp-json\/wp\/v2\/users\/1"}],"replies":[{"embeddable":true,"href":"https:\/\/www.nemesysunit.com\/sk\/wp-json\/wp\/v2\/comments?post=2798"}],"version-history":[{"count":2,"href":"https:\/\/www.nemesysunit.com\/sk\/wp-json\/wp\/v2\/pages\/2798\/revisions"}],"predecessor-version":[{"id":2812,"href":"https:\/\/www.nemesysunit.com\/sk\/wp-json\/wp\/v2\/pages\/2798\/revisions\/2812"}],"wp:attachment":[{"href":"https:\/\/www.nemesysunit.com\/sk\/wp-json\/wp\/v2\/media?parent=2798"}],"wp:term":[{"taxonomy":"page_group","embeddable":true,"href":"https:\/\/www.nemesysunit.com\/sk\/wp-json\/wp\/v2\/page_group?post=2798"}],"curies":[{"name":"wp","href":"https:\/\/api.w.org\/{rel}","templated":true}]}}