{"id":2788,"date":"2026-03-02T10:43:09","date_gmt":"2026-03-02T09:43:09","guid":{"rendered":"https:\/\/www.nemesysunit.com\/zasady-vratenia-penazi-a-tovaru\/"},"modified":"2026-03-02T19:51:05","modified_gmt":"2026-03-02T18:51:05","slug":"zasady-vratenia-penazi-a-tovaru","status":"publish","type":"page","link":"https:\/\/www.nemesysunit.com\/sk\/zasady-vratenia-penazi-a-tovaru\/","title":{"rendered":"Z\u00e1sady vr\u00e1tenia pe\u0148az\u00ed a tovaru"},"content":{"rendered":"<section class=\"bde-section-2788-100 bde-section\">\n  \n  \n\t\n\n\n\n<div class=\"section-container\"><h2 class=\"bde-heading-2788-101 bde-heading\">\nReklama\u010dn\u00fd poriadok \/ Vr\u00e1tenie tovaru\n<\/h2><div class=\"bde-rich-text-2788-102 bde-rich-text breakdance-rich-text-styles\">\n<p>D\u00e1tum \u00fa\u010dinnosti: 01. 01. 2026<\/p><ol><li>Fyzick\u00fd tovar<\/li><\/ol><p>Spotrebite\u013e m\u00f4\u017ee odst\u00fapi\u0165 do 14 dn\u00ed od prevzatia. Tovar vr\u00e1\u0165te nepou\u017eit\u00fd a v p\u00f4vodnom stave. N\u00e1klady na vr\u00e1tenie zn\u00e1\u0161a z\u00e1kazn\u00edk, ak nejde o vadu alebo nespr\u00e1vnu dod\u00e1vku.<\/p><ol start=\"2\"><li>Digit\u00e1lny obsah<\/li><\/ol><p>Digit\u00e1lny obsah je dodan\u00fd bezodkladne po \u00fahrade. N\u00e1kupom s\u00fahlas\u00edte s okam\u017eit\u00fdm dodan\u00edm a beriete na vedomie, \u017ee po spr\u00edstupnen\u00ed m\u00f4\u017ee zanikn\u00fa\u0165 pr\u00e1vo na odst\u00fapenie. Pri technick\u00fdch probl\u00e9moch zabezpe\u010d\u00edme n\u00e1hradn\u00e9 dodanie alebo podporu.<\/p><ol start=\"3\"><li>Units<\/li><\/ol><p>Units sa riadia Zmluvou o p\u00f4\u017ei\u010dke. Pred vydan\u00edm m\u00f4\u017ee by\u0165 zru\u0161enie mo\u017en\u00e9, ak e\u0161te neprebehlo vydanie. Po vydan\u00ed a\/alebo \u00fa\u010dinnosti sa vr\u00e1tenie spravidla neposkytuje, ak kogentn\u00e9 pr\u00e1vo neustanovuje inak.<\/p><ol start=\"4\"><li>Ako postupova\u0165<\/li><\/ol><p>Nap\u00ed\u0161te na info@nemesysunit.com a uve\u010fte \u010d\u00edslo objedn\u00e1vky, polo\u017eky, d\u00f4vod a fotky pri po\u0161koden\u00ed.<\/p>\n<\/div><\/div>\n<\/section>","protected":false},"excerpt":{"rendered":"<p>Reklama\u010dn\u00fd poriadok \/ Vr\u00e1tenie tovaru D\u00e1tum \u00fa\u010dinnosti: 01. 01. 2026Fyzick\u00fd tovarSpotrebite\u013e m\u00f4\u017ee odst\u00fapi\u0165 do 14 dn\u00ed od prevzatia. Tovar vr\u00e1\u0165te nepou\u017eit\u00fd a v p\u00f4vodnom stave. N\u00e1klady na vr\u00e1tenie zn\u00e1\u0161a z\u00e1kazn\u00edk, ak nejde o vadu alebo nespr\u00e1vnu dod\u00e1vku.Digit\u00e1lny obsahDigit\u00e1lny obsah je dodan\u00fd bezodkladne po \u00fahrade. N\u00e1kupom s\u00fahlas\u00edte s okam\u017eit\u00fdm dodan\u00edm a beriete na vedomie, \u017ee po [&hellip;]<\/p>\n","protected":false},"author":1,"featured_media":0,"parent":0,"menu_order":0,"comment_status":"closed","ping_status":"closed","template":"","meta":{"_breakdance_hide_in_design_set":false,"_breakdance_tags":"","footnotes":""},"page_group":[56],"class_list":["post-2788","page","type-page","status-publish","hentry","page_group-legal"],"_links":{"self":[{"href":"https:\/\/www.nemesysunit.com\/sk\/wp-json\/wp\/v2\/pages\/2788","targetHints":{"allow":["GET"]}}],"collection":[{"href":"https:\/\/www.nemesysunit.com\/sk\/wp-json\/wp\/v2\/pages"}],"about":[{"href":"https:\/\/www.nemesysunit.com\/sk\/wp-json\/wp\/v2\/types\/page"}],"author":[{"embeddable":true,"href":"https:\/\/www.nemesysunit.com\/sk\/wp-json\/wp\/v2\/users\/1"}],"replies":[{"embeddable":true,"href":"https:\/\/www.nemesysunit.com\/sk\/wp-json\/wp\/v2\/comments?post=2788"}],"version-history":[{"count":3,"href":"https:\/\/www.nemesysunit.com\/sk\/wp-json\/wp\/v2\/pages\/2788\/revisions"}],"predecessor-version":[{"id":2814,"href":"https:\/\/www.nemesysunit.com\/sk\/wp-json\/wp\/v2\/pages\/2788\/revisions\/2814"}],"wp:attachment":[{"href":"https:\/\/www.nemesysunit.com\/sk\/wp-json\/wp\/v2\/media?parent=2788"}],"wp:term":[{"taxonomy":"page_group","embeddable":true,"href":"https:\/\/www.nemesysunit.com\/sk\/wp-json\/wp\/v2\/page_group?post=2788"}],"curies":[{"name":"wp","href":"https:\/\/api.w.org\/{rel}","templated":true}]}}