{"id":2765,"date":"2026-03-02T19:18:56","date_gmt":"2026-03-02T18:18:56","guid":{"rendered":"https:\/\/www.nemesysunit.com\/?page_id=2765"},"modified":"2026-03-02T19:44:07","modified_gmt":"2026-03-02T18:44:07","slug":"podmienky-pouzivania-webovej-stranky","status":"publish","type":"page","link":"https:\/\/www.nemesysunit.com\/sk\/podmienky-pouzivania-webovej-stranky\/","title":{"rendered":"Podmienky pou\u017e\u00edvania webovej str\u00e1nky"},"content":{"rendered":"<section class=\"bde-section-2765-100 bde-section\">\n  \n  \n\t\n\n\n\n<div class=\"section-container\"><h2 class=\"bde-heading-2765-101 bde-heading\">\nPodmienky pou\u017e\u00edvania webu\n<\/h2><div class=\"bde-rich-text-2765-102 bde-rich-text breakdance-rich-text-styles\">\n<p>D\u00e1tum \u00fa\u010dinnosti: 01. 01. 2026<\/p><p>Tieto podmienky upravuj\u00fa pou\u017e\u00edvanie webovej str\u00e1nky nemesysunit.com a jej obsahu a funkci\u00ed.<\/p><ol><li>Sp\u00f4sobilos\u0165<\/li><\/ol><p>Na vytvorenie \u00fa\u010dtu alebo n\u00e1kup mus\u00edte ma\u0165 aspo\u0148 18 rokov.<\/p><ol start=\"2\"><li>U\u017e\u00edvate\u013esk\u00fd \u00fa\u010det<\/li><\/ol><p>Za bezpe\u010dnos\u0165 prihlasovac\u00edch \u00fadajov zodpoved\u00e1 pou\u017e\u00edvate\u013e.<\/p><p>\u00dadaje musia by\u0165 pravdiv\u00e9 a aktu\u00e1lne.<\/p><p>Pri podozren\u00ed na zneu\u017eitie, podvod alebo bezpe\u010dnostn\u00e9 riziko m\u00f4\u017eeme \u00fa\u010det do\u010dasne obmedzi\u0165 alebo zru\u0161i\u0165.<\/p><ol start=\"3\"><li>Du\u0161evn\u00e9 vlastn\u00edctvo<\/li><\/ol><p>Obsah webu (texty, grafika, log\u00e1, rozlo\u017eenie) je chr\u00e1nen\u00fd pr\u00e1vami du\u0161evn\u00e9ho vlastn\u00edctva. Kop\u00edrovanie alebo \u0161\u00edrenie bez s\u00fahlasu nie je povolen\u00e9, pokia\u013e to neumo\u017e\u0148uje z\u00e1kon.<\/p><ol start=\"4\"><li>Zak\u00e1zan\u00e9 pou\u017e\u00edvanie<\/li><\/ol><p>Neopr\u00e1vnen\u00fd pr\u00edstup, z\u00e1sahy do webu, \u0161\u00edrenie \u0161kodliv\u00e9ho k\u00f3du s\u00fa zak\u00e1zan\u00e9.<\/p><p>Web nesmie by\u0165 pou\u017e\u00edvan\u00fd na nez\u00e1konn\u00e9 \u00fa\u010dely.<\/p><p>Automatizovan\u00e9 zbieranie d\u00e1t (scraping) bez s\u00fahlasu nie je povolen\u00e9.<\/p><ol start=\"5\"><li>Dostupnos\u0165<\/li><\/ol><p>Web m\u00f4\u017eeme kedyko\u013evek upravi\u0165, do\u010dasne pozastavi\u0165 alebo vypn\u00fa\u0165. Neposkytujeme z\u00e1ruku nepretr\u017eitej dostupnosti.<\/p><ol start=\"6\"><li>Zodpovednos\u0165<\/li><\/ol><p>V rozsahu dovolenom z\u00e1konom nenesieme zodpovednos\u0165 za nepriame alebo n\u00e1sledn\u00e9 \u0161kody (napr. u\u0161l\u00fd zisk, strata d\u00e1t). Zodpovednos\u0165, ktor\u00fa nemo\u017eno vyl\u00fa\u010di\u0165 pod\u013ea kogentn\u00e9ho pr\u00e1va, t\u00fdm nie je dotknut\u00e1.<\/p><ol start=\"7\"><li>Rozhodn\u00e9 pr\u00e1vo<\/li><\/ol><p>Podmienky sa riadia pr\u00e1vom Slovenskej republiky. Z\u00e1v\u00e4zn\u00e9 ustanovenia na ochranu spotrebite\u013ea v E\u00da t\u00fdm nie s\u00fa dotknut\u00e9.<\/p><ol start=\"8\"><li>Kontakt<\/li><\/ol><p>Kontakt: info@nemesysunit.com | +421 950 845 277<\/p>\n<\/div><\/div>\n<\/section>","protected":false},"excerpt":{"rendered":"<p>Podmienky pou\u017e\u00edvania webu D\u00e1tum \u00fa\u010dinnosti: 01. 01. 2026Tieto podmienky upravuj\u00fa pou\u017e\u00edvanie webovej str\u00e1nky nemesysunit.com a jej obsahu a funkci\u00ed.Sp\u00f4sobilos\u0165Na vytvorenie \u00fa\u010dtu alebo n\u00e1kup mus\u00edte ma\u0165 aspo\u0148 18 rokov.U\u017e\u00edvate\u013esk\u00fd \u00fa\u010detZa bezpe\u010dnos\u0165 prihlasovac\u00edch \u00fadajov zodpoved\u00e1 pou\u017e\u00edvate\u013e.\u00dadaje musia by\u0165 pravdiv\u00e9 a aktu\u00e1lne.Pri podozren\u00ed na zneu\u017eitie, podvod alebo bezpe\u010dnostn\u00e9 riziko m\u00f4\u017eeme \u00fa\u010det do\u010dasne obmedzi\u0165 alebo zru\u0161i\u0165.Du\u0161evn\u00e9 vlastn\u00edctvoObsah webu (texty, [&hellip;]<\/p>\n","protected":false},"author":1,"featured_media":0,"parent":0,"menu_order":0,"comment_status":"closed","ping_status":"closed","template":"","meta":{"_breakdance_hide_in_design_set":false,"_breakdance_tags":"","footnotes":""},"page_group":[56],"class_list":["post-2765","page","type-page","status-publish","hentry","page_group-legal"],"_links":{"self":[{"href":"https:\/\/www.nemesysunit.com\/sk\/wp-json\/wp\/v2\/pages\/2765","targetHints":{"allow":["GET"]}}],"collection":[{"href":"https:\/\/www.nemesysunit.com\/sk\/wp-json\/wp\/v2\/pages"}],"about":[{"href":"https:\/\/www.nemesysunit.com\/sk\/wp-json\/wp\/v2\/types\/page"}],"author":[{"embeddable":true,"href":"https:\/\/www.nemesysunit.com\/sk\/wp-json\/wp\/v2\/users\/1"}],"replies":[{"embeddable":true,"href":"https:\/\/www.nemesysunit.com\/sk\/wp-json\/wp\/v2\/comments?post=2765"}],"version-history":[{"count":3,"href":"https:\/\/www.nemesysunit.com\/sk\/wp-json\/wp\/v2\/pages\/2765\/revisions"}],"predecessor-version":[{"id":2810,"href":"https:\/\/www.nemesysunit.com\/sk\/wp-json\/wp\/v2\/pages\/2765\/revisions\/2810"}],"wp:attachment":[{"href":"https:\/\/www.nemesysunit.com\/sk\/wp-json\/wp\/v2\/media?parent=2765"}],"wp:term":[{"taxonomy":"page_group","embeddable":true,"href":"https:\/\/www.nemesysunit.com\/sk\/wp-json\/wp\/v2\/page_group?post=2765"}],"curies":[{"name":"wp","href":"https:\/\/api.w.org\/{rel}","templated":true}]}}