{"id":2764,"date":"2026-03-02T11:04:16","date_gmt":"2026-03-02T10:04:16","guid":{"rendered":"https:\/\/www.nemesysunit.com\/pravne-informacie-impresum\/"},"modified":"2026-03-02T19:58:53","modified_gmt":"2026-03-02T18:58:53","slug":"pravne-informacie-impresum","status":"publish","type":"page","link":"https:\/\/www.nemesysunit.com\/sk\/pravne-informacie-impresum\/","title":{"rendered":"Pr\u00e1vne inform\u00e1cie (Impresum)"},"content":{"rendered":"<section class=\"bde-section-2764-100 bde-section\">\n  \n  \n\t\n\n\n\n<div class=\"section-container\"><h2 class=\"bde-heading-2764-101 bde-heading\">\nImpressum \/ Identifika\u010dn\u00e9 \u00fadaje\n<\/h2><div class=\"bde-rich-text-2764-102 bde-rich-text breakdance-rich-text-styles\">\n<p>Spolo\u010dnos\u0165: Nemesys, s.r.o.<\/p><p>S\u00eddlo: Pod lipami 2561\/6, 942 01 \u0160urany, Slovakia<\/p><p>I\u010cO: 55 392 474<\/p><p>DI\u010c: 2121972325<\/p><p>I\u010c DPH: Spolo\u010dnos\u0165 nie je platcom DPH.<\/p><p>Obchodn\u00fd register: Commercial Register of the District Court Nitra, oddiel: Sro, vlo\u017eka \u010d.: 60136\/N<\/p><p>E-mail: info@nemesysunit.com<\/p><p>Tel.: +421 950 845 277<\/p><p>Platby prevodom (ak s\u00fa pon\u00fakan\u00e9):<\/p><p>IBAN: SK78 5600 0000 0003 1391 6001<\/p><p>BIC\/SWIFT: KOMASK2X<\/p><p>Banka: Prima banka Slovensko, a.s.<\/p><p>Web: nemesysunit.com<\/p>\n<\/div><\/div>\n<\/section>","protected":false},"excerpt":{"rendered":"<p>Impressum \/ Identifika\u010dn\u00e9 \u00fadaje Spolo\u010dnos\u0165: Nemesys, s.r.o.S\u00eddlo: Pod lipami 2561\/6, 942 01 \u0160urany, SlovakiaI\u010cO: 55 392 474DI\u010c: 2121972325I\u010c DPH: Spolo\u010dnos\u0165 nie je platcom DPH.Obchodn\u00fd register: Commercial Register of the District Court Nitra, oddiel: Sro, vlo\u017eka \u010d.: 60136\/NE-mail: info@nemesysunit.comTel.: +421 950 845 277Platby prevodom (ak s\u00fa pon\u00fakan\u00e9):IBAN: SK78 5600 0000 0003 1391 6001BIC\/SWIFT: KOMASK2XBanka: Prima banka [&hellip;]<\/p>\n","protected":false},"author":1,"featured_media":0,"parent":0,"menu_order":0,"comment_status":"closed","ping_status":"closed","template":"","meta":{"_breakdance_hide_in_design_set":false,"_breakdance_tags":"","footnotes":""},"page_group":[56],"class_list":["post-2764","page","type-page","status-publish","hentry","page_group-legal"],"_links":{"self":[{"href":"https:\/\/www.nemesysunit.com\/sk\/wp-json\/wp\/v2\/pages\/2764","targetHints":{"allow":["GET"]}}],"collection":[{"href":"https:\/\/www.nemesysunit.com\/sk\/wp-json\/wp\/v2\/pages"}],"about":[{"href":"https:\/\/www.nemesysunit.com\/sk\/wp-json\/wp\/v2\/types\/page"}],"author":[{"embeddable":true,"href":"https:\/\/www.nemesysunit.com\/sk\/wp-json\/wp\/v2\/users\/1"}],"replies":[{"embeddable":true,"href":"https:\/\/www.nemesysunit.com\/sk\/wp-json\/wp\/v2\/comments?post=2764"}],"version-history":[{"count":3,"href":"https:\/\/www.nemesysunit.com\/sk\/wp-json\/wp\/v2\/pages\/2764\/revisions"}],"predecessor-version":[{"id":2818,"href":"https:\/\/www.nemesysunit.com\/sk\/wp-json\/wp\/v2\/pages\/2764\/revisions\/2818"}],"wp:attachment":[{"href":"https:\/\/www.nemesysunit.com\/sk\/wp-json\/wp\/v2\/media?parent=2764"}],"wp:term":[{"taxonomy":"page_group","embeddable":true,"href":"https:\/\/www.nemesysunit.com\/sk\/wp-json\/wp\/v2\/page_group?post=2764"}],"curies":[{"name":"wp","href":"https:\/\/api.w.org\/{rel}","templated":true}]}}