{"id":2756,"date":"2026-02-19T16:54:45","date_gmt":"2026-02-19T15:54:45","guid":{"rendered":"https:\/\/www.nemesysunit.com\/zasady-ochrany-osobnych-udajov\/"},"modified":"2026-03-02T19:48:46","modified_gmt":"2026-03-02T18:48:46","slug":"zasady-ochrany-osobnych-udajov","status":"publish","type":"page","link":"https:\/\/www.nemesysunit.com\/sk\/zasady-ochrany-osobnych-udajov\/","title":{"rendered":"Z\u00e1sady ochrany osobn\u00fdch \u00fadajov"},"content":{"rendered":"<section class=\"bde-section-2756-100 bde-section\">\n  \n  \n\t\n\n\n\n<div class=\"section-container\"><h2 class=\"bde-heading-2756-101 bde-heading\">\nZ\u00e1sady ochrany osobn\u00fdch \u00fadajov (GDPR)\n<\/h2><div class=\"bde-rich-text-2756-102 bde-rich-text breakdance-rich-text-styles\">\n<p>D\u00e1tum \u00fa\u010dinnosti: 01. 01. 2026<\/p><ol><li>Prev\u00e1dzkovate\u013e<\/li><\/ol><p>Nemesys, s.r.o., Pod lipami 2561\/6, 942 01 \u0160urany, Slovakia<\/p><p>Kontakt: info@nemesysunit.com | +421 950 845 277<\/p><ol start=\"2\"><li>Ak\u00e9 \u00fadaje sprac\u00favame<\/li><\/ol><p>\u00da\u010det: meno, e-mail, prihlasovacie \u00fadaje (heslo len ako hash).<\/p><p>Objedn\u00e1vky: zak\u00fapen\u00e9 polo\u017eky, faktura\u010dn\u00e1\/doru\u010dovacia adresa, sumy, fakt\u00fary.<\/p><p>Platby: stav platby a referencie transakci\u00ed (neuklad\u00e1me cel\u00e9 \u00fadaje o karte).<\/p><p>Technick\u00e9 \u00fadaje: IP adresa, \u00fadaje o zariaden\u00ed\/prehliada\u010di, cookies.<\/p><p>Komunik\u00e1cia: spr\u00e1vy a e-maily.<\/p><ol start=\"3\"><li>\u00da\u010dely a pr\u00e1vne z\u00e1klady<\/li><\/ol><p>Spracovanie objedn\u00e1vok a spr\u00e1va \u00fa\u010dtu (plnenie zmluvy).<\/p><p>Platby, prevencia podvodov a bezpe\u010dnos\u0165 (opr\u00e1vnen\u00fd z\u00e1ujem \/ zmluva).<\/p><p>\u00da\u010dtovn\u00edctvo a da\u0148ov\u00e9 povinnosti (z\u00e1konn\u00e1 povinnos\u0165).<\/p><p>Z\u00e1kazn\u00edcka podpora (opr\u00e1vnen\u00fd z\u00e1ujem).<\/p><p>Marketing, ak je uplatnen\u00fd (s\u00fahlas).<\/p><ol start=\"4\"><li>Pr\u00edjemcovia \/ sprostredkovatelia<\/li><\/ol><p>\u00dadaje m\u00f4\u017eu by\u0165 spr\u00edstupnen\u00e9 poskytovate\u013eom slu\u017eieb potrebn\u00fdm na prev\u00e1dzku webu a doru\u010denie objedn\u00e1vok (hosting, e-mail, platby, doprava). T\u00edto sprac\u00favaj\u00fa \u00fadaje iba na z\u00e1klade na\u0161ich pokynov a zml\u00fav.<\/p><ol start=\"5\"><li>Doba uchov\u00e1vania<\/li><\/ol><p>Faktura\u010dn\u00e9 a \u00fa\u010dtovn\u00e9 \u00fadaje uchov\u00e1vame po dobu vy\u017eadovan\u00fa \u00fa\u010dtovn\u00fdmi predpismi. Ostatn\u00e9 \u00fadaje len po nevyhnutn\u00fa dobu.<\/p><ol start=\"6\"><li>Va\u0161e pr\u00e1va<\/li><\/ol><p>Pr\u00edstup, oprava, vymazanie (ak je uplatnite\u013en\u00e9).<\/p><p>Obmedzenie a n\u00e1mietka (ak je uplatnite\u013en\u00e9).<\/p><p>Prenosite\u013enos\u0165 (ak je uplatnite\u013en\u00e9).<\/p><p>Odvolanie s\u00fahlasu kedyko\u013evek.<\/p><ol start=\"7\"><li>S\u0165a\u017enos\u0165<\/li><\/ol><p>S\u0165a\u017enos\u0165 m\u00f4\u017eete poda\u0165 na \u00darad na ochranu osobn\u00fdch \u00fadajov SR.<\/p>\n<\/div><\/div>\n<\/section>","protected":false},"excerpt":{"rendered":"<p>Z\u00e1sady ochrany osobn\u00fdch \u00fadajov (GDPR) D\u00e1tum \u00fa\u010dinnosti: 01. 01. 2026Prev\u00e1dzkovate\u013eNemesys, s.r.o., Pod lipami 2561\/6, 942 01 \u0160urany, SlovakiaKontakt: info@nemesysunit.com | +421 950 845 277Ak\u00e9 \u00fadaje sprac\u00favame\u00da\u010det: meno, e-mail, prihlasovacie \u00fadaje (heslo len ako hash).Objedn\u00e1vky: zak\u00fapen\u00e9 polo\u017eky, faktura\u010dn\u00e1\/doru\u010dovacia adresa, sumy, fakt\u00fary.Platby: stav platby a referencie transakci\u00ed (neuklad\u00e1me cel\u00e9 \u00fadaje o karte).Technick\u00e9 \u00fadaje: IP adresa, \u00fadaje o [&hellip;]<\/p>\n","protected":false},"author":1,"featured_media":0,"parent":0,"menu_order":0,"comment_status":"closed","ping_status":"open","template":"","meta":{"_breakdance_hide_in_design_set":false,"_breakdance_tags":"","footnotes":""},"page_group":[56],"class_list":["post-2756","page","type-page","status-publish","hentry","page_group-legal"],"_links":{"self":[{"href":"https:\/\/www.nemesysunit.com\/sk\/wp-json\/wp\/v2\/pages\/2756","targetHints":{"allow":["GET"]}}],"collection":[{"href":"https:\/\/www.nemesysunit.com\/sk\/wp-json\/wp\/v2\/pages"}],"about":[{"href":"https:\/\/www.nemesysunit.com\/sk\/wp-json\/wp\/v2\/types\/page"}],"author":[{"embeddable":true,"href":"https:\/\/www.nemesysunit.com\/sk\/wp-json\/wp\/v2\/users\/1"}],"replies":[{"embeddable":true,"href":"https:\/\/www.nemesysunit.com\/sk\/wp-json\/wp\/v2\/comments?post=2756"}],"version-history":[{"count":2,"href":"https:\/\/www.nemesysunit.com\/sk\/wp-json\/wp\/v2\/pages\/2756\/revisions"}],"predecessor-version":[{"id":2813,"href":"https:\/\/www.nemesysunit.com\/sk\/wp-json\/wp\/v2\/pages\/2756\/revisions\/2813"}],"wp:attachment":[{"href":"https:\/\/www.nemesysunit.com\/sk\/wp-json\/wp\/v2\/media?parent=2756"}],"wp:term":[{"taxonomy":"page_group","embeddable":true,"href":"https:\/\/www.nemesysunit.com\/sk\/wp-json\/wp\/v2\/page_group?post=2756"}],"curies":[{"name":"wp","href":"https:\/\/api.w.org\/{rel}","templated":true}]}}