{"id":2750,"date":"2026-03-02T11:17:56","date_gmt":"2026-03-02T10:17:56","guid":{"rendered":"https:\/\/www.nemesysunit.com\/kyc-aml-a-sankcie-jednotky\/"},"modified":"2026-03-02T19:53:25","modified_gmt":"2026-03-02T18:53:25","slug":"kyc-aml-a-sankcie-jednotky","status":"publish","type":"page","link":"https:\/\/www.nemesysunit.com\/sk\/kyc-aml-a-sankcie-jednotky\/","title":{"rendered":"KYC\/AML a sankcie (jednotky)"},"content":{"rendered":"<section class=\"bde-section-2750-102 bde-section\">\n  \n  \n\t\n\n\n\n<div class=\"section-container\"><h2 class=\"bde-heading-2750-103 bde-heading\">\nKYC\/AML a sankcie (Units)\n<\/h2><div class=\"bde-rich-text-2750-104 bde-rich-text breakdance-rich-text-styles\">\n<p>D\u00e1tum \u00fa\u010dinnosti: 01. 01. 2026<\/p><p>Z d\u00f4vodu riadenia rizika m\u00f4\u017eeme pri Units vy\u017eadova\u0165 overenie identity a preverenie vo\u010di sank\u010dn\u00fdm zoznamom. Pri nesplnen\u00ed po\u017eiadaviek m\u00f4\u017eeme objedn\u00e1vku odmietnu\u0165 alebo zru\u0161i\u0165.<\/p>\n<\/div><\/div>\n<\/section>","protected":false},"excerpt":{"rendered":"<p>KYC\/AML a sankcie (Units) D\u00e1tum \u00fa\u010dinnosti: 01. 01. 2026Z d\u00f4vodu riadenia rizika m\u00f4\u017eeme pri Units vy\u017eadova\u0165 overenie identity a preverenie vo\u010di sank\u010dn\u00fdm zoznamom. Pri nesplnen\u00ed po\u017eiadaviek m\u00f4\u017eeme objedn\u00e1vku odmietnu\u0165 alebo zru\u0161i\u0165.<\/p>\n","protected":false},"author":1,"featured_media":0,"parent":0,"menu_order":0,"comment_status":"closed","ping_status":"closed","template":"","meta":{"_breakdance_hide_in_design_set":false,"_breakdance_tags":"","footnotes":""},"page_group":[56],"class_list":["post-2750","page","type-page","status-publish","hentry","page_group-legal"],"_links":{"self":[{"href":"https:\/\/www.nemesysunit.com\/sk\/wp-json\/wp\/v2\/pages\/2750","targetHints":{"allow":["GET"]}}],"collection":[{"href":"https:\/\/www.nemesysunit.com\/sk\/wp-json\/wp\/v2\/pages"}],"about":[{"href":"https:\/\/www.nemesysunit.com\/sk\/wp-json\/wp\/v2\/types\/page"}],"author":[{"embeddable":true,"href":"https:\/\/www.nemesysunit.com\/sk\/wp-json\/wp\/v2\/users\/1"}],"replies":[{"embeddable":true,"href":"https:\/\/www.nemesysunit.com\/sk\/wp-json\/wp\/v2\/comments?post=2750"}],"version-history":[{"count":3,"href":"https:\/\/www.nemesysunit.com\/sk\/wp-json\/wp\/v2\/pages\/2750\/revisions"}],"predecessor-version":[{"id":2816,"href":"https:\/\/www.nemesysunit.com\/sk\/wp-json\/wp\/v2\/pages\/2750\/revisions\/2816"}],"wp:attachment":[{"href":"https:\/\/www.nemesysunit.com\/sk\/wp-json\/wp\/v2\/media?parent=2750"}],"wp:term":[{"taxonomy":"page_group","embeddable":true,"href":"https:\/\/www.nemesysunit.com\/sk\/wp-json\/wp\/v2\/page_group?post=2750"}],"curies":[{"name":"wp","href":"https:\/\/api.w.org\/{rel}","templated":true}]}}