{"id":2747,"date":"2026-02-19T19:46:00","date_gmt":"2026-02-19T18:46:00","guid":{"rendered":"https:\/\/www.nemesysunit.com\/vylucenie-zodpovednosti\/"},"modified":"2026-03-02T20:02:57","modified_gmt":"2026-03-02T19:02:57","slug":"vylucenie-zodpovednosti","status":"publish","type":"page","link":"https:\/\/www.nemesysunit.com\/sk\/vylucenie-zodpovednosti\/","title":{"rendered":"Vyl\u00fa\u010denie zodpovednosti"},"content":{"rendered":"<section class=\"bde-section-2747-100 bde-section\">\n  \n  \n\t\n\n\n\n<div class=\"section-container\"><h2 class=\"bde-heading-2747-101 bde-heading\">\nUpozornenie a rizik\u00e1 (Units)\n<\/h2><div class=\"bde-rich-text-2747-102 bde-rich-text breakdance-rich-text-styles\">\n<p>D\u00e1tum \u00fa\u010dinnosti: 01. 01. 2026<\/p><ol><li>Bez poradenstva<\/li><\/ol><p>Inform\u00e1cie na webovej str\u00e1nke maj\u00fa informat\u00edvny charakter a nepredstavuj\u00fa pr\u00e1vne, da\u0148ov\u00e9, finan\u010dn\u00e9 ani investi\u010dn\u00e9 poradenstvo.<\/p><ol start=\"2\"><li>Units nie s\u00fa bankov\u00fd vklad<\/li><\/ol><p>Units nie s\u00fa bankov\u00fdm vkladom a nie s\u00fa kryt\u00e9 syst\u00e9mom ochrany vkladov.<\/p><ol start=\"3\"><li>Hlavn\u00e9 rizik\u00e1<\/li><\/ol><p>Riziko \u010diasto\u010dnej alebo \u00faplnej straty vlo\u017een\u00fdch prostriedkov.<\/p><p>Riziko v\u00fdkonnosti: v\u00fdsledky spolo\u010dnosti sa m\u00f4\u017eu l\u00ed\u0161i\u0165 od o\u010dak\u00e1van\u00ed.<\/p><p>Riziko likvidity: Units m\u00f4\u017eu by\u0165 nelikvidn\u00e9 a nie v\u017edy prevodite\u013en\u00e9.<\/p><p>Regula\u010dn\u00e9 riziko: dostupnos\u0165 m\u00f4\u017ee by\u0165 obmedzen\u00e1 pod\u013ea jurisdikcie.<\/p><ol start=\"4\"><li>Rozhoduje zmluva<\/li><\/ol><p>Pri Units rozhoduje Zmluva o p\u00f4\u017ei\u010dke. V pr\u00edpade rozporu m\u00e1 prednos\u0165 zmluva. Odpor\u00fa\u010dame pre\u010d\u00edta\u0165 si ju a v pr\u00edpade potreby konzultova\u0165 nez\u00e1visl\u00e9ho odborn\u00edka.<\/p>\n<\/div><\/div>\n<\/section>","protected":false},"excerpt":{"rendered":"<p>Upozornenie a rizik\u00e1 (Units) D\u00e1tum \u00fa\u010dinnosti: 01. 01. 2026Bez poradenstvaInform\u00e1cie na webovej str\u00e1nke maj\u00fa informat\u00edvny charakter a nepredstavuj\u00fa pr\u00e1vne, da\u0148ov\u00e9, finan\u010dn\u00e9 ani investi\u010dn\u00e9 poradenstvo.Units nie s\u00fa bankov\u00fd vkladUnits nie s\u00fa bankov\u00fdm vkladom a nie s\u00fa kryt\u00e9 syst\u00e9mom ochrany vkladov.Hlavn\u00e9 rizik\u00e1Riziko \u010diasto\u010dnej alebo \u00faplnej straty vlo\u017een\u00fdch prostriedkov.Riziko v\u00fdkonnosti: v\u00fdsledky spolo\u010dnosti sa m\u00f4\u017eu l\u00ed\u0161i\u0165 od o\u010dak\u00e1van\u00ed.Riziko likvidity: [&hellip;]<\/p>\n","protected":false},"author":1,"featured_media":0,"parent":0,"menu_order":0,"comment_status":"closed","ping_status":"closed","template":"","meta":{"_breakdance_hide_in_design_set":false,"_breakdance_tags":"","footnotes":""},"page_group":[56],"class_list":["post-2747","page","type-page","status-publish","hentry","page_group-legal"],"_links":{"self":[{"href":"https:\/\/www.nemesysunit.com\/sk\/wp-json\/wp\/v2\/pages\/2747","targetHints":{"allow":["GET"]}}],"collection":[{"href":"https:\/\/www.nemesysunit.com\/sk\/wp-json\/wp\/v2\/pages"}],"about":[{"href":"https:\/\/www.nemesysunit.com\/sk\/wp-json\/wp\/v2\/types\/page"}],"author":[{"embeddable":true,"href":"https:\/\/www.nemesysunit.com\/sk\/wp-json\/wp\/v2\/users\/1"}],"replies":[{"embeddable":true,"href":"https:\/\/www.nemesysunit.com\/sk\/wp-json\/wp\/v2\/comments?post=2747"}],"version-history":[{"count":2,"href":"https:\/\/www.nemesysunit.com\/sk\/wp-json\/wp\/v2\/pages\/2747\/revisions"}],"predecessor-version":[{"id":2820,"href":"https:\/\/www.nemesysunit.com\/sk\/wp-json\/wp\/v2\/pages\/2747\/revisions\/2820"}],"wp:attachment":[{"href":"https:\/\/www.nemesysunit.com\/sk\/wp-json\/wp\/v2\/media?parent=2747"}],"wp:term":[{"taxonomy":"page_group","embeddable":true,"href":"https:\/\/www.nemesysunit.com\/sk\/wp-json\/wp\/v2\/page_group?post=2747"}],"curies":[{"name":"wp","href":"https:\/\/api.w.org\/{rel}","templated":true}]}}