{"id":2746,"date":"2026-03-02T11:16:24","date_gmt":"2026-03-02T10:16:24","guid":{"rendered":"https:\/\/www.nemesysunit.com\/zasady-pouzivania-suborov-cookie\/"},"modified":"2026-03-02T19:56:26","modified_gmt":"2026-03-02T18:56:26","slug":"zasady-pouzivania-suborov-cookie","status":"publish","type":"page","link":"https:\/\/www.nemesysunit.com\/sk\/zasady-pouzivania-suborov-cookie\/","title":{"rendered":"Z\u00e1sady pou\u017e\u00edvania s\u00faborov cookie"},"content":{"rendered":"<section class=\"bde-section-2746-100 bde-section\">\n  \n  \n\t\n\n\n\n<div class=\"section-container\"><h2 class=\"bde-heading-2746-101 bde-heading\">\nCookies\n<\/h2><div class=\"bde-rich-text-2746-102 bde-rich-text breakdance-rich-text-styles\">\n<p>D\u00e1tum \u00fa\u010dinnosti: 01. 01. 2026<\/p><p>Cookies s\u00fa mal\u00e9 textov\u00e9 s\u00fabory ukladan\u00e9 do zariadenia pou\u017e\u00edvate\u013ea. Pou\u017e\u00edvame ich na z\u00e1kladn\u00e9 funkcie (prihl\u00e1senie, ko\u0161\u00edk, bezpe\u010dnos\u0165 pokladne) a na ulo\u017eenie preferenci\u00ed (napr. jazyk).<\/p><ol><li>Kateg\u00f3rie cookies<\/li><\/ol><p>Nevyhnutn\u00e9 cookies: potrebn\u00e9 pre fungovanie webu a e-shopu.<\/p><p>Funk\u010dn\u00e9 cookies: napr. zapam\u00e4tanie jazyka.<\/p><p>Analytick\u00e9 cookies (ak s\u00fa aktivovan\u00e9): meranie n\u00e1v\u0161tevnosti a zlep\u0161ovanie.<\/p><p>Marketingov\u00e9 cookies (ak s\u00fa aktivovan\u00e9): reklama a remarketing.<\/p><ol start=\"2\"><li>Nastavenie cookies<\/li><\/ol><p>Cookies m\u00f4\u017eete spravova\u0165 cez cookie banner (ak je nasaden\u00fd) a cez nastavenia prehliada\u010da.<\/p>\n<\/div><\/div>\n<\/section>","protected":false},"excerpt":{"rendered":"<p>Cookies D\u00e1tum \u00fa\u010dinnosti: 01. 01. 2026Cookies s\u00fa mal\u00e9 textov\u00e9 s\u00fabory ukladan\u00e9 do zariadenia pou\u017e\u00edvate\u013ea. Pou\u017e\u00edvame ich na z\u00e1kladn\u00e9 funkcie (prihl\u00e1senie, ko\u0161\u00edk, bezpe\u010dnos\u0165 pokladne) a na ulo\u017eenie preferenci\u00ed (napr. jazyk).Kateg\u00f3rie cookiesNevyhnutn\u00e9 cookies: potrebn\u00e9 pre fungovanie webu a e-shopu.Funk\u010dn\u00e9 cookies: napr. zapam\u00e4tanie jazyka.Analytick\u00e9 cookies (ak s\u00fa aktivovan\u00e9): meranie n\u00e1v\u0161tevnosti a zlep\u0161ovanie.Marketingov\u00e9 cookies (ak s\u00fa aktivovan\u00e9): reklama a [&hellip;]<\/p>\n","protected":false},"author":1,"featured_media":0,"parent":0,"menu_order":0,"comment_status":"closed","ping_status":"closed","template":"","meta":{"_breakdance_hide_in_design_set":false,"_breakdance_tags":"","footnotes":""},"page_group":[56],"class_list":["post-2746","page","type-page","status-publish","hentry","page_group-legal"],"_links":{"self":[{"href":"https:\/\/www.nemesysunit.com\/sk\/wp-json\/wp\/v2\/pages\/2746","targetHints":{"allow":["GET"]}}],"collection":[{"href":"https:\/\/www.nemesysunit.com\/sk\/wp-json\/wp\/v2\/pages"}],"about":[{"href":"https:\/\/www.nemesysunit.com\/sk\/wp-json\/wp\/v2\/types\/page"}],"author":[{"embeddable":true,"href":"https:\/\/www.nemesysunit.com\/sk\/wp-json\/wp\/v2\/users\/1"}],"replies":[{"embeddable":true,"href":"https:\/\/www.nemesysunit.com\/sk\/wp-json\/wp\/v2\/comments?post=2746"}],"version-history":[{"count":2,"href":"https:\/\/www.nemesysunit.com\/sk\/wp-json\/wp\/v2\/pages\/2746\/revisions"}],"predecessor-version":[{"id":2817,"href":"https:\/\/www.nemesysunit.com\/sk\/wp-json\/wp\/v2\/pages\/2746\/revisions\/2817"}],"wp:attachment":[{"href":"https:\/\/www.nemesysunit.com\/sk\/wp-json\/wp\/v2\/media?parent=2746"}],"wp:term":[{"taxonomy":"page_group","embeddable":true,"href":"https:\/\/www.nemesysunit.com\/sk\/wp-json\/wp\/v2\/page_group?post=2746"}],"curies":[{"name":"wp","href":"https:\/\/api.w.org\/{rel}","templated":true}]}}