{"id":2745,"date":"2026-03-02T11:20:28","date_gmt":"2026-03-02T10:20:28","guid":{"rendered":"https:\/\/www.nemesysunit.com\/reklamacie-adr-odr-spotrebitelia-eu\/"},"modified":"2026-03-02T20:00:10","modified_gmt":"2026-03-02T19:00:10","slug":"reklamacie-adr-odr-spotrebitelia-eu","status":"publish","type":"page","link":"https:\/\/www.nemesysunit.com\/sk\/reklamacie-adr-odr-spotrebitelia-eu\/","title":{"rendered":"Reklam\u00e1cie, ADR \/ ODR (spotrebitelia E\u00da)"},"content":{"rendered":"<section class=\"bde-section-2745-100 bde-section\">\n  \n  \n\t\n\n\n\n<div class=\"section-container\"><h2 class=\"bde-heading-2745-101 bde-heading\">\nReklam\u00e1cie, ADR \/ ODR (spotrebitelia v E\u00da)\n<\/h2><div class=\"bde-rich-text-2745-102 bde-rich-text breakdance-rich-text-styles\">\n<p>D\u00e1tum \u00fa\u010dinnosti: 01. 01. 2026<\/p><ol><li>Kontakt pre reklam\u00e1cie<\/li><\/ol><p>Najsk\u00f4r n\u00e1s kontaktujte na info@nemesysunit.com a uve\u010fte \u010d\u00edslo objedn\u00e1vky.<\/p><ol start=\"2\"><li>ODR platforma<\/li><\/ol><p>Spotrebite\u013e v E\u00da m\u00f4\u017ee vyu\u017ei\u0165 platformu na rie\u0161enie sporov online:<\/p><p>https:\/\/ec.europa.eu\/consumers\/odr<\/p>\n<\/div><\/div>\n<\/section>","protected":false},"excerpt":{"rendered":"<p>Reklam\u00e1cie, ADR \/ ODR (spotrebitelia v E\u00da) D\u00e1tum \u00fa\u010dinnosti: 01. 01. 2026Kontakt pre reklam\u00e1cieNajsk\u00f4r n\u00e1s kontaktujte na info@nemesysunit.com a uve\u010fte \u010d\u00edslo objedn\u00e1vky.ODR platformaSpotrebite\u013e v E\u00da m\u00f4\u017ee vyu\u017ei\u0165 platformu na rie\u0161enie sporov online:https:\/\/ec.europa.eu\/consumers\/odr<\/p>\n","protected":false},"author":1,"featured_media":0,"parent":0,"menu_order":0,"comment_status":"closed","ping_status":"closed","template":"","meta":{"_breakdance_hide_in_design_set":false,"_breakdance_tags":"","footnotes":""},"page_group":[56],"class_list":["post-2745","page","type-page","status-publish","hentry","page_group-legal"],"_links":{"self":[{"href":"https:\/\/www.nemesysunit.com\/sk\/wp-json\/wp\/v2\/pages\/2745","targetHints":{"allow":["GET"]}}],"collection":[{"href":"https:\/\/www.nemesysunit.com\/sk\/wp-json\/wp\/v2\/pages"}],"about":[{"href":"https:\/\/www.nemesysunit.com\/sk\/wp-json\/wp\/v2\/types\/page"}],"author":[{"embeddable":true,"href":"https:\/\/www.nemesysunit.com\/sk\/wp-json\/wp\/v2\/users\/1"}],"replies":[{"embeddable":true,"href":"https:\/\/www.nemesysunit.com\/sk\/wp-json\/wp\/v2\/comments?post=2745"}],"version-history":[{"count":2,"href":"https:\/\/www.nemesysunit.com\/sk\/wp-json\/wp\/v2\/pages\/2745\/revisions"}],"predecessor-version":[{"id":2819,"href":"https:\/\/www.nemesysunit.com\/sk\/wp-json\/wp\/v2\/pages\/2745\/revisions\/2819"}],"wp:attachment":[{"href":"https:\/\/www.nemesysunit.com\/sk\/wp-json\/wp\/v2\/media?parent=2745"}],"wp:term":[{"taxonomy":"page_group","embeddable":true,"href":"https:\/\/www.nemesysunit.com\/sk\/wp-json\/wp\/v2\/page_group?post=2745"}],"curies":[{"name":"wp","href":"https:\/\/api.w.org\/{rel}","templated":true}]}}