{"id":2633,"date":"2026-02-22T10:36:45","date_gmt":"2026-02-22T09:36:45","guid":{"rendered":"https:\/\/www.nemesysunit.com\/vibracny-kompresor\/"},"modified":"2026-03-07T12:22:37","modified_gmt":"2026-03-07T11:22:37","slug":"vibracny-kompresor","status":"publish","type":"page","link":"https:\/\/www.nemesysunit.com\/sk\/vibracny-kompresor\/","title":{"rendered":"Vibra\u010dn\u00fd kompresor"},"content":{"rendered":"<section class=\"bde-section-2633-100 bde-section\">\n  \n  \n\t\n\n\n\n<div class=\"section-container\"><div class=\"bde-div-2633-101 bde-div\">\n  \n  \n\t\n\n\n\n<h1 class=\"bde-heading-2633-102 bde-heading\">\nVibra\u010dn\u00fd kompresor\n<\/h1><div class=\"bde-text-2633-103 bde-text\">\nPatentovan\u00fd technick\u00fd koncept Pavla Neme\u0161a zalo\u017een\u00fd na odli\u0161nom mechanickom princ\u00edpe kompresie s potenci\u00e1lom praktick\u00e9ho priemyseln\u00e9ho vyu\u017eitia.\n<\/div><div class=\"bde-columns-2633-104 bde-columns\"><div class=\"bde-column-2633-105 bde-column\">\n              \n  \n  \n\t\n\n\n\n<div class=\"bde-icon-2633-106 bde-icon\">\n\n    \n            <div class=\"bde-icon-icon breakdance-icon-atom\" >\n    \n                    <svg xmlns=\"http:\/\/www.w3.org\/2000\/svg\" viewBox=\"0 0 576 512\"><!--! Font Awesome Free 6.5.1 by @fontawesome - https:\/\/fontawesome.com License - https:\/\/fontawesome.com\/license\/free (Icons: CC BY 4.0, Fonts: SIL OFL 1.1, Code: MIT License) Copyright 2023 Fonticons, Inc. --><path d=\"M0 64C0 28.7 28.7 0 64 0H224V128c0 17.7 14.3 32 32 32H384v47l-92.8 37.1c-21.3 8.5-35.2 29.1-35.2 52c0 56.6 18.9 148 94.2 208.3c-9 4.8-19.3 7.6-30.2 7.6H64c-35.3 0-64-28.7-64-64V64zm384 64H256V0L384 128zm39.1 97.7c5.7-2.3 12.1-2.3 17.8 0l120 48C570 277.4 576 286.2 576 296c0 63.3-25.9 168.8-134.8 214.2c-5.9 2.5-12.6 2.5-18.5 0C313.9 464.8 288 359.3 288 296c0-9.8 6-18.6 15.1-22.3l120-48zM527.4 312L432 273.8V461.7c68.2-33 91.5-99 95.4-149.7z\"\/><\/svg>\n        \n        \n        \n            <\/div>\n    \n\n\n<\/div><div class=\"bde-text-2633-107 bde-text\">\nPatent SK 288877\n<\/div>\n<\/div><div class=\"bde-column-2633-108 bde-column\">\n              \n  \n  \n\t\n\n\n\n<div class=\"bde-icon-2633-109 bde-icon\">\n\n    \n            <div class=\"bde-icon-icon breakdance-icon-atom\" >\n    \n                    <svg xmlns=\"http:\/\/www.w3.org\/2000\/svg\" viewBox=\"0 0 640 512\"><!--! Font Awesome Free 6.5.1 by @fontawesome - https:\/\/fontawesome.com License - https:\/\/fontawesome.com\/license\/free (Icons: CC BY 4.0, Fonts: SIL OFL 1.1, Code: MIT License) Copyright 2023 Fonticons, Inc. --><path d=\"M480 48c0-26.5-21.5-48-48-48H336c-26.5 0-48 21.5-48 48V96H224V24c0-13.3-10.7-24-24-24s-24 10.7-24 24V96H112V24c0-13.3-10.7-24-24-24S64 10.7 64 24V96H48C21.5 96 0 117.5 0 144v96V464c0 26.5 21.5 48 48 48H304h32 96H592c26.5 0 48-21.5 48-48V240c0-26.5-21.5-48-48-48H480V48zm96 320v32c0 8.8-7.2 16-16 16H528c-8.8 0-16-7.2-16-16V368c0-8.8 7.2-16 16-16h32c8.8 0 16 7.2 16 16zM240 416H208c-8.8 0-16-7.2-16-16V368c0-8.8 7.2-16 16-16h32c8.8 0 16 7.2 16 16v32c0 8.8-7.2 16-16 16zM128 400c0 8.8-7.2 16-16 16H80c-8.8 0-16-7.2-16-16V368c0-8.8 7.2-16 16-16h32c8.8 0 16 7.2 16 16v32zM560 256c8.8 0 16 7.2 16 16v32c0 8.8-7.2 16-16 16H528c-8.8 0-16-7.2-16-16V272c0-8.8 7.2-16 16-16h32zM256 176v32c0 8.8-7.2 16-16 16H208c-8.8 0-16-7.2-16-16V176c0-8.8 7.2-16 16-16h32c8.8 0 16 7.2 16 16zM112 160c8.8 0 16 7.2 16 16v32c0 8.8-7.2 16-16 16H80c-8.8 0-16-7.2-16-16V176c0-8.8 7.2-16 16-16h32zM256 304c0 8.8-7.2 16-16 16H208c-8.8 0-16-7.2-16-16V272c0-8.8 7.2-16 16-16h32c8.8 0 16 7.2 16 16v32zM112 320H80c-8.8 0-16-7.2-16-16V272c0-8.8 7.2-16 16-16h32c8.8 0 16 7.2 16 16v32c0 8.8-7.2 16-16 16zm304-48v32c0 8.8-7.2 16-16 16H368c-8.8 0-16-7.2-16-16V272c0-8.8 7.2-16 16-16h32c8.8 0 16 7.2 16 16zM400 64c8.8 0 16 7.2 16 16v32c0 8.8-7.2 16-16 16H368c-8.8 0-16-7.2-16-16V80c0-8.8 7.2-16 16-16h32zm16 112v32c0 8.8-7.2 16-16 16H368c-8.8 0-16-7.2-16-16V176c0-8.8 7.2-16 16-16h32c8.8 0 16 7.2 16 16z\"\/><\/svg>\n        \n        \n        \n            <\/div>\n    \n\n\n<\/div><div class=\"bde-text-2633-110 bde-text\">\nPrezentovan\u00e9 na MSV Brno 2025\n<\/div>\n<\/div><div class=\"bde-column-2633-111 bde-column\">\n              \n  \n  \n\t\n\n\n\n<div class=\"bde-icon-2633-112 bde-icon\">\n\n    \n            <div class=\"bde-icon-icon breakdance-icon-atom\" >\n    \n                    <svg xmlns=\"http:\/\/www.w3.org\/2000\/svg\" viewBox=\"0 0 640 512\"><!--! Font Awesome Free 6.5.1 by @fontawesome - https:\/\/fontawesome.com License - https:\/\/fontawesome.com\/license\/free (Icons: CC BY 4.0, Fonts: SIL OFL 1.1, Code: MIT License) Copyright 2023 Fonticons, Inc. --><path d=\"M323.4 85.2l-96.8 78.4c-16.1 13-19.2 36.4-7 53.1c12.9 17.8 38 21.3 55.3 7.8l99.3-77.2c7-5.4 17-4.2 22.5 2.8s4.2 17-2.8 22.5l-20.9 16.2L512 316.8V128h-.7l-3.9-2.5L434.8 79c-15.3-9.8-33.2-15-51.4-15c-21.8 0-43 7.5-60 21.2zm22.8 124.4l-51.7 40.2C263 274.4 217.3 268 193.7 235.6c-22.2-30.5-16.6-73.1 12.7-96.8l83.2-67.3c-11.6-4.9-24.1-7.4-36.8-7.4C234 64 215.7 69.6 200 80l-72 48V352h28.2l91.4 83.4c19.6 17.9 49.9 16.5 67.8-3.1c5.5-6.1 9.2-13.2 11.1-20.6l17 15.6c19.5 17.9 49.9 16.6 67.8-2.9c4.5-4.9 7.8-10.6 9.9-16.5c19.4 13 45.8 10.3 62.1-7.5c17.9-19.5 16.6-49.9-2.9-67.8l-134.2-123zM16 128c-8.8 0-16 7.2-16 16V352c0 17.7 14.3 32 32 32H64c17.7 0 32-14.3 32-32V128H16zM48 320a16 16 0 1 1 0 32 16 16 0 1 1 0-32zM544 128V352c0 17.7 14.3 32 32 32h32c17.7 0 32-14.3 32-32V144c0-8.8-7.2-16-16-16H544zm32 208a16 16 0 1 1 32 0 16 16 0 1 1 -32 0z\"\/><\/svg>\n        \n        \n        \n            <\/div>\n    \n\n\n<\/div><div class=\"bde-text-2633-113 bde-text\">\nS\u00e9riov\u00e1 v\u00fdroba\n<\/div>\n<\/div><\/div>\n<\/div><div class=\"bde-rich-text-2633-114 bde-rich-text breakdance-rich-text-styles\">\n<ul><li data-section-id=\"1jqlmjy\" data-start=\"378\" data-end=\"431\"><p data-start=\"380\" data-end=\"431\">A\u017e ~30 % vy\u0161\u0161\u00ed potenci\u00e1l \u00fa\u010dinnosti (uv\u00e1dzan\u00e9)<\/p><\/li><li data-section-id=\"10km65m\" data-start=\"432\" data-end=\"503\"><p data-start=\"434\" data-end=\"503\">Vysok\u00fd v\u00fdkon pri n\u00edzkom pr\u00edkonu (v\u00fdsledky prototypov\u00fdch testov)<\/p><\/li><li data-section-id=\"dg7srr\" data-start=\"504\" data-end=\"583\"><p data-start=\"506\" data-end=\"583\">Nastavite\u013en\u00fd v\u00fdstup pomocou excentrick\u00fdch z\u00e1va\u017e\u00ed (jednoduch\u00e1 regul\u00e1cia)<\/p><\/li><\/ul>\n<\/div><div class=\"bde-button-2633-115 bde-button\">\n    \n                                    \n    \n    \n    \n    \n            \n                    \n            \n            \n\n    \n    \n    \n    \n    \n    <a class=\"breakdance-link button-atom button-atom--secondary bde-button__button\" href=\"https:\/\/www.nemesysunit.com\/sk\/media\/\" target=\"_self\" data-type=\"url\"  >\n\n    \n        <span class=\"button-atom__text\">Pozrie\u0165 medi\u00e1lne v\u00fdstupy<\/span>\n\n        \n        \n                <\/a>\n\n    \n\n\n<\/div><\/div>\n<\/section><section class=\"bde-section-2633-116 bde-section\">\n  \n  \n\t\n\n\n\n<div class=\"section-container\"><div class=\"bde-div-2633-117 bde-div\">\n  \n  \n\t\n\n\n\n<h2 class=\"bde-heading-2633-118 bde-heading\">\nPreh\u013ead\n<\/h2><div class=\"bde-text-2633-119 bde-text\">\nVibra\u010dn\u00fd kompresor je vlajkov\u00fd vyn\u00e1lez v portf\u00f3liu Nemesys - postaven\u00fd na jednoduchej, no nekonven\u010dnej my\u0161lienke: vyu\u017e\u00edva\u0165 riaden\u00e9 vibr\u00e1cie a odstrediv\u00fa silu na efekt\u00edvne vykon\u00e1vanie vratnej pr\u00e1ce. Namiesto klasick\u00fdch architekt\u00far motor\u2013k\u013euka syst\u00e9m pren\u00e1\u0161a silu z mechanizmu excentrick\u00e9ho z\u00e1va\u017eia cez tiahla na proti\u013eahl\u00e9 piesty, \u010d\u00edm umo\u017e\u0148uje kompresiu alebo \u010derpanie so siln\u00fdm d\u00f4razom na zlep\u0161en\u00fa energetick\u00fa bilanciu. Merania prototypu a zverejnen\u00e9 benchmarky nazna\u010duj\u00fa v\u00fdznamn\u00fd potenci\u00e1l \u00fa\u010dinnosti a koncept bol verejne prezentovan\u00fd a posunut\u00fd do spolupr\u00e1ce v oblasti priemyselnej v\u00fdroby.\n<\/div><h3 class=\"bde-heading-2633-120 bde-heading\">\nAko funguje vibra\u010dn\u00fd kompresor\n<\/h3><div class=\"bde-rich-text-2633-121 bde-rich-text breakdance-rich-text-styles\">\n<ul><li data-section-id=\"1ozqskw\" data-start=\"685\" data-end=\"778\"><p data-start=\"687\" data-end=\"778\"><strong data-start=\"687\" data-end=\"710\">Excentrick\u00e9 z\u00e1va\u017eia<\/strong> pri rot\u00e1cii vytv\u00e1raj\u00fa riaden\u00fa silu a vyu\u017eite\u013en\u00fd odstrediv\u00fd efekt.<\/p><\/li><li data-section-id=\"1qc6gxx\" data-start=\"779\" data-end=\"859\"><p data-start=\"781\" data-end=\"859\"><strong data-start=\"781\" data-end=\"810\">Tiahla a mechanick\u00e9 v\u00e4zby<\/strong> pren\u00e1\u0161aj\u00fa pohyb do stabiln\u00e9ho vratn\u00e9ho pohonu.<\/p><\/li><li data-section-id=\"1hm3hxz\" data-start=\"860\" data-end=\"933\"><p data-start=\"862\" data-end=\"933\"><strong data-start=\"862\" data-end=\"883\">Proti\u013eahl\u00e9 piesty<\/strong> vykon\u00e1vaj\u00fa cykly kompresie\/\u010derpania vo valcoch.<\/p><\/li><li data-section-id=\"j1dg8r\" data-start=\"934\" data-end=\"1039\" data-is-last-node=\"\"><p data-start=\"936\" data-end=\"1039\" data-is-last-node=\"\"><strong data-start=\"936\" data-end=\"946\">V\u00fdstup<\/strong> je mo\u017en\u00e9 regulova\u0165 \u00fapravou excentrick\u00e9ho nastavenia a pracovn\u00fdch ot\u00e1\u010dok pre r\u00f4zne za\u0165a\u017eenia.<\/p><\/li><\/ul>\n<\/div>\n<\/div><\/div>\n<\/section><section class=\"bde-section-2633-122 bde-section\">\n  \n  \n\t\n\n\n\n<div class=\"section-container\"><div class=\"bde-div-2633-123 bde-div\">\n  \n  \n\t\n\n\n\n<h2 class=\"bde-heading-2633-124 bde-heading\">\nPreh\u013ead v\u00fdkonu\n<\/h2><h3 class=\"bde-heading-2633-125 bde-heading\">\nPorovnanie s be\u017en\u00fdm kompresorom\n<\/h3><div class=\"bde-code-block-2633-126 bde-code-block\">\n\n  <div class=\"nu-table-wrap\">\n  <div class=\"nu-table-scroll\">\n    <table class=\"nu-table\" role=\"table\" aria-label=\"Porovnanie kompresorov\">\n      <colgroup>\n        <col style=\"width:40%\">\n        <col style=\"width:30%\">\n        <col style=\"width:30%\">\n      <\/colgroup>\n\n      <thead>\n        <tr>\n          <th>Parameter<\/th>\n          <th>Vibra\u010dn\u00fd kompresor<\/th>\n          <th>\u0160tandardn\u00fd kompresor (Scheppach)<\/th>\n        <\/tr>\n      <\/thead>\n\n      <tbody>\n        <tr>\n          <td>Pr\u00edkon<\/td>\n          <td>270 W<\/td>\n          <td>1.1 kW<\/td>\n        <\/tr>\n        <tr>\n          <td>Maxim\u00e1lny tlak<\/td>\n          <td>11 bar<\/td>\n          <td>8 bar<\/td>\n        <\/tr>\n        <tr>\n          <td>Maxim\u00e1lny prietok<\/td>\n          <td>100 L\/min<\/td>\n          <td>161 L\/min<\/td>\n        <\/tr>\n        <tr>\n          <td>Objem vzdu\u0161n\u00edka<\/td>\n          <td>24 L<\/td>\n          <td>24 L<\/td>\n        <\/tr>\n        <tr>\n          <td>\u00da\u010dinnos\u0165<\/td>\n          <td>+30%<\/td>\n          <td>\u0160tandardn\u00e1<\/td>\n        <\/tr>\n      <\/tbody>\n    <\/table>\n  <\/div>\n\n  <p class=\"nu-table-note\">\n    * Uv\u00e1dzan\u00e9 prototypov\u00e9 benchmarkov\u00e9 hodnoty. V\u00fdsledky z\u00e1visia od konfigur\u00e1cie a prev\u00e1dzkov\u00fdch podmienok.\n  <\/p>\n<\/div>\n\n\n<\/div>\n<\/div><\/div>\n<\/section><section class=\"bde-section-2633-127 bde-section\">\n  \n  \n\t\n\n\n\n<div class=\"section-container\"><h2 class=\"bde-heading-2633-128 bde-heading\">\nPriemyseln\u00e9 vyu\u017eitie vibra\u010dn\u00e9ho kompresora\n<\/h2><div class=\"bde-columns-2633-129 bde-columns\"><div class=\"bde-column-2633-130 bde-column\">\n  \n  \n\t\n\n\n\n<h3 class=\"bde-heading-2633-131 bde-heading\">\nPriemyseln\u00e9 syst\u00e9my stla\u010den\u00e9ho vzduchu\n<\/h3><div class=\"bde-text-2633-132 bde-text\">\nVyu\u017eitie vo fabrik\u00e1ch a v\u00fdrobn\u00fdch hal\u00e1ch na pohon pneumatick\u00e9ho n\u00e1radia, v\u00fdrobn\u00fdch liniek a robotick\u00fdch aktu\u00e1torov.\n<\/div>\n<\/div><div class=\"bde-column-2633-133 bde-column\">\n  \n  \n\t\n\n\n\n<h3 class=\"bde-heading-2633-134 bde-heading\">\nStavebn\u00edctvo a \u0165a\u017eba\n<\/h3><div class=\"bde-text-2633-135 bde-text\">\nPohon pneumatick\u00fdch klad\u00edv, v\u0155tac\u00edch s\u00faprav a techniky na zhut\u0148ovanie podlo\u017eia pri v\u00fdstavbe ciest, tunelov a infra\u0161trukt\u00farnych projektov.\n<\/div>\n<\/div><\/div><div class=\"bde-columns-2633-136 bde-columns\"><div class=\"bde-column-2633-137 bde-column\">\n  \n  \n\t\n\n\n\n<h3 class=\"bde-heading-2633-138 bde-heading\">\nDoprava sypk\u00fdch materi\u00e1lov (potravin\u00e1rstvo, ch\u00e9mia a materi\u00e1ly)\n<\/h3><div class=\"bde-text-2633-139 bde-text\">\nPneumatick\u00e1 doprava pr\u00e1\u0161kov a gran\u00fal v uzavret\u00fdch potrubiach pomocou stla\u010den\u00e9ho vzduchu (napr. cukor, m\u00faka, polym\u00e9ry, cement).\n<\/div>\n<\/div><div class=\"bde-column-2633-140 bde-column\">\n  \n  \n\t\n\n\n\n<h3 class=\"bde-heading-2633-141 bde-heading\">\nHVAC a chladenie\n<\/h3><div class=\"bde-text-2633-142 bde-text\">\nVyu\u017eitie v chladiacich okruhoch, vzduchotechnick\u00fdch jednotk\u00e1ch, syst\u00e9moch rekuper\u00e1cie a rie\u0161eniach na \u010distenie vzduchu pre efekt\u00edvne pr\u00fadenie.\n<\/div>\n<\/div><\/div><div class=\"bde-columns-2633-143 bde-columns\"><div class=\"bde-column-2633-144 bde-column\">\n  \n  \n\t\n\n\n\n<h3 class=\"bde-heading-2633-145 bde-heading\">\nVodn\u00e9 hospod\u00e1rstvo a odpadov\u00e9 vody\n<\/h3><div class=\"bde-text-2633-146 bde-text\">\n\u010cerpacie a prepravn\u00e9 oper\u00e1cie vo vod\u00e1rensk\u00fdch syst\u00e9moch a \u010disti\u010dk\u00e1ch odpadov\u00fdch v\u00f4d, ktor\u00e9 podporuj\u00fa biologick\u00e9 procesy.\n<\/div>\n<\/div><div class=\"bde-column-2633-147 bde-column\">\n  \n  \n\t\n\n\n\n<h3 class=\"bde-heading-2633-148 bde-heading\">\nZdravotn\u00edcke a laborat\u00f3rne zariadenia\n<\/h3><div class=\"bde-text-2633-149 bde-text\">\nRiaden\u00e9 pr\u00fadenie vzduchu a \u010derpanie pre ventil\u00e1tory, steriliz\u00e1tory, laborat\u00f3rne pumpy a analyz\u00e1tory plynov\/vzduchu.\n<\/div>\n<\/div><\/div><div class=\"bde-columns-2633-150 bde-columns\"><div class=\"bde-column-2633-151 bde-column\">\n  \n  \n\t\n\n\n\n<h3 class=\"bde-heading-2633-152 bde-heading\">\nPo\u013enohospod\u00e1rstvo a sklen\u00edky\n<\/h3><div class=\"bde-text-2633-153 bde-text\">\nPodpora zavla\u017eovania, pneumatick\u00e9 koncepty v\u00fdsevu\/d\u00e1vkovania a potreby procesn\u00e9ho vzduchu v modern\u00fdch sklen\u00edkov\u00fdch prev\u00e1dzkach.\n<\/div>\n<\/div><div class=\"bde-column-2633-154 bde-column\">\n  \n  \n\t\n\n\n\n<h3 class=\"bde-heading-2633-155 bde-heading\">\nPo\u017eiarne a z\u00e1chrann\u00e9 syst\u00e9my\n<\/h3><div class=\"bde-text-2633-156 bde-text\">\nZariadenia na stla\u010den\u00fd vzduch, nafukovacie z\u00e1chrann\u00e9 kon\u0161trukcie a r\u00fdchle rie\u0161enia manipul\u00e1cie so vzduchom pre z\u00e1sahy.\n<\/div>\n<\/div><\/div><div class=\"bde-columns-2633-157 bde-columns\"><div class=\"bde-column-2633-158 bde-column\">\n  \n  \n\t\n\n\n\n<h3 class=\"bde-heading-2633-159 bde-heading\">\nAutomobilov\u00e1 v\u00fdroba a doprava\n<\/h3><div class=\"bde-text-2633-160 bde-text\">\nPneumatick\u00e9 n\u00e1radie a zariadenia na v\u00fdrobn\u00fdch link\u00e1ch, plniace\/mont\u00e1\u017ene oper\u00e1cie a pneumatick\u00e9 brzdov\u00e9 syst\u00e9my v \u0165a\u017ek\u00fdch vozidl\u00e1ch.\n<\/div>\n<\/div><div class=\"bde-column-2633-161 bde-column\">\n  \n  \n\t\n\n\n\n<h3 class=\"bde-heading-2633-162 bde-heading\">\nAerospace a letectvo\n<\/h3><div class=\"bde-text-2633-163 bde-text\">\nSyst\u00e9my riadenia tlaku a testovania pre simul\u00e1ciu v\u00fd\u0161ky, stabiliza\u010dn\u00e9 koncepty a technol\u00f3gie pre uzavret\u00e9 prostredia.\n<\/div>\n<\/div><\/div><h3 class=\"bde-heading-2633-164 bde-heading\">\n\u2026a mnoho \u010fal\u0161\u00edch aplik\u00e1ci\u00ed.\n<\/h3><div class=\"bde-button-2633-165 bde-button\">\n    \n                                    \n    \n    \n    \n    \n            \n                    \n            \n            \n\n    \n    \n    \n    \n    \n    <a class=\"breakdance-link button-atom button-atom--primary bde-button__button\" href=\"https:\/\/www.nemesysunit.com\/sk\/produkt\/certifikat-nemesysunit\/\" target=\"_self\" data-type=\"url\"  >\n\n    \n        <span class=\"button-atom__text\">Z\u00edska\u0165 Units<\/span>\n\n        \n        \n                <\/a>\n\n    \n\n\n<\/div><\/div>\n<\/section>","protected":false},"excerpt":{"rendered":"<p>Vibra\u010dn\u00fd kompresor Patentovan\u00fd technick\u00fd koncept Pavla Neme\u0161a zalo\u017een\u00fd na odli\u0161nom mechanickom princ\u00edpe kompresie s potenci\u00e1lom praktick\u00e9ho priemyseln\u00e9ho vyu\u017eitia. Patent SK 288877 Prezentovan\u00e9 na MSV Brno 2025 S\u00e9riov\u00e1 v\u00fdroba A\u017e ~30 % vy\u0161\u0161\u00ed potenci\u00e1l \u00fa\u010dinnosti (uv\u00e1dzan\u00e9)Vysok\u00fd v\u00fdkon pri n\u00edzkom pr\u00edkonu (v\u00fdsledky prototypov\u00fdch testov)Nastavite\u013en\u00fd v\u00fdstup pomocou excentrick\u00fdch z\u00e1va\u017e\u00ed (jednoduch\u00e1 regul\u00e1cia) Pozrie\u0165 medi\u00e1lne v\u00fdstupy Preh\u013ead Vibra\u010dn\u00fd kompresor je [&hellip;]<\/p>\n","protected":false},"author":1,"featured_media":0,"parent":0,"menu_order":0,"comment_status":"closed","ping_status":"closed","template":"","meta":{"_breakdance_hide_in_design_set":false,"_breakdance_tags":"","footnotes":""},"page_group":[58],"class_list":["post-2633","page","type-page","status-publish","hentry","page_group-pages"],"_links":{"self":[{"href":"https:\/\/www.nemesysunit.com\/sk\/wp-json\/wp\/v2\/pages\/2633","targetHints":{"allow":["GET"]}}],"collection":[{"href":"https:\/\/www.nemesysunit.com\/sk\/wp-json\/wp\/v2\/pages"}],"about":[{"href":"https:\/\/www.nemesysunit.com\/sk\/wp-json\/wp\/v2\/types\/page"}],"author":[{"embeddable":true,"href":"https:\/\/www.nemesysunit.com\/sk\/wp-json\/wp\/v2\/users\/1"}],"replies":[{"embeddable":true,"href":"https:\/\/www.nemesysunit.com\/sk\/wp-json\/wp\/v2\/comments?post=2633"}],"version-history":[{"count":8,"href":"https:\/\/www.nemesysunit.com\/sk\/wp-json\/wp\/v2\/pages\/2633\/revisions"}],"predecessor-version":[{"id":2887,"href":"https:\/\/www.nemesysunit.com\/sk\/wp-json\/wp\/v2\/pages\/2633\/revisions\/2887"}],"wp:attachment":[{"href":"https:\/\/www.nemesysunit.com\/sk\/wp-json\/wp\/v2\/media?parent=2633"}],"wp:term":[{"taxonomy":"page_group","embeddable":true,"href":"https:\/\/www.nemesysunit.com\/sk\/wp-json\/wp\/v2\/page_group?post=2633"}],"curies":[{"name":"wp","href":"https:\/\/api.w.org\/{rel}","templated":true}]}}