{"id":2629,"date":"2026-02-22T10:36:42","date_gmt":"2026-02-22T09:36:42","guid":{"rendered":"https:\/\/www.nemesysunit.com\/samonosny-konstrukcny-system\/"},"modified":"2026-03-10T17:33:51","modified_gmt":"2026-03-10T16:33:51","slug":"samonosny-konstrukcny-system","status":"publish","type":"page","link":"https:\/\/www.nemesysunit.com\/sk\/samonosny-konstrukcny-system\/","title":{"rendered":"Samonosn\u00fd kon\u0161truk\u010dn\u00fd syst\u00e9m"},"content":{"rendered":"<section class=\"bde-section-2629-100 bde-section\">\n  \n  \n\t\n\n\n\n<div class=\"section-container\"><h2 class=\"bde-heading-2629-101 bde-heading\">\nSamonosn\u00fd kon\u0161truk\u010dn\u00fd syst\u00e9m\n<\/h2><div class=\"bde-rich-text-2629-102 bde-rich-text breakdance-rich-text-styles\">\n<p data-start=\"63\" data-end=\"140\"><strong data-start=\"63\" data-end=\"140\">Kon\u0161truk\u010dn\u00e1 technol\u00f3gia pre samonosn\u00e9 r\u00e1mov\u00e9 kon\u0161trukcie a nosn\u00e9 syst\u00e9my.<\/strong><\/p><p data-start=\"142\" data-end=\"409\">Tento vyn\u00e1lez predstavuje alternat\u00edvny pr\u00edstup ku kon\u0161truk\u010dn\u00e9mu n\u00e1vrhu so zameran\u00edm na optimalizovan\u00e9 rozlo\u017eenie za\u0165a\u017eenia a mechanick\u00fa stabilitu. Syst\u00e9m je navrhnut\u00fd tak, aby minimalizoval koncentr\u00e1ciu nap\u00e4t\u00ed v materi\u00e1li pri zachovan\u00ed vysokej kon\u0161truk\u010dnej integrity.<\/p><p data-start=\"411\" data-end=\"618\">Koncept m\u00f4\u017ee n\u00e1js\u0165 uplatnenie v stavebn\u00edctve, na priemyseln\u00fdch platform\u00e1ch, v modul\u00e1rnych kon\u0161trukci\u00e1ch alebo v \u0161pecializovan\u00fdch technick\u00fdch prostrediach, kde je stabilita a materi\u00e1lov\u00e1 efekt\u00edvnos\u0165 kritick\u00e1.<\/p><p data-start=\"620\" data-end=\"648\"><strong data-start=\"620\" data-end=\"648\">K\u013e\u00fa\u010dov\u00e9 charakteristiky:<\/strong><\/p><ul data-start=\"649\" data-end=\"886\" data-is-last-node=\"\" data-is-only-node=\"\"><li data-section-id=\"1cyijk7\" data-start=\"649\" data-end=\"695\"><p data-start=\"651\" data-end=\"695\">Optimalizovan\u00e1 geometria prenosu za\u0165a\u017eenia<\/p><\/li><li data-section-id=\"1sm178q\" data-start=\"696\" data-end=\"722\"><p data-start=\"698\" data-end=\"722\">Samonosn\u00e1 konfigur\u00e1cia<\/p><\/li><li data-section-id=\"14s007f\" data-start=\"723\" data-end=\"780\"><p data-start=\"725\" data-end=\"780\">Zn\u00ed\u017een\u00fd v\u00fdskyt kritick\u00fdch miest kon\u0161truk\u010dn\u00e9ho nap\u00e4tia<\/p><\/li><li data-section-id=\"ltayry\" data-start=\"781\" data-end=\"822\"><p data-start=\"783\" data-end=\"822\">Potenci\u00e1l pre modul\u00e1rnu implement\u00e1ciu<\/p><\/li><li data-section-id=\"mox8qc\" data-start=\"823\" data-end=\"886\" data-is-last-node=\"\"><p data-start=\"825\" data-end=\"886\" data-is-last-node=\"\">Podan\u00e1 patentov\u00e1 prihl\u00e1\u0161ka a v procese ofici\u00e1lnej registr\u00e1cie<\/p><\/li><\/ul>\n<\/div><\/div>\n<\/section>","protected":false},"excerpt":{"rendered":"<p>Samonosn\u00fd kon\u0161truk\u010dn\u00fd syst\u00e9m Kon\u0161truk\u010dn\u00e1 technol\u00f3gia pre samonosn\u00e9 r\u00e1mov\u00e9 kon\u0161trukcie a nosn\u00e9 syst\u00e9my.Tento vyn\u00e1lez predstavuje alternat\u00edvny pr\u00edstup ku kon\u0161truk\u010dn\u00e9mu n\u00e1vrhu so zameran\u00edm na optimalizovan\u00e9 rozlo\u017eenie za\u0165a\u017eenia a mechanick\u00fa stabilitu. Syst\u00e9m je navrhnut\u00fd tak, aby minimalizoval koncentr\u00e1ciu nap\u00e4t\u00ed v materi\u00e1li pri zachovan\u00ed vysokej kon\u0161truk\u010dnej integrity.Koncept m\u00f4\u017ee n\u00e1js\u0165 uplatnenie v stavebn\u00edctve, na priemyseln\u00fdch platform\u00e1ch, v modul\u00e1rnych kon\u0161trukci\u00e1ch alebo [&hellip;]<\/p>\n","protected":false},"author":1,"featured_media":0,"parent":0,"menu_order":0,"comment_status":"closed","ping_status":"closed","template":"","meta":{"_breakdance_hide_in_design_set":false,"_breakdance_tags":"","footnotes":""},"page_group":[58],"class_list":["post-2629","page","type-page","status-publish","hentry","page_group-pages"],"_links":{"self":[{"href":"https:\/\/www.nemesysunit.com\/sk\/wp-json\/wp\/v2\/pages\/2629","targetHints":{"allow":["GET"]}}],"collection":[{"href":"https:\/\/www.nemesysunit.com\/sk\/wp-json\/wp\/v2\/pages"}],"about":[{"href":"https:\/\/www.nemesysunit.com\/sk\/wp-json\/wp\/v2\/types\/page"}],"author":[{"embeddable":true,"href":"https:\/\/www.nemesysunit.com\/sk\/wp-json\/wp\/v2\/users\/1"}],"replies":[{"embeddable":true,"href":"https:\/\/www.nemesysunit.com\/sk\/wp-json\/wp\/v2\/comments?post=2629"}],"version-history":[{"count":5,"href":"https:\/\/www.nemesysunit.com\/sk\/wp-json\/wp\/v2\/pages\/2629\/revisions"}],"predecessor-version":[{"id":2646,"href":"https:\/\/www.nemesysunit.com\/sk\/wp-json\/wp\/v2\/pages\/2629\/revisions\/2646"}],"wp:attachment":[{"href":"https:\/\/www.nemesysunit.com\/sk\/wp-json\/wp\/v2\/media?parent=2629"}],"wp:term":[{"taxonomy":"page_group","embeddable":true,"href":"https:\/\/www.nemesysunit.com\/sk\/wp-json\/wp\/v2\/page_group?post=2629"}],"curies":[{"name":"wp","href":"https:\/\/api.w.org\/{rel}","templated":true}]}}