{"id":2627,"date":"2026-02-22T10:36:40","date_gmt":"2026-02-22T09:36:40","guid":{"rendered":"https:\/\/www.nemesysunit.com\/motorova-jednotka\/"},"modified":"2026-03-10T17:34:57","modified_gmt":"2026-03-10T16:34:57","slug":"pohonna-jednotka","status":"publish","type":"page","link":"https:\/\/www.nemesysunit.com\/sk\/pohonna-jednotka\/","title":{"rendered":"Pohonn\u00e1 jednotka"},"content":{"rendered":"<section class=\"bde-section-2627-100 bde-section\">\n  \n  \n\t\n\n\n\n<div class=\"section-container\"><h1 class=\"bde-heading-2627-101 bde-heading\">\nPohonn\u00e1 jednotka\n<\/h1><div class=\"bde-rich-text-2627-102 bde-rich-text breakdance-rich-text-styles\">\n<p data-start=\"52\" data-end=\"137\"><strong data-start=\"52\" data-end=\"137\">Vysokov\u00fdkonn\u00fd koncept pohonu zalo\u017een\u00fd na inovat\u00edvnom mechanickom prenose energie.<\/strong><\/p><p data-start=\"139\" data-end=\"329\">Tento vyn\u00e1lez sk\u00fama alternat\u00edvne pr\u00edstupy k tvorbe sily a riadeniu pohybu. N\u00e1vrh sa zameriava na optimaliz\u00e1ciu prenosu energie pri zachovan\u00ed kon\u0161truk\u010dnej vyv\u00e1\u017eenosti a mechanickej \u00fa\u010dinnosti.<\/p><p data-start=\"331\" data-end=\"448\">Koncept je v s\u00fa\u010dasnosti chr\u00e1nen\u00fd patentovou prihl\u00e1\u0161kou a predstavuje z\u00e1kladn\u00fd prvok pre potenci\u00e1lne bud\u00face aplik\u00e1cie.<\/p><p data-start=\"450\" data-end=\"478\"><strong data-start=\"450\" data-end=\"478\">K\u013e\u00fa\u010dov\u00e9 charakteristiky:<\/strong><\/p><ul data-start=\"479\" data-end=\"675\" data-is-last-node=\"\" data-is-only-node=\"\"><li data-section-id=\"kdyebu\" data-start=\"479\" data-end=\"523\"><p data-start=\"481\" data-end=\"523\">Alternat\u00edvny princ\u00edp mechanick\u00e9ho pohonu<\/p><\/li><li data-section-id=\"105d2s1\" data-start=\"524\" data-end=\"570\"><p data-start=\"526\" data-end=\"570\">Optimalizovan\u00fd mechanizmus prenosu energie<\/p><\/li><li data-section-id=\"106ok1m\" data-start=\"571\" data-end=\"608\"><p data-start=\"573\" data-end=\"608\">Vyv\u00e1\u017een\u00e1 kon\u0161truk\u010dn\u00e1 konfigur\u00e1cia<\/p><\/li><li data-section-id=\"d5ibtw\" data-start=\"609\" data-end=\"646\"><p data-start=\"611\" data-end=\"646\">Navrhnut\u00e9 na viac\u00fa\u010delov\u00e9 vyu\u017eitie<\/p><\/li><li data-section-id=\"cwinoa\" data-start=\"647\" data-end=\"675\" data-is-last-node=\"\"><p data-start=\"649\" data-end=\"675\" data-is-last-node=\"\">Podan\u00e1 patentov\u00e1 prihl\u00e1\u0161ka<\/p><\/li><\/ul>\n<\/div><\/div>\n<\/section>","protected":false},"excerpt":{"rendered":"<p>Pohonn\u00e1 jednotka Vysokov\u00fdkonn\u00fd koncept pohonu zalo\u017een\u00fd na inovat\u00edvnom mechanickom prenose energie.Tento vyn\u00e1lez sk\u00fama alternat\u00edvne pr\u00edstupy k tvorbe sily a riadeniu pohybu. N\u00e1vrh sa zameriava na optimaliz\u00e1ciu prenosu energie pri zachovan\u00ed kon\u0161truk\u010dnej vyv\u00e1\u017eenosti a mechanickej \u00fa\u010dinnosti.Koncept je v s\u00fa\u010dasnosti chr\u00e1nen\u00fd patentovou prihl\u00e1\u0161kou a predstavuje z\u00e1kladn\u00fd prvok pre potenci\u00e1lne bud\u00face aplik\u00e1cie.K\u013e\u00fa\u010dov\u00e9 charakteristiky:Alternat\u00edvny princ\u00edp mechanick\u00e9ho pohonuOptimalizovan\u00fd mechanizmus prenosu [&hellip;]<\/p>\n","protected":false},"author":1,"featured_media":0,"parent":0,"menu_order":0,"comment_status":"closed","ping_status":"closed","template":"","meta":{"_breakdance_hide_in_design_set":false,"_breakdance_tags":"","footnotes":""},"page_group":[58],"class_list":["post-2627","page","type-page","status-publish","hentry","page_group-pages"],"_links":{"self":[{"href":"https:\/\/www.nemesysunit.com\/sk\/wp-json\/wp\/v2\/pages\/2627","targetHints":{"allow":["GET"]}}],"collection":[{"href":"https:\/\/www.nemesysunit.com\/sk\/wp-json\/wp\/v2\/pages"}],"about":[{"href":"https:\/\/www.nemesysunit.com\/sk\/wp-json\/wp\/v2\/types\/page"}],"author":[{"embeddable":true,"href":"https:\/\/www.nemesysunit.com\/sk\/wp-json\/wp\/v2\/users\/1"}],"replies":[{"embeddable":true,"href":"https:\/\/www.nemesysunit.com\/sk\/wp-json\/wp\/v2\/comments?post=2627"}],"version-history":[{"count":5,"href":"https:\/\/www.nemesysunit.com\/sk\/wp-json\/wp\/v2\/pages\/2627\/revisions"}],"predecessor-version":[{"id":2861,"href":"https:\/\/www.nemesysunit.com\/sk\/wp-json\/wp\/v2\/pages\/2627\/revisions\/2861"}],"wp:attachment":[{"href":"https:\/\/www.nemesysunit.com\/sk\/wp-json\/wp\/v2\/media?parent=2627"}],"wp:term":[{"taxonomy":"page_group","embeddable":true,"href":"https:\/\/www.nemesysunit.com\/sk\/wp-json\/wp\/v2\/page_group?post=2627"}],"curies":[{"name":"wp","href":"https:\/\/api.w.org\/{rel}","templated":true}]}}