{"id":2586,"date":"2026-02-19T19:44:56","date_gmt":"2026-02-19T18:44:56","guid":{"rendered":"https:\/\/www.nemesysunit.com\/participacia\/"},"modified":"2026-03-10T16:19:49","modified_gmt":"2026-03-10T15:19:49","slug":"participacia","status":"publish","type":"page","link":"https:\/\/www.nemesysunit.com\/sk\/participacia\/","title":{"rendered":"Particip\u00e1cia"},"content":{"rendered":"<section class=\"bde-section-2586-100 bde-section\">\n  \n  \n\t\n\n\n\n<div class=\"section-container\"><h1 class=\"bde-heading-2586-101 bde-heading\">\n\u0160trukt\u00farovan\u00e1 \u00fa\u010das\u0165 v NemesysUnit\n<\/h1><div class=\"bde-text-2586-102 bde-text\">\nPochopte, ako funguj\u00fa Units, ako je \u00fa\u010das\u0165 zdokumentovan\u00e1 a ako m\u00f4\u017ee technick\u00fd pokrok, obmedzen\u00fd po\u010det Units a z\u00e1ujem trhu vpl\u00fdva\u0165 na bud\u00faci v\u00fdvoj hodnoty.\n<\/div><div class=\"bde-div-2586-103 bde-div\">\n  \n  \n\t\n\n\n\n<div class=\"bde-button-2586-104 bde-button\">\n    \n                                    \n    \n    \n    \n    \n            \n                    \n            \n            \n\n    \n    \n    \n    \n    \n    <a class=\"breakdance-link button-atom button-atom--primary bde-button__button\" href=\"https:\/\/www.nemesysunit.com\/sk\/produkt\/certifikat-nemesysunit\/\" target=\"_self\" data-type=\"url\"  >\n\n    \n        <span class=\"button-atom__text\">Z\u00edska\u0165 Units<\/span>\n\n        \n        \n                <\/a>\n\n    \n\n\n<\/div>\n<\/div><\/div>\n<\/section><section class=\"bde-section-2586-105 bde-section\">\n  \n  \n\t\n\n\n\n<div class=\"section-container\"><div class=\"bde-columns-2586-106 bde-columns\"><div class=\"bde-column-2586-107 bde-column\">\n  \n  \n\t\n\n\n\n<h2 class=\"bde-heading-2586-108 bde-heading\">\nInov\u00e1cie potrebuj\u00fa \u013eud\u00ed, ktor\u00ed veria\n<\/h2><div class=\"bde-rich-text-2586-109 bde-rich-text breakdance-rich-text-styles\">\n<p data-start=\"517\" data-end=\"653\">Technologick\u00e9 prelomov\u00e9 rie\u0161enia nevznikaj\u00fa zo d\u0148a na de\u0148. Buduj\u00fa sa rokmi v\u00fdskumu, vytrvalosti a nez\u00e1visl\u00e9ho myslenia.<br data-start=\"2115\" data-end=\"2118\" \/>Za ka\u017ed\u00fdm seri\u00f3znym v\u00fdvojom stoj\u00ed komunita \u013eud\u00ed, ktor\u00ed podporia inov\u00e1cie e\u0161te sk\u00f4r, ne\u017e sa stan\u00fa be\u017enou s\u00fa\u010das\u0165ou trhu.<\/p>\n<\/div><h3 class=\"bde-heading-2586-110 bde-heading\">\n\u00da\u010das\u0165 umo\u017e\u0148uje jednotlivcom\n<\/h3><div class=\"bde-rich-text-2586-111 bde-rich-text breakdance-rich-text-styles\">\n<p data-start=\"781\" data-end=\"900\">sta\u0165 sa s\u00fa\u010das\u0165ou tejto cesty \u2013 ako prispievatelia k re\u00e1lnemu technick\u00e9mu pokroku.<\/p>\n<\/div>\n<\/div><div class=\"bde-column-2586-112 bde-column\">\n  \n  \n\t\n\n\n\n<h2 class=\"bde-heading-2586-113 bde-heading\">\n\u010co znamen\u00e1 particip\u00e1cia\n<\/h2><div class=\"bde-rich-text-2586-114 bde-rich-text breakdance-rich-text-styles\">\n<p data-start=\"960\" data-end=\"1099\">Particip\u00e1cia je postaven\u00e1 na form\u00e1lnom zmluvnom modeli, ktor\u00fd umo\u017e\u0148uje podporovate\u013eom prispie\u0165 k v\u00fdvoju projektov Nemesys. Predstavuje \u0161trukt\u00farovan\u00fa \u00fa\u010das\u0165 na dlhodobom technickom v\u00fdvoji.<\/p>\n<\/div><h3 class=\"bde-heading-2586-115 bde-heading\">\n\u0160trukt\u00farovan\u00e9 a transparentn\u00e9\n<\/h3><div class=\"bde-rich-text-2586-116 bde-rich-text breakdance-rich-text-styles\">\n<p data-start=\"1217\" data-end=\"1239\">\u00a0\u00da\u010das\u0165 definuje:<br data-start=\"4044\" data-end=\"4047\" \/>\u2022 Finan\u010dn\u00fd pr\u00edspevok<br data-start=\"4067\" data-end=\"4070\" \/>\u2022 Jasne definovan\u00e9 pr\u00e1va a povinnosti<br data-start=\"4107\" data-end=\"4110\" \/>\u2022 R\u00e1mec \u00fa\u010dasti<br data-start=\"4124\" data-end=\"4127\" \/>\u2022 Podmienky prevodu<\/p>\n<\/div>\n<\/div><\/div><\/div>\n<\/section><section class=\"bde-section-2586-117 bde-section\">\n  \n  \n\t\n\n\n\n<div class=\"section-container\"><h2 class=\"bde-heading-2586-118 bde-heading\">\nAko funguje \u00fa\u010das\u0165 v NemesysUnit\n<\/h2><h4 class=\"bde-heading-2586-119 bde-heading\">\n(p\u00f4\u017ei\u010dka \u2192 Units \u2192 \u00fa\u010das\u0165)\n<\/h4><div class=\"bde-columns-2586-120 bde-columns\"><div class=\"bde-column-2586-121 bde-column\">\n  \n  \n\t\n\n\n\n<img decoding=\"async\" class=\"bde-image2-2586-122 bde-image2\" src=\"https:\/\/www.nemesysunit.com\/wp-content\/uploads\/2026\/02\/NU-how-nemesysunit-works-01-loan.png\" loading=\"lazy\" srcset=\"https:\/\/www.nemesysunit.com\/wp-content\/uploads\/2026\/02\/NU-how-nemesysunit-works-01-loan.png 542w, https:\/\/www.nemesysunit.com\/wp-content\/uploads\/2026\/02\/NU-how-nemesysunit-works-01-loan-224x300.png 224w\" sizes=\"(max-width: 542px) 100vw, 542px\"><h4 class=\"bde-heading-2586-123 bde-heading\">\nPoskytnete p\u00f4\u017ei\u010dku\n<\/h4><div class=\"bde-text-2586-124 bde-text\">\nVa\u0161e prostriedky pom\u00e1haj\u00fa financova\u0165 v\u00fdvoj v r\u00e1mci Nemesys s.r.o.\n<\/div><div class=\"bde-div-2586-125 bde-div\">\n  \n  \n\t\n\n\n\n<div class=\"bde-button-2586-126 bde-button\">\n    \n                                    \n    \n    \n    \n    \n            \n                    \n            \n            \n\n    \n    \n    \n    \n    \n    <a class=\"breakdance-link button-atom button-atom--secondary bde-button__button\" href=\"https:\/\/www.nemesysunit.com\/wp-content\/uploads\/2026\/03\/Zmluva-NEMESYSUNIT.pdf\" target=\"_blank\" data-type=\"url\"  >\n\n    \n        <span class=\"button-atom__text\">Zobrazi\u0165 zmluvu o p\u00f4\u017ei\u010dke<\/span>\n\n        \n        \n                <\/a>\n\n    \n\n\n<\/div>\n<\/div>\n<\/div><div class=\"bde-column-2586-127 bde-column\">\n  \n  \n\t\n\n\n\n<img decoding=\"async\" class=\"bde-image2-2586-128 bde-image2\" src=\"https:\/\/www.nemesysunit.com\/wp-content\/uploads\/2026\/02\/NU-how-nemesysunit-works-certificate.png\" loading=\"lazy\" srcset=\"https:\/\/www.nemesysunit.com\/wp-content\/uploads\/2026\/02\/NU-how-nemesysunit-works-certificate.png 542w, https:\/\/www.nemesysunit.com\/wp-content\/uploads\/2026\/02\/NU-how-nemesysunit-works-certificate-224x300.png 224w\" sizes=\"(max-width: 542px) 100vw, 542px\"><h4 class=\"bde-heading-2586-129 bde-heading\">\nZ\u00edskate Units\n<\/h4><div class=\"bde-text-2586-130 bde-text\">\nUnits predstavuj\u00fa zdokumentovan\u00fa poz\u00edciu \u00fa\u010dasti viazan\u00fa na rozdelenie zisku.\n<\/div><div class=\"bde-div-2586-131 bde-div\">\n  \n  \n\t\n\n\n\n<div class=\"bde-button-2586-132 bde-button\">\n    \n                                    \n    \n    \n    \n    \n            \n                    \n            \n            \n\n    \n    \n    \n    \n    \n    <a class=\"breakdance-link button-atom button-atom--secondary bde-button__button\" href=\"https:\/\/www.nemesysunit.com\/sk\/produkt\/certifikat-nemesysunit\/\" target=\"_blank\" data-type=\"url\"  >\n\n    \n        <span class=\"button-atom__text\">Zobrazi\u0165 certifik\u00e1t<\/span>\n\n        \n        \n                <\/a>\n\n    \n\n\n<\/div>\n<\/div>\n<\/div><div class=\"bde-column-2586-133 bde-column\">\n  \n  \n\t\n\n\n\n<img decoding=\"async\" class=\"bde-image2-2586-134 bde-image2\" src=\"https:\/\/www.nemesysunit.com\/wp-content\/uploads\/2026\/02\/NU-how-nemesysunit-works-performance.png\" loading=\"lazy\" srcset=\"https:\/\/www.nemesysunit.com\/wp-content\/uploads\/2026\/02\/NU-how-nemesysunit-works-performance.png 542w, https:\/\/www.nemesysunit.com\/wp-content\/uploads\/2026\/02\/NU-how-nemesysunit-works-performance-224x300.png 224w\" sizes=\"(max-width: 542px) 100vw, 542px\"><h4 class=\"bde-heading-2586-135 bde-heading\">\nSplatenie a podiel na zisku\n<\/h4><div class=\"bde-text-2586-136 bde-text\">\nSplatenie je rie\u0161en\u00e9 cez definovan\u00fd mechanizmus post\u00fapenia poh\u013ead\u00e1vky a rozdelenie zisku prebieha raz ro\u010dne pod\u013ea v\u00fdsledkov.\n<\/div><div class=\"bde-div-2586-137 bde-div\">\n  \n  \n\t\n\n\n\n<div class=\"bde-button-2586-138 bde-button\">\n    \n                                    \n    \n    \n    \n    \n            \n                    \n            \n            \n\n    \n    \n    \n    \n    \n    <a class=\"breakdance-link button-atom button-atom--secondary bde-button__button\" href=\"#graf-vykonnosti\" target=\"_self\" data-type=\"url\"  >\n\n    \n        <span class=\"button-atom__text\">Zobrazi\u0165 graf v\u00fdkonnosti<\/span>\n\n        \n        \n                <\/a>\n\n    \n\n\n<\/div>\n<\/div>\n<\/div><\/div><\/div>\n<\/section><section class=\"bde-section-2586-139 bde-section\">\n  \n  \n\t\n\n\n\n<div class=\"section-container\"><h2 class=\"bde-heading-2586-140 bde-heading\">\nPre\u010do s\u00fa Units v\u00fdhodn\u00e9 pre obe strany (nie dar)\n<\/h2><div class=\"bde-text-2586-141 bde-text\">\nHodnota Units je trhovo orientovan\u00e1 a odr\u00e1\u017ea obmedzen\u00fa ponuku aj v\u00fdkonnos\u0165 spolo\u010dnosti (potenci\u00e1l zisku, dopyt, m\u00ed\u013eniky progresu). Ako Nemesys s.r.o. rastie, m\u00f4\u017ee primerane r\u00e1s\u0165 aj trhov\u00fd dopyt po Units.\n<\/div><div class=\"bde-rich-text-2586-142 bde-rich-text breakdance-rich-text-styles\">\n<ul><li data-start=\"1772\" data-end=\"1868\"><p data-start=\"1775\" data-end=\"1868\"><strong>Dr\u017e\u00edte Units<\/strong><br data-start=\"1793\" data-end=\"1796\" \/>\u00a0<em data-start=\"7245\" data-end=\"7303\">Jasn\u00e1, zdokumentovan\u00e1 poz\u00edcia \u00fa\u010dasti viazan\u00e1 na projekt.<\/em><\/p><\/li><li data-start=\"1871\" data-end=\"1982\"><p data-start=\"1874\" data-end=\"1982\"><strong>V\u00fdvoj je financovan\u00fd<\/strong><br data-start=\"1899\" data-end=\"1902\" \/><em>Va\u0161e z\u00edskanie ur\u00fdch\u013euje progres k prototypom a valid\u00e1cii.<\/em><\/p><\/li><li data-start=\"1985\" data-end=\"2123\"><p data-start=\"1988\" data-end=\"2123\"><strong>Definovan\u00fd prechodov\u00fd mechanizmus<\/strong><br data-start=\"2020\" data-end=\"2023\" \/><em>Model je navrhnut\u00fd tak, aby pre\u0161iel do \u010fal\u0161ej f\u00e1zy po vysporiadan\u00ed z\u00e1v\u00e4zkov \u2013 pod\u013ea podmienok.<\/em><\/p><\/li><\/ul>\n<\/div><h2 class=\"bde-heading-2586-143 bde-heading\">\nPre\u010do Units rast\u00fa na hodnote\n<\/h2><div class=\"bde-text-2586-144 bde-text\">\nHodnota Units je trhovo orientovan\u00e1 a odr\u00e1\u017ea obmedzen\u00fa ponuku aj v\u00fdkonnos\u0165 spolo\u010dnosti (potenci\u00e1l zisku, dopyt, m\u00ed\u013eniky progresu). Ako Nemesys s.r.o. rastie, m\u00f4\u017ee primerane r\u00e1s\u0165 aj trhov\u00fd dopyt po Units.\n<\/div><div class=\"bde-columns-2586-145 bde-columns\"><div class=\"bde-column-2586-146 bde-column\">\n  \n  \n\t\n\n\n\n<div class=\"bde-button-2586-147 bde-button\">\n    \n                                    \n    \n    \n    \n    \n            \n                    \n            \n            \n\n    \n    \n    \n    \n    \n    <a class=\"breakdance-link button-atom button-atom--primary bde-button__button\" href=\"https:\/\/www.nemesysunit.com\/wp-content\/uploads\/2026\/03\/Zmluva-NEMESYSUNIT.pdf\" target=\"_blank\" data-type=\"url\"  >\n\n    \n        <span class=\"button-atom__text\">Pre\u010d\u00edta\u0165 zmluvu o p\u00f4\u017ei\u010dke<\/span>\n\n        \n        \n                <\/a>\n\n    \n\n\n<\/div>\n<\/div><div class=\"bde-column-2586-148 bde-column\">\n  \n  \n\t\n\n\n\n<div class=\"bde-button-2586-149 bde-button\">\n    \n                                    \n    \n    \n    \n    \n            \n                    \n            \n            \n\n    \n    \n    \n    \n    \n    <a class=\"breakdance-link button-atom button-atom--secondary bde-button__button\" href=\"#graf-vykonnosti\" target=\"_self\" data-type=\"url\"  >\n\n    \n        <span class=\"button-atom__text\">Pozrie\u0165 aktu\u00e1lnu hodnotu Units a progres<\/span>\n\n        \n        \n                <\/a>\n\n    \n\n\n<\/div>\n<\/div><\/div><\/div>\n<\/section><section class=\"bde-section-2586-150 bde-section\">\n              \n  \n  \n\t\n\n\n\n<div class=\"section-container\"><h3 class=\"bde-heading-2586-151 bde-heading\">\nV priebehu rokov sa \u00fa\u010das\u0165 roz\u0161\u00edrila spolu s v\u00fdvojom technickej v\u00edzie.\n<\/h3><\/div>\n<\/section><section class=\"bde-section-2586-152 bde-section\">\n              \n  \n  \n\t\n\n\n\n<div class=\"section-container\"><h2 class=\"bde-heading-2586-153 bde-heading\">\nFakty v \u010d\u00edslach\n<\/h2><div class=\"bde-columns-2586-154 bde-columns\"><div class=\"bde-column-2586-155 bde-column\">\n  \n  \n\t\n\n\n\n<h2 class=\"bde-heading-2586-156 bde-heading\">\n\u20ac 200\n<\/h2><div class=\"bde-text-2586-157 bde-text\">\nAktu\u00e1lna referen\u010dn\u00e1 hodnota na jednu Nemesys Unit\n<\/div>\n<\/div><div class=\"bde-column-2586-158 bde-column\">\n  \n  \n\t\n\n\n\n<h2 class=\"bde-heading-2586-159 bde-heading\">\n400+\n<\/h2><div class=\"bde-text-2586-160 bde-text\">\nDr\u017eitelia \u00fa\u010dasti\n<\/div>\n<\/div><div class=\"bde-column-2586-161 bde-column\">\n  \n  \n\t\n\n\n\n<h2 class=\"bde-heading-2586-162 bde-heading\">\n31 000+\n<\/h2><div class=\"bde-text-2586-163 bde-text\">\nAktu\u00e1lne dr\u017ean\u00e9 Units\n<\/div>\n<\/div><div class=\"bde-column-2586-164 bde-column\">\n  \n  \n\t\n\n\n\n<h2 class=\"bde-heading-2586-165 bde-heading\">\n100 000\n<\/h2><div class=\"bde-text-2586-166 bde-text\">\nMaxim\u00e1lny po\u010det Units\n<\/div>\n<\/div><\/div><h3 id=\"value-development-overview\" class=\"bde-heading-2586-167 bde-heading\">\nPreh\u013ead v\u00fdvoja hodnoty\n<\/h3><img decoding=\"async\" id=\"graf-vykonnosti\" class=\"bde-image2-2586-168 bde-image2\" src=\"https:\/\/www.nemesysunit.com\/wp-content\/uploads\/2026\/03\/graf-vyvoja-cien-nemesys_SK-1.jpg\" loading=\"lazy\" srcset=\"https:\/\/www.nemesysunit.com\/wp-content\/uploads\/2026\/03\/graf-vyvoja-cien-nemesys_SK-1.jpg 2528w, https:\/\/www.nemesysunit.com\/wp-content\/uploads\/2026\/03\/graf-vyvoja-cien-nemesys_SK-1-300x201.jpg 300w, https:\/\/www.nemesysunit.com\/wp-content\/uploads\/2026\/03\/graf-vyvoja-cien-nemesys_SK-1-1024x687.jpg 1024w, https:\/\/www.nemesysunit.com\/wp-content\/uploads\/2026\/03\/graf-vyvoja-cien-nemesys_SK-1-768x515.jpg 768w, https:\/\/www.nemesysunit.com\/wp-content\/uploads\/2026\/03\/graf-vyvoja-cien-nemesys_SK-1-1536x1030.jpg 1536w, https:\/\/www.nemesysunit.com\/wp-content\/uploads\/2026\/03\/graf-vyvoja-cien-nemesys_SK-1-2048x1374.jpg 2048w, https:\/\/www.nemesysunit.com\/wp-content\/uploads\/2026\/03\/graf-vyvoja-cien-nemesys_SK-1-600x403.jpg 600w\" sizes=\"(max-width: 2528px) 100vw, 2528px\"><div class=\"bde-text-2586-169 bde-text\">\nPo\u010det Units vydan\u00fdch pri ka\u017edej referen\u010dnej hodnote sa ur\u010duje individu\u00e1lne pre ka\u017ed\u00fa f\u00e1zu. Zobrazen\u00e9 alok\u00e1cie pre bud\u00face f\u00e1zy s\u00fa orienta\u010dn\u00e9 a m\u00f4\u017eu sa meni\u0165 pod\u013ea dopytu a potrieb projektu. Celkov\u00e1 ponuka nikdy neprekro\u010d\u00ed 100 000 Units (hard cap).\n<\/div><\/div>\n<\/section><section class=\"bde-section-2586-170 bde-section\">\n  \n  \n\t\n\n\n\n<div class=\"section-container\"><h3 class=\"bde-heading-2586-171 bde-heading\">\nPre\u010do stup\u0148ovan\u00fd cenov\u00fd model vytv\u00e1ra dlhodob\u00fa hodnotu\n<\/h3><div class=\"bde-rich-text-2586-172 bde-rich-text breakdance-rich-text-styles\">\n<p data-start=\"266\" data-end=\"422\">Stup\u0148ovan\u00e1 cenov\u00e1 \u0161trukt\u00fara odr\u00e1\u017ea kontrolovan\u00fd a merate\u013en\u00fd rast projektu.<br data-start=\"12714\" data-end=\"12717\" \/>Ka\u017ed\u00e1 f\u00e1za uvo\u013en\u00ed obmedzen\u00fd po\u010det Units na vopred definovanej cenovej \u00farovni.<br data-start=\"12794\" data-end=\"12797\" \/>Tento model zabezpe\u010duje:<br data-start=\"12821\" data-end=\"12824\" \/>Skor\u00ed \u00fa\u010dastn\u00edci vstupuj\u00fa pri ni\u017e\u0161ej \u00farovni ocenenia<br data-start=\"12875\" data-end=\"12878\" \/>Cenov\u00fd progres odr\u00e1\u017ea v\u00fdvojov\u00e9 m\u00ed\u013eniky<br data-start=\"12916\" data-end=\"12919\" \/>Ponuka zost\u00e1va v ka\u017edej f\u00e1ze \u0161truktur\u00e1lne obmedzen\u00e1<br data-start=\"12970\" data-end=\"12973\" \/>Rast hodnoty je viazan\u00fd na re\u00e1lny pokrok projektu<br data-start=\"13022\" data-end=\"13025\" \/>\u0160trukt\u00fara nie je \u0161pekulat\u00edvna.<br data-start=\"13055\" data-end=\"13058\" \/>Je postaven\u00e1 na postupnom technologickom v\u00fdvoji a kontrolovanom roz\u0161irovan\u00ed.<\/p>\n<\/div><div class=\"bde-columns-2586-173 bde-columns\"><div class=\"bde-column-2586-174 bde-column\">\n  \n  \n\t\n\n\n\n<h3 class=\"bde-heading-2586-175 bde-heading\">\n\u010co ur\u010duje v\u00fdvoj hodnoty\n<\/h3><div class=\"bde-rich-text-2586-176 bde-rich-text breakdance-rich-text-styles\">\n<p data-start=\"13317\" data-end=\"14582\">Zv\u00fd\u0161enia ceny nie s\u00fa n\u00e1hodn\u00e9.<br data-start=\"14222\" data-end=\"14225\" \/><strong>V\u00fdvoj hodnoty ovplyv\u0148uj\u00fa:<\/strong><\/p><ul><li data-start=\"13317\" data-end=\"14582\">Technologick\u00e9 prelomov\u00e9 rie\u0161enia<\/li><li data-start=\"13317\" data-end=\"14582\">Valid\u00e1cia prototypu<\/li><li data-start=\"13317\" data-end=\"14582\">Technick\u00e1 optimaliz\u00e1cia<\/li><li data-start=\"13317\" data-end=\"14582\">Pripravenos\u0165 na \u0161k\u00e1lovanie<\/li><li data-start=\"13317\" data-end=\"14582\">Roz\u0161irovanie komunity<\/li><li data-start=\"13317\" data-end=\"14582\">Strategick\u00e9 partnerstv\u00e1<\/li><li data-start=\"13317\" data-end=\"14582\">Produk\u010dn\u00e1 kapacita<\/li><li data-start=\"13317\" data-end=\"14582\">Trhov\u00e9 postavenie<\/li><\/ul><p data-start=\"13317\" data-end=\"14582\">Ka\u017ed\u00e1 f\u00e1za predstavuje merate\u013en\u00fd pokrok v t\u00fdchto oblastiach.<br data-start=\"14516\" data-end=\"14519\" \/>Ako projekt postupuje, primerane sa vyv\u00edja aj r\u00e1mec oce\u0148ovania.<\/p>\n<\/div>\n<\/div><div class=\"bde-column-2586-177 bde-column\">\n  \n  \n\t\n\n\n\n<h3 class=\"bde-heading-2586-178 bde-heading\">\nAktu\u00e1lna f\u00e1za\n<\/h3><div class=\"bde-rich-text-2586-179 bde-rich-text breakdance-rich-text-styles\">\n<p data-start=\"1266\" data-end=\"1305\">Projekt sa aktu\u00e1lne nach\u00e1dza v cenovej \u00farovni \u20ac200.<br data-start=\"15280\" data-end=\"15283\" \/>T\u00e1to f\u00e1za odr\u00e1\u017ea dokon\u010den\u00fd z\u00e1kladn\u00fd v\u00fdvoj a prechod do pokro\u010dil\u00e9ho technick\u00e9ho dola\u010fovania.<br data-start=\"15374\" data-end=\"15377\" \/>Zost\u00e1vaj\u00face Units v tejto f\u00e1ze s\u00fa obmedzen\u00e9.<\/p>\n<\/div><h3 class=\"bde-heading-2586-180 bde-heading\">\nZapojte sa v aktu\u00e1lnej f\u00e1ze\n<\/h3><div class=\"bde-rich-text-2586-181 bde-rich-text breakdance-rich-text-styles\">\n<p data-start=\"1592\" data-end=\"1686\">\u00da\u010das\u0165 v aktu\u00e1lnej f\u00e1ze umo\u017e\u0148uje vstup e\u0161te pred \u010fal\u0161ou \u0161truktur\u00e1lnou \u00fapravou ceny.<br data-start=\"15992\" data-end=\"15995\" \/>Pr\u00edstup je dostupn\u00fd, k\u00fdm je alok\u00e1cia otvoren\u00e1.<\/p>\n<\/div><div class=\"bde-button-2586-182 bde-button\">\n    \n                                    \n    \n    \n    \n    \n            \n                    \n            \n            \n\n    \n    \n    \n    \n    \n    <a class=\"breakdance-link button-atom button-atom--primary bde-button__button\" href=\"https:\/\/www.nemesysunit.com\/sk\/produkt\/certifikat-nemesysunit\/\" target=\"_self\" data-type=\"url\"  >\n\n    \n        <span class=\"button-atom__text\">Z\u00edska\u0165 Units<\/span>\n\n        \n        \n                <\/a>\n\n    \n\n\n<\/div>\n<\/div><\/div><\/div>\n<\/section>","protected":false},"excerpt":{"rendered":"<p>\u0160trukt\u00farovan\u00e1 \u00fa\u010das\u0165 v NemesysUnit Pochopte, ako funguj\u00fa Units, ako je \u00fa\u010das\u0165 zdokumentovan\u00e1 a ako m\u00f4\u017ee technick\u00fd pokrok, obmedzen\u00fd po\u010det Units a z\u00e1ujem trhu vpl\u00fdva\u0165 na bud\u00faci v\u00fdvoj hodnoty. Z\u00edska\u0165 Units Inov\u00e1cie potrebuj\u00fa \u013eud\u00ed, ktor\u00ed veria Technologick\u00e9 prelomov\u00e9 rie\u0161enia nevznikaj\u00fa zo d\u0148a na de\u0148. Buduj\u00fa sa rokmi v\u00fdskumu, vytrvalosti a nez\u00e1visl\u00e9ho myslenia.Za ka\u017ed\u00fdm seri\u00f3znym v\u00fdvojom stoj\u00ed [&hellip;]<\/p>\n","protected":false},"author":1,"featured_media":0,"parent":0,"menu_order":0,"comment_status":"closed","ping_status":"closed","template":"","meta":{"_breakdance_hide_in_design_set":false,"_breakdance_tags":"","footnotes":""},"page_group":[58],"class_list":["post-2586","page","type-page","status-publish","hentry","page_group-pages"],"_links":{"self":[{"href":"https:\/\/www.nemesysunit.com\/sk\/wp-json\/wp\/v2\/pages\/2586","targetHints":{"allow":["GET"]}}],"collection":[{"href":"https:\/\/www.nemesysunit.com\/sk\/wp-json\/wp\/v2\/pages"}],"about":[{"href":"https:\/\/www.nemesysunit.com\/sk\/wp-json\/wp\/v2\/types\/page"}],"author":[{"embeddable":true,"href":"https:\/\/www.nemesysunit.com\/sk\/wp-json\/wp\/v2\/users\/1"}],"replies":[{"embeddable":true,"href":"https:\/\/www.nemesysunit.com\/sk\/wp-json\/wp\/v2\/comments?post=2586"}],"version-history":[{"count":12,"href":"https:\/\/www.nemesysunit.com\/sk\/wp-json\/wp\/v2\/pages\/2586\/revisions"}],"predecessor-version":[{"id":2914,"href":"https:\/\/www.nemesysunit.com\/sk\/wp-json\/wp\/v2\/pages\/2586\/revisions\/2914"}],"wp:attachment":[{"href":"https:\/\/www.nemesysunit.com\/sk\/wp-json\/wp\/v2\/media?parent=2586"}],"wp:term":[{"taxonomy":"page_group","embeddable":true,"href":"https:\/\/www.nemesysunit.com\/sk\/wp-json\/wp\/v2\/page_group?post=2586"}],"curies":[{"name":"wp","href":"https:\/\/api.w.org\/{rel}","templated":true}]}}