{"id":2564,"date":"2026-02-22T10:36:09","date_gmt":"2026-02-22T09:36:09","guid":{"rendered":"https:\/\/www.nemesysunit.com\/aktivny-system-ochrany-proti-zaplaveniu\/"},"modified":"2026-03-10T17:34:28","modified_gmt":"2026-03-10T16:34:28","slug":"aktivny-protipovodnovy-system","status":"publish","type":"page","link":"https:\/\/www.nemesysunit.com\/sk\/aktivny-protipovodnovy-system\/","title":{"rendered":"Akt\u00edvny protipovod\u0148ov\u00fd syst\u00e9m"},"content":{"rendered":"<section class=\"bde-section-2564-100 bde-section\">\n  \n  \n\t\n\n\n\n<div class=\"section-container\"><h1 class=\"bde-heading-2564-101 bde-heading\">\nAkt\u00edvny protipovod\u0148ov\u00fd syst\u00e9m\n<\/h1><div class=\"bde-rich-text-2564-102 bde-rich-text breakdance-rich-text-styles\">\n<p data-start=\"51\" data-end=\"185\"><strong>Adapt\u00edvny protipovod\u0148ov\u00fd koncept navrhnut\u00fd tak, aby dynamicky reagoval na st\u00fapaj\u00facu hladinu vody.<\/strong><\/p><p data-start=\"187\" data-end=\"359\">Syst\u00e9m navrhuje akt\u00edvnu mechanick\u00fa reakciu namiesto pas\u00edvnych bari\u00e9rov\u00fdch rie\u0161en\u00ed. Je ur\u010den\u00fd na \u0161k\u00e1lovate\u013en\u00fa ochranu v prostrediach vystaven\u00fdch periodick\u00e9mu riziku povodn\u00ed.<\/p><p data-start=\"361\" data-end=\"453\">Koncept sa zameriava na mechanick\u00fa spo\u013eahlivos\u0165, modularitu a environment\u00e1lnu kompatibilitu.<\/p><p data-start=\"455\" data-end=\"673\"><strong>K\u013e\u00fa\u010dov\u00e9 vlastnosti:<\/strong><br data-start=\"474\" data-end=\"477\" \/>\u2022 Adapt\u00edvny mechanizmus reakcie na povode\u0148<br data-start=\"519\" data-end=\"522\" \/>\u2022 Modul\u00e1rna a \u0161k\u00e1lovate\u013en\u00e1 konfigur\u00e1cia<br data-start=\"561\" data-end=\"564\" \/>\u2022 Navrhnut\u00e9 pre scen\u00e1re r\u00fdchleho nasadenia<br data-start=\"606\" data-end=\"609\" data-is-only-node=\"\" \/>\u2022 Princ\u00edp mechanickej aktiv\u00e1cie<br data-start=\"640\" data-end=\"643\" \/>\u2022 Patent podan\u00fd a registrovan\u00fd<\/p>\n<\/div><\/div>\n<\/section>","protected":false},"excerpt":{"rendered":"<p>Akt\u00edvny protipovod\u0148ov\u00fd syst\u00e9m Adapt\u00edvny protipovod\u0148ov\u00fd koncept navrhnut\u00fd tak, aby dynamicky reagoval na st\u00fapaj\u00facu hladinu vody.Syst\u00e9m navrhuje akt\u00edvnu mechanick\u00fa reakciu namiesto pas\u00edvnych bari\u00e9rov\u00fdch rie\u0161en\u00ed. Je ur\u010den\u00fd na \u0161k\u00e1lovate\u013en\u00fa ochranu v prostrediach vystaven\u00fdch periodick\u00e9mu riziku povodn\u00ed.Koncept sa zameriava na mechanick\u00fa spo\u013eahlivos\u0165, modularitu a environment\u00e1lnu kompatibilitu.K\u013e\u00fa\u010dov\u00e9 vlastnosti:\u2022 Adapt\u00edvny mechanizmus reakcie na povode\u0148\u2022 Modul\u00e1rna a \u0161k\u00e1lovate\u013en\u00e1 konfigur\u00e1cia\u2022 Navrhnut\u00e9 pre [&hellip;]<\/p>\n","protected":false},"author":1,"featured_media":0,"parent":0,"menu_order":0,"comment_status":"closed","ping_status":"closed","template":"","meta":{"_breakdance_hide_in_design_set":false,"_breakdance_tags":"","footnotes":""},"page_group":[58],"class_list":["post-2564","page","type-page","status-publish","hentry","page_group-pages"],"_links":{"self":[{"href":"https:\/\/www.nemesysunit.com\/sk\/wp-json\/wp\/v2\/pages\/2564","targetHints":{"allow":["GET"]}}],"collection":[{"href":"https:\/\/www.nemesysunit.com\/sk\/wp-json\/wp\/v2\/pages"}],"about":[{"href":"https:\/\/www.nemesysunit.com\/sk\/wp-json\/wp\/v2\/types\/page"}],"author":[{"embeddable":true,"href":"https:\/\/www.nemesysunit.com\/sk\/wp-json\/wp\/v2\/users\/1"}],"replies":[{"embeddable":true,"href":"https:\/\/www.nemesysunit.com\/sk\/wp-json\/wp\/v2\/comments?post=2564"}],"version-history":[{"count":7,"href":"https:\/\/www.nemesysunit.com\/sk\/wp-json\/wp\/v2\/pages\/2564\/revisions"}],"predecessor-version":[{"id":2858,"href":"https:\/\/www.nemesysunit.com\/sk\/wp-json\/wp\/v2\/pages\/2564\/revisions\/2858"}],"wp:attachment":[{"href":"https:\/\/www.nemesysunit.com\/sk\/wp-json\/wp\/v2\/media?parent=2564"}],"wp:term":[{"taxonomy":"page_group","embeddable":true,"href":"https:\/\/www.nemesysunit.com\/sk\/wp-json\/wp\/v2\/page_group?post=2564"}],"curies":[{"name":"wp","href":"https:\/\/api.w.org\/{rel}","templated":true}]}}