{"id":2508,"date":"2026-02-19T19:43:35","date_gmt":"2026-02-19T18:43:35","guid":{"rendered":"https:\/\/www.nemesysunit.com\/domov\/"},"modified":"2026-03-10T16:22:47","modified_gmt":"2026-03-10T15:22:47","slug":"domov","status":"publish","type":"page","link":"https:\/\/www.nemesysunit.com\/sk\/","title":{"rendered":"Domov"},"content":{"rendered":"<section class=\"bde-section-2508-100 bde-section\">\n  \n  \n\t\n\n\n\n<div class=\"section-container\"><div class=\"bde-div-2508-102 bde-div\">\n  \n  \n\t\n\n\n\n<h4 class=\"bde-heading-2508-246 bde-heading\">\nPatentovan\u00e9 technick\u00e9 koncepty Pavla Neme\u0161a\n<\/h4><h1 class=\"bde-heading-2508-103 bde-heading\">\nNemesysUnit: Patentovan\u00e9 vyn\u00e1lezy\n<\/h1><h2 class=\"bde-heading-2508-101 bde-heading\">\n a \u0161trukt\u00farovan\u00e1 \u00fa\u010das\u0165\n<\/h2><div class=\"bde-text-2508-104 bde-text\">\nObjavte patentovan\u00e9 vyn\u00e1lezy s re\u00e1lnym technick\u00fdm potenci\u00e1lom a sledujte \u0161trukt\u00farovan\u00fd model \u00fa\u010dasti prepojen\u00fd s v\u00fdvojom projektu, verejn\u00fdm uznan\u00edm a dlhodob\u00fdm rastom hodnoty.\n<\/div><div class=\"bde-columns-2508-105 bde-columns\"><div class=\"bde-column-2508-106 bde-column\">\n  \n  \n\t\n\n\n\n<div class=\"bde-button-2508-107 bde-button\">\n    \n                                    \n    \n    \n    \n    \n            \n                    \n            \n            \n\n    \n    \n    \n    \n    \n    <a class=\"breakdance-link button-atom button-atom--primary bde-button__button\" href=\"https:\/\/www.nemesysunit.com\/sk\/produkt\/certifikat-nemesysunit\/\" target=\"_self\" data-type=\"url\"  >\n\n    \n        <span class=\"button-atom__text\">Z\u00edska\u0165 Units<\/span>\n\n        \n        \n                <\/a>\n\n    \n\n\n<\/div>\n<\/div><div class=\"bde-column-2508-108 bde-column\">\n  \n  \n\t\n\n\n\n<div class=\"bde-button-2508-109 bde-button\">\n    \n                                    \n    \n    \n    \n    \n            \n                    \n            \n            \n\n    \n    \n    \n    \n    \n    <a class=\"breakdance-link button-atom button-atom--secondary bde-button__button\" href=\"https:\/\/www.nemesysunit.com\/vibration-compressor\/\" target=\"_self\" data-type=\"url\"  >\n\n    \n        <span class=\"button-atom__text\">Presk\u00fama\u0165 vyn\u00e1lezy<\/span>\n\n        \n        \n                <\/a>\n\n    \n\n\n<\/div>\n<\/div><\/div>\n<\/div><\/div>\n<\/section><section class=\"bde-section-2508-247 bde-section\">\n  \n  \n\t\n\n\n\n<div class=\"section-container\"><h4 class=\"bde-heading-2508-248 bde-heading\">\nNemesysUnit je projekt zameran\u00fd na patentovan\u00e9 technick\u00e9 vyn\u00e1lezy Pavla Neme\u0161a a na \u0161trukt\u00farovan\u00fd model \u00fa\u010dasti prepojen\u00fd s ich technick\u00fdm rozvojom. Hlavn\u00fdm projektom v tejto f\u00e1ze je vibra\u010dn\u00fd kompresor, podporen\u00fd verejn\u00fdmi prezent\u00e1ciami, medi\u00e1lnymi v\u00fdstupmi a pokra\u010duj\u00facim v\u00fdvojom projektu.\n<\/h4><\/div>\n<\/section><section class=\"bde-section-2508-189 bde-section\">\n  \n  \n\t\n\n\n\n<div class=\"section-container\"><h2 class=\"bde-heading-2508-190 bde-heading\">\n\u010co je NemesysUnit\n<\/h2><h4 class=\"bde-heading-2508-191 bde-heading\">\n(p\u00f4\u017ei\u010dka \u2192 Units \u2192 \u00fa\u010das\u0165)\n<\/h4><div class=\"bde-text-2508-249 bde-text\">\nNemesysUnit prep\u00e1ja patentovan\u00e9 vyn\u00e1lezy, technick\u00fd v\u00fdvoj a zdokumentovan\u00fd model \u00fa\u010dasti do jedn\u00e9ho \u0161trukt\u00farovan\u00e9ho projektov\u00e9ho prostredia. Cie\u013eom je jasne predstavi\u0165 vyn\u00e1lezy, posilni\u0165 d\u00f4veru cez verejn\u00fa vidite\u013enos\u0165 a vytvori\u0165 priamu cestu k hlb\u0161iemu zapojeniu.\n<\/div><div class=\"bde-columns-2508-192 bde-columns\"><div class=\"bde-column-2508-193 bde-column\">\n  \n  \n\t\n\n\n\n<img decoding=\"async\" class=\"bde-image2-2508-194 bde-image2\" src=\"https:\/\/www.nemesysunit.com\/wp-content\/uploads\/2026\/02\/NU-how-nemesysunit-works-01-loan.png\" loading=\"lazy\" srcset=\"https:\/\/www.nemesysunit.com\/wp-content\/uploads\/2026\/02\/NU-how-nemesysunit-works-01-loan.png 542w, https:\/\/www.nemesysunit.com\/wp-content\/uploads\/2026\/02\/NU-how-nemesysunit-works-01-loan-224x300.png 224w\" sizes=\"(max-width: 542px) 100vw, 542px\"><h4 class=\"bde-heading-2508-195 bde-heading\">\nPoskytnete p\u00f4\u017ei\u010dku\n<\/h4><div class=\"bde-text-2508-196 bde-text\">\nVa\u0161e prostriedky pom\u00e1haj\u00fa financova\u0165 v\u00fdvoj v r\u00e1mci Nemesys s.r.o.\n<\/div><div class=\"bde-div-2508-197 bde-div\">\n  \n  \n\t\n\n\n\n<div class=\"bde-button-2508-198 bde-button\">\n    \n                                    \n    \n    \n    \n    \n            \n                    \n            \n            \n\n    \n    \n    \n    \n    \n    <a class=\"breakdance-link button-atom button-atom--secondary bde-button__button\" href=\"https:\/\/www.nemesysunit.com\/wp-content\/uploads\/2026\/03\/Zmluva-NEMESYSUNIT.pdf\" target=\"_blank\" data-type=\"url\"  >\n\n    \n        <span class=\"button-atom__text\">Zobrazi\u0165 zmluvu o p\u00f4\u017ei\u010dke<\/span>\n\n        \n        \n                <\/a>\n\n    \n\n\n<\/div>\n<\/div>\n<\/div><div class=\"bde-column-2508-199 bde-column\">\n  \n  \n\t\n\n\n\n<img decoding=\"async\" class=\"bde-image2-2508-200 bde-image2\" src=\"https:\/\/www.nemesysunit.com\/wp-content\/uploads\/2026\/02\/NU-how-nemesysunit-works-certificate.png\" loading=\"lazy\" srcset=\"https:\/\/www.nemesysunit.com\/wp-content\/uploads\/2026\/02\/NU-how-nemesysunit-works-certificate.png 542w, https:\/\/www.nemesysunit.com\/wp-content\/uploads\/2026\/02\/NU-how-nemesysunit-works-certificate-224x300.png 224w\" sizes=\"(max-width: 542px) 100vw, 542px\"><h4 class=\"bde-heading-2508-201 bde-heading\">\nZ\u00edskate Units\n<\/h4><div class=\"bde-text-2508-202 bde-text\">\nUnits predstavuj\u00fa zdokumentovan\u00fa poz\u00edciu \u00fa\u010dasti viazan\u00fa na rozdelenie zisku.\n<\/div><div class=\"bde-div-2508-203 bde-div\">\n  \n  \n\t\n\n\n\n<div class=\"bde-button-2508-204 bde-button\">\n    \n                                    \n    \n    \n    \n    \n            \n                    \n            \n            \n\n    \n    \n    \n    \n    \n    <a class=\"breakdance-link button-atom button-atom--secondary bde-button__button\" href=\"https:\/\/www.nemesysunit.com\/product\/nemesysunit-certificate\/\" target=\"_blank\" data-type=\"url\"  >\n\n    \n        <span class=\"button-atom__text\">Zobrazi\u0165 certifik\u00e1t<\/span>\n\n        \n        \n                <\/a>\n\n    \n\n\n<\/div>\n<\/div>\n<\/div><div class=\"bde-column-2508-205 bde-column\">\n  \n  \n\t\n\n\n\n<img decoding=\"async\" class=\"bde-image2-2508-206 bde-image2\" src=\"https:\/\/www.nemesysunit.com\/wp-content\/uploads\/2026\/02\/NU-how-nemesysunit-works-performance.png\" loading=\"lazy\" srcset=\"https:\/\/www.nemesysunit.com\/wp-content\/uploads\/2026\/02\/NU-how-nemesysunit-works-performance.png 542w, https:\/\/www.nemesysunit.com\/wp-content\/uploads\/2026\/02\/NU-how-nemesysunit-works-performance-224x300.png 224w\" sizes=\"(max-width: 542px) 100vw, 542px\"><h4 class=\"bde-heading-2508-207 bde-heading\">\nSplatenie a podiel na zisku\n<\/h4><div class=\"bde-text-2508-208 bde-text\">\nSplatenie je rie\u0161en\u00e9 cez definovan\u00fd mechanizmus post\u00fapenia poh\u013ead\u00e1vky a rozdelenie zisku prebieha raz ro\u010dne pod\u013ea v\u00fdsledkov.\n<\/div><div class=\"bde-div-2508-209 bde-div\">\n  \n  \n\t\n\n\n\n<div class=\"bde-button-2508-210 bde-button\">\n    \n                                    \n    \n    \n    \n    \n            \n                    \n            \n            \n\n    \n    \n    \n    \n    \n    <a class=\"breakdance-link button-atom button-atom--secondary bde-button__button\" href=\"https:\/\/www.nemesysunit.com\/sk\/participacia\/#graf-vykonnosti\" target=\"_self\" data-type=\"url\"  >\n\n    \n        <span class=\"button-atom__text\">Zobrazi\u0165 graf v\u00fdkonnosti<\/span>\n\n        \n        \n                <\/a>\n\n    \n\n\n<\/div>\n<\/div>\n<\/div><\/div><\/div>\n<\/section><section class=\"bde-section-2508-211 bde-section\">\n  \n  \n\t\n\n\n\n<div class=\"section-container\"><h2 class=\"bde-heading-2508-212 bde-heading\">\nAko funguje \u00fa\u010das\u0165\n<\/h2><div class=\"bde-text-2508-213 bde-text\">\nHodnota Units je trhovo orientovan\u00e1 a odr\u00e1\u017ea obmedzen\u00fa ponuku aj v\u00fdkonnos\u0165 spolo\u010dnosti (potenci\u00e1l zisku, dopyt, m\u00ed\u013eniky progresu). Ako Nemesys s.r.o. rastie, m\u00f4\u017ee primerane r\u00e1s\u0165 aj trhov\u00fd dopyt po Units.\n<\/div><div class=\"bde-rich-text-2508-214 bde-rich-text breakdance-rich-text-styles\">\n<ul><li data-start=\"1772\" data-end=\"1868\"><p data-start=\"1775\" data-end=\"1868\"><strong>Dr\u017e\u00edte Units<\/strong><br data-start=\"1793\" data-end=\"1796\" \/>\u00a0<em data-start=\"7245\" data-end=\"7303\">Jasn\u00e1, zdokumentovan\u00e1 poz\u00edcia \u00fa\u010dasti viazan\u00e1 na projekt.<\/em><\/p><\/li><li data-start=\"1871\" data-end=\"1982\"><p data-start=\"1874\" data-end=\"1982\"><strong>Financovanie v\u00fdvoja<\/strong><br data-start=\"1899\" data-end=\"1902\" \/><em>Va\u0161e z\u00edskanie ur\u00fdch\u013euje progres k prototypom a valid\u00e1cii.<\/em><\/p><\/li><li data-start=\"1985\" data-end=\"2123\"><p data-start=\"1988\" data-end=\"2123\"><strong>Definovan\u00fd prechodov\u00fd mechanizmus<\/strong><br data-start=\"2020\" data-end=\"2023\" \/><em>Model je navrhnut\u00fd tak, aby pre\u0161iel do \u010fal\u0161ej f\u00e1zy po vysporiadan\u00ed z\u00e1v\u00e4zkov \u2013 pod\u013ea podmienok.<\/em><\/p><\/li><\/ul>\n<\/div><h2 class=\"bde-heading-2508-215 bde-heading\">\nPre\u010do Units rast\u00fa na hodnote\n<\/h2><div class=\"bde-text-2508-216 bde-text\">\nHodnota Units je trhovo orientovan\u00e1 a odr\u00e1\u017ea obmedzen\u00fa ponuku aj v\u00fdkonnos\u0165 spolo\u010dnosti (potenci\u00e1l zisku, dopyt, m\u00ed\u013eniky progresu). Ako Nemesys s.r.o. rastie, m\u00f4\u017ee primerane r\u00e1s\u0165 aj trhov\u00fd dopyt po Units.\n<\/div><div class=\"bde-columns-2508-217 bde-columns\"><div class=\"bde-column-2508-218 bde-column\">\n  \n  \n\t\n\n\n\n<div class=\"bde-button-2508-219 bde-button\">\n    \n                                    \n    \n    \n    \n    \n            \n                    \n            \n            \n\n    \n    \n    \n    \n    \n    <a class=\"breakdance-link button-atom button-atom--primary bde-button__button\" href=\"https:\/\/www.nemesysunit.com\/wp-content\/uploads\/2026\/03\/Zmluva-NEMESYSUNIT.pdf\" target=\"_blank\" data-type=\"url\"  >\n\n    \n        <span class=\"button-atom__text\">Pre\u010d\u00edta\u0165 zmluvu o p\u00f4\u017ei\u010dke<\/span>\n\n        \n        \n                <\/a>\n\n    \n\n\n<\/div>\n<\/div><div class=\"bde-column-2508-220 bde-column\">\n  \n  \n\t\n\n\n\n<div class=\"bde-button-2508-221 bde-button\">\n    \n                                    \n    \n    \n    \n    \n            \n                    \n            \n            \n\n    \n    \n    \n    \n    \n    <a class=\"breakdance-link button-atom button-atom--secondary bde-button__button\" href=\"https:\/\/www.nemesysunit.com\/participation\/#value-development-overview\" target=\"_self\" data-type=\"url\"  >\n\n    \n        <span class=\"button-atom__text\">Pozrie\u0165 aktu\u00e1lnu hodnotu Units a progres<\/span>\n\n        \n        \n                <\/a>\n\n    \n\n\n<\/div>\n<\/div><\/div><\/div>\n<\/section><section class=\"bde-section-2508-222 bde-section\">\n  \n  \n\t\n\n\n\n<div class=\"section-container\"><h2 class=\"bde-heading-2508-223 bde-heading\">\nM\u00e9di\u00e1 a verejn\u00e9 uznanie\n<\/h2><div class=\"bde-text-2508-224 bde-text\">\n\u0160trukt\u00farovan\u00fd arch\u00edv verejn\u00fdch prezent\u00e1ci\u00ed, medi\u00e1lnych vyst\u00fapen\u00ed a technick\u00e9ho pokrytia.\n<\/div><div class=\"bde-columns-2508-225 bde-columns\"><div class=\"bde-column-2508-226 bde-column\">\n  \n  \n\t\n\n\n\n<a class=\"bde-container-link-2508-227 bde-container-link breakdance-link\" href=\"\/media\/#exhibitions\" target=\"_self\" data-type=\"url\">\n  \n  \n\t\n\n\n\n<img decoding=\"async\" class=\"bde-image2-2508-228 bde-image2\" src=\"https:\/\/www.nemesysinvention.com\/wp-content\/uploads\/2026\/01\/ico-media-exhibitions.jpg\" loading=\"lazy\" srcset=\"https:\/\/www.nemesysinvention.com\/wp-content\/uploads\/2026\/01\/ico-media-exhibitions.jpg 1456w, https:\/\/www.nemesysinvention.com\/wp-content\/uploads\/2026\/01\/ico-media-exhibitions-300x300.jpg 300w, https:\/\/www.nemesysinvention.com\/wp-content\/uploads\/2026\/01\/ico-media-exhibitions-1024x1024.jpg 1024w, https:\/\/www.nemesysinvention.com\/wp-content\/uploads\/2026\/01\/ico-media-exhibitions-150x150.jpg 150w, https:\/\/www.nemesysinvention.com\/wp-content\/uploads\/2026\/01\/ico-media-exhibitions-768x768.jpg 768w\" sizes=\"(max-width: 1456px) 100vw, 1456px\"><h4 class=\"bde-heading-2508-229 bde-heading\">\nMedzin\u00e1rodn\u00e9 v\u00fdstavy\n<\/h4><div class=\"bde-text-2508-230 bde-text\">\nPrezentovan\u00e9 na medzin\u00e1rodn\u00fdch technick\u00fdch v\u00fdstav\u00e1ch a odborn\u00fdch podujatiach s verejnou a medi\u00e1lnou \u00fa\u010das\u0165ou.\n<\/div>\n\n<\/a>\n<\/div><div class=\"bde-column-2508-231 bde-column\">\n  \n  \n\t\n\n\n\n<a class=\"bde-container-link-2508-232 bde-container-link breakdance-link\" href=\"\/media\/#tv\" target=\"_self\" data-type=\"url\">\n  \n  \n\t\n\n\n\n<img decoding=\"async\" class=\"bde-image2-2508-233 bde-image2\" src=\"https:\/\/www.nemesysinvention.com\/wp-content\/uploads\/2026\/01\/ico-media-tv.jpg\" loading=\"lazy\" srcset=\"https:\/\/www.nemesysinvention.com\/wp-content\/uploads\/2026\/01\/ico-media-tv.jpg 1456w, https:\/\/www.nemesysinvention.com\/wp-content\/uploads\/2026\/01\/ico-media-tv-300x300.jpg 300w, https:\/\/www.nemesysinvention.com\/wp-content\/uploads\/2026\/01\/ico-media-tv-1024x1024.jpg 1024w, https:\/\/www.nemesysinvention.com\/wp-content\/uploads\/2026\/01\/ico-media-tv-150x150.jpg 150w, https:\/\/www.nemesysinvention.com\/wp-content\/uploads\/2026\/01\/ico-media-tv-768x768.jpg 768w\" sizes=\"(max-width: 1456px) 100vw, 1456px\"><h4 class=\"bde-heading-2508-234 bde-heading\">\nTV a vysielacie m\u00e9di\u00e1\n<\/h4><div class=\"bde-text-2508-235 bde-text\">\nReport\u00e1\u017ee vo form\u00e1te telev\u00edznych programov a broadcast obsahu so zameran\u00edm na inovat\u00edvne technick\u00e9 koncepty.\n<\/div>\n\n<\/a>\n<\/div><div class=\"bde-column-2508-236 bde-column\">\n  \n  \n\t\n\n\n\n<a class=\"bde-container-link-2508-237 bde-container-link breakdance-link\" href=\"\/media\/#video\" target=\"_self\" data-type=\"url\">\n  \n  \n\t\n\n\n\n<img decoding=\"async\" class=\"bde-image2-2508-238 bde-image2\" src=\"https:\/\/www.nemesysinvention.com\/wp-content\/uploads\/2026\/01\/ico-media-internet-mov.jpg\" loading=\"lazy\" srcset=\"https:\/\/www.nemesysinvention.com\/wp-content\/uploads\/2026\/01\/ico-media-internet-mov.jpg 1456w, https:\/\/www.nemesysinvention.com\/wp-content\/uploads\/2026\/01\/ico-media-internet-mov-300x300.jpg 300w, https:\/\/www.nemesysinvention.com\/wp-content\/uploads\/2026\/01\/ico-media-internet-mov-1024x1024.jpg 1024w, https:\/\/www.nemesysinvention.com\/wp-content\/uploads\/2026\/01\/ico-media-internet-mov-150x150.jpg 150w, https:\/\/www.nemesysinvention.com\/wp-content\/uploads\/2026\/01\/ico-media-internet-mov-768x768.jpg 768w\" sizes=\"(max-width: 1456px) 100vw, 1456px\"><h4 class=\"bde-heading-2508-239 bde-heading\">\nVideo platformy a YouTube\n<\/h4><div class=\"bde-text-2508-240 bde-text\">\nVideoprezent\u00e1cie, uk\u00e1\u017eky a vysvetlenia publikovan\u00e9 na video platform\u00e1ch a technick\u00fdch kan\u00e1loch.\n<\/div>\n\n<\/a>\n<\/div><div class=\"bde-column-2508-241 bde-column\">\n  \n  \n\t\n\n\n\n<a class=\"bde-container-link-2508-242 bde-container-link breakdance-link\" href=\"\/media\/#articles\" target=\"_self\" data-type=\"url\">\n  \n  \n\t\n\n\n\n<img decoding=\"async\" class=\"bde-image2-2508-243 bde-image2\" src=\"https:\/\/www.nemesysinvention.com\/wp-content\/uploads\/2026\/01\/ico-media-doc.jpg\" loading=\"lazy\" srcset=\"https:\/\/www.nemesysinvention.com\/wp-content\/uploads\/2026\/01\/ico-media-doc.jpg 1456w, https:\/\/www.nemesysinvention.com\/wp-content\/uploads\/2026\/01\/ico-media-doc-300x300.jpg 300w, https:\/\/www.nemesysinvention.com\/wp-content\/uploads\/2026\/01\/ico-media-doc-1024x1024.jpg 1024w, https:\/\/www.nemesysinvention.com\/wp-content\/uploads\/2026\/01\/ico-media-doc-150x150.jpg 150w, https:\/\/www.nemesysinvention.com\/wp-content\/uploads\/2026\/01\/ico-media-doc-768x768.jpg 768w\" sizes=\"(max-width: 1456px) 100vw, 1456px\"><h4 class=\"bde-heading-2508-244 bde-heading\">\n\u010cl\u00e1nky a p\u00edsan\u00e9 m\u00e9di\u00e1\n<\/h4><div class=\"bde-text-2508-245 bde-text\">\nP\u00edsan\u00e9 spracovanie v online \u010dl\u00e1nkoch, technick\u00fdch blogoch a nez\u00e1visl\u00fdch publik\u00e1ci\u00e1ch venovan\u00fdch vyn\u00e1lezom.\n<\/div>\n\n<\/a>\n<\/div><\/div><\/div>\n<\/section><section class=\"bde-section-2508-161 bde-section\">\n  \n  \n\t\n\n\n\n<div class=\"section-container\"><div class=\"bde-div-2508-162 bde-div\">\n  \n  \n\t\n\n\n\n<h2 class=\"bde-heading-2508-163 bde-heading\">\n\u017div\u00e9 demon\u0161tr\u00e1cie\n<\/h2><div class=\"bde-rich-text-2508-164 bde-rich-text breakdance-rich-text-styles\">\n<p>Overenie syst\u00e9mov Nemesys v praxi prostredn\u00edctvom \u017eiv\u00e9ho merania a fyzickej demon\u0161tr\u00e1cie.<\/p>\n<\/div><div class=\"bde-div-2508-165 bde-div\">\n  \n  \n\t\n\n\n\n<div class=\"bde-rich-text-2508-166 bde-rich-text breakdance-rich-text-styles\">\n<h3 style=\"text-align: left;\">\u017div\u00e9 predn\u00e1\u0161ky s demon\u0161tr\u00e1ciou fyzick\u00e9ho zariadenia<\/h3><p style=\"text-align: left;\"><strong>Pavol Neme\u0161<\/strong> pon\u00faka prezen\u010dn\u00e9 technick\u00e9 predn\u00e1\u0161ky spojen\u00e9 so \u017eiv\u00fdmi demon\u0161tr\u00e1ciami funk\u010dn\u00fdch prototypov. Ka\u017ed\u00e1 session zah\u0155\u0148a meranie v re\u00e1lnom \u010dase a overenie spr\u00e1vania syst\u00e9mu za kontrolovan\u00fdch podmienok.<\/p>\n<\/div>\n<\/div>\n<\/div><div class=\"bde-columns-2508-167 bde-columns\"><div class=\"bde-column-2508-168 bde-column\">\n  \n  \n\t\n\n\n\n<img decoding=\"async\" class=\"bde-image2-2508-169 bde-image2\" src=\"https:\/\/www.nemesysinvention.com\/wp-content\/uploads\/2026\/02\/ico-live-demo_01_Physical-Device-Demonstration.jpg\" loading=\"lazy\" srcset=\"https:\/\/www.nemesysinvention.com\/wp-content\/uploads\/2026\/02\/ico-live-demo_01_Physical-Device-Demonstration.jpg 1000w, https:\/\/www.nemesysinvention.com\/wp-content\/uploads\/2026\/02\/ico-live-demo_01_Physical-Device-Demonstration-300x300.jpg 300w, https:\/\/www.nemesysinvention.com\/wp-content\/uploads\/2026\/02\/ico-live-demo_01_Physical-Device-Demonstration-150x150.jpg 150w, https:\/\/www.nemesysinvention.com\/wp-content\/uploads\/2026\/02\/ico-live-demo_01_Physical-Device-Demonstration-768x768.jpg 768w\" sizes=\"(max-width: 1000px) 100vw, 1000px\"><h5 class=\"bde-heading-2508-170 bde-heading\">\nDemon\u0161tr\u00e1cia zariadenia\n<\/h5><div class=\"bde-text-2508-171 bde-text\">\n\u017div\u00e1 prev\u00e1dzka zariadenia na mieste.\n<\/div>\n<\/div><div class=\"bde-column-2508-172 bde-column\">\n  \n  \n\t\n\n\n\n<img decoding=\"async\" class=\"bde-image2-2508-173 bde-image2\" src=\"https:\/\/www.nemesysinvention.com\/wp-content\/uploads\/2026\/02\/ico-live-demonstrations_02_real-time-messurment.jpg\" loading=\"lazy\" srcset=\"https:\/\/www.nemesysinvention.com\/wp-content\/uploads\/2026\/02\/ico-live-demonstrations_02_real-time-messurment.jpg 1000w, https:\/\/www.nemesysinvention.com\/wp-content\/uploads\/2026\/02\/ico-live-demonstrations_02_real-time-messurment-300x300.jpg 300w, https:\/\/www.nemesysinvention.com\/wp-content\/uploads\/2026\/02\/ico-live-demonstrations_02_real-time-messurment-150x150.jpg 150w, https:\/\/www.nemesysinvention.com\/wp-content\/uploads\/2026\/02\/ico-live-demonstrations_02_real-time-messurment-768x768.jpg 768w\" sizes=\"(max-width: 1000px) 100vw, 1000px\"><h5 class=\"bde-heading-2508-174 bde-heading\">\nMeranie v re\u00e1lnom \u010dase\n<\/h5><div class=\"bde-text-2508-175 bde-text\">\nNez\u00e1visl\u00e9 meranie po\u010das prev\u00e1dzky.\n<\/div>\n<\/div><div class=\"bde-column-2508-176 bde-column\">\n  \n  \n\t\n\n\n\n<img decoding=\"async\" class=\"bde-image2-2508-177 bde-image2\" src=\"https:\/\/www.nemesysinvention.com\/wp-content\/uploads\/2026\/02\/ico-live-demonstrations_03_System_Explanation.jpg\" loading=\"lazy\" srcset=\"https:\/\/www.nemesysinvention.com\/wp-content\/uploads\/2026\/02\/ico-live-demonstrations_03_System_Explanation.jpg 1000w, https:\/\/www.nemesysinvention.com\/wp-content\/uploads\/2026\/02\/ico-live-demonstrations_03_System_Explanation-300x300.jpg 300w, https:\/\/www.nemesysinvention.com\/wp-content\/uploads\/2026\/02\/ico-live-demonstrations_03_System_Explanation-150x150.jpg 150w, https:\/\/www.nemesysinvention.com\/wp-content\/uploads\/2026\/02\/ico-live-demonstrations_03_System_Explanation-768x768.jpg 768w\" sizes=\"(max-width: 1000px) 100vw, 1000px\"><h5 class=\"bde-heading-2508-178 bde-heading\">\nVysvetlenie syst\u00e9mu\n<\/h5><div class=\"bde-text-2508-179 bde-text\">\nPrinzipien, Grenzen, beobachtetes Verhalten.\n<\/div>\n<\/div><div class=\"bde-column-2508-180 bde-column\">\n  \n  \n\t\n\n\n\n<img decoding=\"async\" class=\"bde-image2-2508-181 bde-image2\" src=\"https:\/\/www.nemesysinvention.com\/wp-content\/uploads\/2026\/02\/ico-live-demo_04_technical_01.jpg\" loading=\"lazy\" srcset=\"https:\/\/www.nemesysinvention.com\/wp-content\/uploads\/2026\/02\/ico-live-demo_04_technical_01.jpg 1000w, https:\/\/www.nemesysinvention.com\/wp-content\/uploads\/2026\/02\/ico-live-demo_04_technical_01-300x300.jpg 300w, https:\/\/www.nemesysinvention.com\/wp-content\/uploads\/2026\/02\/ico-live-demo_04_technical_01-150x150.jpg 150w, https:\/\/www.nemesysinvention.com\/wp-content\/uploads\/2026\/02\/ico-live-demo_04_technical_01-768x768.jpg 768w\" sizes=\"(max-width: 1000px) 100vw, 1000px\"><h5 class=\"bde-heading-2508-182 bde-heading\">\nOtvoren\u00e1 technick\u00e1 diskusia\n<\/h5><div class=\"bde-text-2508-183 bde-text\">\nOt\u00e1zky, kritika, interpret\u00e1cia v\u00fdsledkov.\n<\/div>\n<\/div><\/div><div class=\"bde-div-2508-184 bde-div\">\n  \n  \n\t\n\n\n\n<div class=\"bde-rich-text-2508-185 bde-rich-text breakdance-rich-text-styles\">\n<p style=\"text-align: left;\"><strong>Stretnutia sa organizuj\u00fa pod\u013ea z\u00e1ujmu a potvrden\u00fdch registr\u00e1ci\u00ed.<\/strong><\/p><ul><li data-section-id=\"lqf0au\" data-start=\"4289\" data-end=\"4319\"><p data-start=\"4291\" data-end=\"4319\">Obmedzen\u00fd po\u010det \u00fa\u010dastn\u00edkov<\/p><\/li><li data-section-id=\"7ho1a6\" data-start=\"4320\" data-end=\"4340\"><p data-start=\"4322\" data-end=\"4340\">Pl\u00e1novan\u00e9 vopred<\/p><\/li><li data-section-id=\"yf3496\" data-start=\"4341\" data-end=\"4374\"><p data-start=\"4343\" data-end=\"4374\">Ur\u010den\u00e9 pre technick\u00e9 publikum<\/p><\/li><li data-section-id=\"txdjwx\" data-start=\"4375\" data-end=\"4399\"><p data-start=\"4377\" data-end=\"4399\">Detaily po registr\u00e1cii<\/p><\/li><\/ul>\n<\/div><h3 class=\"bde-heading-2508-186 bde-heading\">\nDemon\u0161tr\u00e1cie prebiehaj\u00fa dvakr\u00e1t t\u00fd\u017edenne v ur\u010den\u00e9 dni.\n<\/h3>\n<\/div><div class=\"bde-button-2508-187 bde-button\">\n    \n                                    \n    \n    \n    \n    \n            \n                    \n            \n            \n\n    \n    \n    \n    \n    \n    <a class=\"breakdance-link button-atom button-atom--primary bde-button__button\" href=\"https:\/\/www.nemesysunit.com\/contact\/\" target=\"_self\" data-type=\"url\"  >\n\n    \n        <span class=\"button-atom__text\">Po\u017eiada\u0165 o demon\u0161tr\u00e1ciu<\/span>\n\n        \n        \n                <\/a>\n\n    \n\n\n<\/div><div class=\"bde-text-2508-188 bde-text\">\nTerm\u00edny sa dohaduj\u00fa individu\u00e1lne pod\u013ea dostupnosti a z\u00e1ujmu.\n<\/div><\/div>\n<\/section>","protected":false},"excerpt":{"rendered":"<p>Patentovan\u00e9 technick\u00e9 koncepty Pavla Neme\u0161a NemesysUnit: Patentovan\u00e9 vyn\u00e1lezy a \u0161trukt\u00farovan\u00e1 \u00fa\u010das\u0165 Objavte patentovan\u00e9 vyn\u00e1lezy s re\u00e1lnym technick\u00fdm potenci\u00e1lom a sledujte \u0161trukt\u00farovan\u00fd model \u00fa\u010dasti prepojen\u00fd s v\u00fdvojom projektu, verejn\u00fdm uznan\u00edm a dlhodob\u00fdm rastom hodnoty. Z\u00edska\u0165 Units Presk\u00fama\u0165 vyn\u00e1lezy NemesysUnit je projekt zameran\u00fd na patentovan\u00e9 technick\u00e9 vyn\u00e1lezy Pavla Neme\u0161a a na \u0161trukt\u00farovan\u00fd model \u00fa\u010dasti prepojen\u00fd s ich [&hellip;]<\/p>\n","protected":false},"author":1,"featured_media":0,"parent":0,"menu_order":0,"comment_status":"closed","ping_status":"closed","template":"","meta":{"_breakdance_hide_in_design_set":false,"_breakdance_tags":"","footnotes":""},"page_group":[58],"class_list":["post-2508","page","type-page","status-publish","hentry","page_group-pages"],"_links":{"self":[{"href":"https:\/\/www.nemesysunit.com\/sk\/wp-json\/wp\/v2\/pages\/2508","targetHints":{"allow":["GET"]}}],"collection":[{"href":"https:\/\/www.nemesysunit.com\/sk\/wp-json\/wp\/v2\/pages"}],"about":[{"href":"https:\/\/www.nemesysunit.com\/sk\/wp-json\/wp\/v2\/types\/page"}],"author":[{"embeddable":true,"href":"https:\/\/www.nemesysunit.com\/sk\/wp-json\/wp\/v2\/users\/1"}],"replies":[{"embeddable":true,"href":"https:\/\/www.nemesysunit.com\/sk\/wp-json\/wp\/v2\/comments?post=2508"}],"version-history":[{"count":12,"href":"https:\/\/www.nemesysunit.com\/sk\/wp-json\/wp\/v2\/pages\/2508\/revisions"}],"predecessor-version":[{"id":2916,"href":"https:\/\/www.nemesysunit.com\/sk\/wp-json\/wp\/v2\/pages\/2508\/revisions\/2916"}],"wp:attachment":[{"href":"https:\/\/www.nemesysunit.com\/sk\/wp-json\/wp\/v2\/media?parent=2508"}],"wp:term":[{"taxonomy":"page_group","embeddable":true,"href":"https:\/\/www.nemesysunit.com\/sk\/wp-json\/wp\/v2\/page_group?post=2508"}],"curies":[{"name":"wp","href":"https:\/\/api.w.org\/{rel}","templated":true}]}}