{"id":2502,"date":"2026-02-19T20:55:54","date_gmt":"2026-02-19T19:55:54","guid":{"rendered":"https:\/\/www.nemesysunit.com\/vynalezca\/"},"modified":"2026-03-10T17:33:05","modified_gmt":"2026-03-10T16:33:05","slug":"vynalezca","status":"publish","type":"page","link":"https:\/\/www.nemesysunit.com\/sk\/vynalezca\/","title":{"rendered":"Vyn\u00e1lezca"},"content":{"rendered":"<section class=\"bde-section-2502-100 bde-section\">\n  \n  \n\t\n\n\n\n<div class=\"section-container\"><div class=\"bde-columns-2502-101 bde-columns\"><div class=\"bde-column-2502-102 bde-column\">\n  \n  \n\t\n\n\n\n<img decoding=\"async\" class=\"bde-image2-2502-103 bde-image2\" src=\"https:\/\/www.nemesysinvention.com\/wp-content\/uploads\/2026\/02\/pavol_nemes_portret-podklad-postava_1200.png\" loading=\"lazy\" srcset=\"https:\/\/www.nemesysinvention.com\/wp-content\/uploads\/2026\/02\/pavol_nemes_portret-podklad-postava_1200.png 870w, https:\/\/www.nemesysinvention.com\/wp-content\/uploads\/2026\/02\/pavol_nemes_portret-podklad-postava_1200-218x300.png 218w, https:\/\/www.nemesysinvention.com\/wp-content\/uploads\/2026\/02\/pavol_nemes_portret-podklad-postava_1200-742x1024.png 742w, https:\/\/www.nemesysinvention.com\/wp-content\/uploads\/2026\/02\/pavol_nemes_portret-podklad-postava_1200-768x1059.png 768w\" sizes=\"(max-width: 870px) 100vw, 870px\">\n<\/div><div class=\"bde-column-2502-104 bde-column\">\n  \n  \n\t\n\n\n\n<h6 class=\"bde-heading-2502-105 bde-heading\">\n\n<\/h6><div class=\"bde-text-2502-106 bde-text\">\nVYN\u00c1LEZCA\n<\/div><h1 class=\"bde-heading-2502-107 bde-heading\">\nPavol Neme\u0161\n<\/h1><div class=\"bde-rich-text-2502-108 bde-rich-text breakdance-rich-text-styles\">\n<p>Nez\u00e1visl\u00fd vyn\u00e1lezca zameran\u00fd na pochopenie z\u00e1kladn\u00fdch princ\u00edpov fyzik\u00e1lnej reality prostredn\u00edctvom systematick\u00e9ho v\u00fdskumu, experimentovania a praktickej valid\u00e1cie.<\/p>\n<\/div><div class=\"bde-button-2502-109 bde-button\">\n    \n                                    \n    \n    \n    \n    \n            \n                    \n            \n            \n\n    \n    \n    \n    \n    \n    <a class=\"breakdance-link button-atom button-atom--primary bde-button__button\" href=\"https:\/\/www.nemesysunit.com\/sk\/vibracny-kompresor\/\" target=\"_self\" data-type=\"url\"  >\n\n    \n        <span class=\"button-atom__text\">Prezrie\u0165 vyn\u00e1lezy<\/span>\n\n        \n        \n                <\/a>\n\n    \n\n\n<\/div>\n<\/div><\/div><\/div>\n<\/section><section class=\"bde-section-2502-110 bde-section\">\n  \n  \n\t\n\n\n\n<div class=\"section-container\"><div class=\"bde-columns-2502-111 bde-columns\"><div class=\"bde-column-2502-112 bde-column\">\n  \n  \n\t\n\n\n\n<h2 class=\"bde-heading-2502-113 bde-heading\">\nRovnica sveta\n<\/h2><div class=\"bde-rich-text-2502-114 bde-rich-text breakdance-rich-text-styles\">\n<p data-start=\"271\" data-end=\"605\"><strong>Rovnica sveta<\/strong> predstavuje koncep\u010dn\u00fd r\u00e1mec vytvoren\u00fd na sk\u00famanie opakuj\u00facich sa vzorcov, s\u00favislost\u00ed a \u0161trukt\u00farnych princ\u00edpov, ktor\u00e9 stoja v pozad\u00ed fyzik\u00e1lnej reality. Namiesto \u0161pekulat\u00edvnych z\u00e1verov sa kniha zameriava na logick\u00fa konzistenciu a syst\u00e9mov\u00e9 myslenie ako n\u00e1stroje na pochopenie zlo\u017eit\u00fdch pr\u00edrodn\u00fdch javov.<\/p><p data-start=\"271\" data-end=\"605\">My\u0161lienky predstaven\u00e9 v knihe sa nesk\u00f4r stali z\u00e1kladom praktick\u00e9ho sk\u00famania a usmer\u0148ovali experiment\u00e1lnu pr\u00e1cu zameran\u00fa na overovanie teoretick\u00fdch predpokladov prostredn\u00edctvom fyzik\u00e1lnych syst\u00e9mov a merate\u013en\u00fdch v\u00fdsledkov.<\/p>\n<\/div><div class=\"bde-button-2502-115 bde-button\">\n    \n                                    \n    \n    \n    \n    \n            \n                    \n            \n            \n\n    \n    \n    \n    \n    \n    <a class=\"breakdance-link button-atom button-atom--primary bde-button__button\" href=\"https:\/\/www.nemesysunit.com\/sk\/obchod\/\" target=\"_self\" data-type=\"url\"  >\n\n    \n        <span class=\"button-atom__text\">K\u00fapi\u0165 knihu<\/span>\n\n        \n        \n                <\/a>\n\n    \n\n\n<\/div>\n<\/div><div class=\"bde-column-2502-116 bde-column\">\n  \n  \n\t\n\n\n\n<img decoding=\"async\" class=\"bde-image2-2502-117 bde-image2\" src=\"https:\/\/www.nemesysinvention.com\/wp-content\/uploads\/2026\/02\/kniha-SAN_7559.png\" loading=\"lazy\" srcset=\"https:\/\/www.nemesysinvention.com\/wp-content\/uploads\/2026\/02\/kniha-SAN_7559.png 1500w, https:\/\/www.nemesysinvention.com\/wp-content\/uploads\/2026\/02\/kniha-SAN_7559-298x300.png 298w, https:\/\/www.nemesysinvention.com\/wp-content\/uploads\/2026\/02\/kniha-SAN_7559-1016x1024.png 1016w, https:\/\/www.nemesysinvention.com\/wp-content\/uploads\/2026\/02\/kniha-SAN_7559-150x150.png 150w, https:\/\/www.nemesysinvention.com\/wp-content\/uploads\/2026\/02\/kniha-SAN_7559-768x774.png 768w\" sizes=\"(max-width: 1500px) 100vw, 1500px\">\n<\/div><\/div><\/div>\n<\/section>","protected":false},"excerpt":{"rendered":"<p>VYN\u00c1LEZCA Pavol Neme\u0161 Nez\u00e1visl\u00fd vyn\u00e1lezca zameran\u00fd na pochopenie z\u00e1kladn\u00fdch princ\u00edpov fyzik\u00e1lnej reality prostredn\u00edctvom systematick\u00e9ho v\u00fdskumu, experimentovania a praktickej valid\u00e1cie. Prezrie\u0165 vyn\u00e1lezy Rovnica sveta Rovnica sveta predstavuje koncep\u010dn\u00fd r\u00e1mec vytvoren\u00fd na sk\u00famanie opakuj\u00facich sa vzorcov, s\u00favislost\u00ed a \u0161trukt\u00farnych princ\u00edpov, ktor\u00e9 stoja v pozad\u00ed fyzik\u00e1lnej reality. Namiesto \u0161pekulat\u00edvnych z\u00e1verov sa kniha zameriava na logick\u00fa konzistenciu a syst\u00e9mov\u00e9 [&hellip;]<\/p>\n","protected":false},"author":1,"featured_media":0,"parent":0,"menu_order":0,"comment_status":"closed","ping_status":"closed","template":"","meta":{"_breakdance_hide_in_design_set":false,"_breakdance_tags":"","footnotes":""},"page_group":[58],"class_list":["post-2502","page","type-page","status-publish","hentry","page_group-pages"],"_links":{"self":[{"href":"https:\/\/www.nemesysunit.com\/sk\/wp-json\/wp\/v2\/pages\/2502","targetHints":{"allow":["GET"]}}],"collection":[{"href":"https:\/\/www.nemesysunit.com\/sk\/wp-json\/wp\/v2\/pages"}],"about":[{"href":"https:\/\/www.nemesysunit.com\/sk\/wp-json\/wp\/v2\/types\/page"}],"author":[{"embeddable":true,"href":"https:\/\/www.nemesysunit.com\/sk\/wp-json\/wp\/v2\/users\/1"}],"replies":[{"embeddable":true,"href":"https:\/\/www.nemesysunit.com\/sk\/wp-json\/wp\/v2\/comments?post=2502"}],"version-history":[{"count":8,"href":"https:\/\/www.nemesysunit.com\/sk\/wp-json\/wp\/v2\/pages\/2502\/revisions"}],"predecessor-version":[{"id":2682,"href":"https:\/\/www.nemesysunit.com\/sk\/wp-json\/wp\/v2\/pages\/2502\/revisions\/2682"}],"wp:attachment":[{"href":"https:\/\/www.nemesysunit.com\/sk\/wp-json\/wp\/v2\/media?parent=2502"}],"wp:term":[{"taxonomy":"page_group","embeddable":true,"href":"https:\/\/www.nemesysunit.com\/sk\/wp-json\/wp\/v2\/page_group?post=2502"}],"curies":[{"name":"wp","href":"https:\/\/api.w.org\/{rel}","templated":true}]}}