{"id":2825,"date":"2026-03-02T20:12:49","date_gmt":"2026-03-02T19:12:49","guid":{"rendered":"https:\/\/www.nemesysunit.com\/rechtliche-hinweise\/"},"modified":"2026-03-02T21:10:36","modified_gmt":"2026-03-02T20:10:36","slug":"rechtliche-hinweise","status":"publish","type":"page","link":"https:\/\/www.nemesysunit.com\/de\/rechtliche-hinweise\/","title":{"rendered":"Rechtliche Hinweise"},"content":{"rendered":"<section class=\"bde-section-2825-100 bde-section\">\n  \n  \n\t\n\n\n\n<div class=\"section-container\"><div class=\"bde-post-list-2825-101 bde-post-list\">\n<div class=\"bde-loop bde-loop-grid ee-posts ee-posts-grid\">    <article class=\"bde-loop-item ee-post\">\n      \n      \n    <div class=\"bde-loop-item__wrap ee-post-wrap\">\n      \n          <h3 class=\"ee-post-title\">\n    <a class=\"bde-loop-item__title-link ee-post-title-link\" href=\"https:\/\/www.nemesysunit.com\/de\/unit-partner\/\" >\n        Unit-Partner    <\/a>\n    <\/h3>\n  <ul class=\"bde-loop-item__post-tax ee-post-taxonomy\"><\/ul>        <div class=\"bde-loop-item__content ee-post-content\">\n                    <\/div>\n      \n    \n                                    \n    \n    \n    \n    \n            \n                    \n            \n            \n\n    \n    \n    \n    \n    \n    <a class=\"breakdance-link button-atom button-atom--primary bde-loop-item__button ee-post-button\" href=\"https:\/\/www.nemesysunit.com\/de\/unit-partner\/\" target=\"_self\" data-type=\"\"  >\n\n    \n        <span class=\"button-atom__text\">Read more<\/span>\n\n        \n        \n                <\/a>\n\n    \n\n\n\n\n      \n    <\/div>\n\n    <\/article>\n\n        <article class=\"bde-loop-item ee-post\">\n      \n      \n    <div class=\"bde-loop-item__wrap ee-post-wrap\">\n      \n          <h3 class=\"ee-post-title\">\n    <a class=\"bde-loop-item__title-link ee-post-title-link\" href=\"https:\/\/www.nemesysunit.com\/de\/rechtliche-hinweise\/\" >\n        Rechtliche Hinweise    <\/a>\n    <\/h3>\n  <ul class=\"bde-loop-item__post-tax ee-post-taxonomy\"><\/ul>        <div class=\"bde-loop-item__content ee-post-content\">\n            The renderer is stuck in an inifite loop, because...'post' with ID 2825 renders 'post' 2825 (edit)And so on... a 'post' could be a Breakdance template, global block, WP post, page,&hellip;        <\/div>\n      \n    \n                                    \n    \n    \n    \n    \n            \n                    \n            \n            \n\n    \n    \n    \n    \n    \n    <a class=\"breakdance-link button-atom button-atom--primary bde-loop-item__button ee-post-button\" href=\"https:\/\/www.nemesysunit.com\/de\/rechtliche-hinweise\/\" target=\"_self\" data-type=\"\"  >\n\n    \n        <span class=\"button-atom__text\">Read more<\/span>\n\n        \n        \n                <\/a>\n\n    \n\n\n\n\n      \n    <\/div>\n\n    <\/article>\n\n        <article class=\"bde-loop-item ee-post\">\n      \n      \n    <div class=\"bde-loop-item__wrap ee-post-wrap\">\n      \n          <h3 class=\"ee-post-title\">\n    <a class=\"bde-loop-item__title-link ee-post-title-link\" href=\"https:\/\/www.nemesysunit.com\/de\/nutzungsbedingungen-der-website\/\" >\n        Nutzungsbedingungen der Website    <\/a>\n    <\/h3>\n  <ul class=\"bde-loop-item__post-tax ee-post-taxonomy\"><\/ul>        <div class=\"bde-loop-item__content ee-post-content\">\n            Nutzungsbedingungen der Website Stand: 01. Januar 2026Diese Nutzungsbedingungen regeln den Zugriff auf und die Nutzung der Website, einschlie\u00dflich ihrer Inhalte und Funktionen.TeilnahmeberechtigungSie m\u00fcssen mindestens 18 Jahre alt sein, um ein&hellip;        <\/div>\n      \n    \n                                    \n    \n    \n    \n    \n            \n                    \n            \n            \n\n    \n    \n    \n    \n    \n    <a class=\"breakdance-link button-atom button-atom--primary bde-loop-item__button ee-post-button\" href=\"https:\/\/www.nemesysunit.com\/de\/nutzungsbedingungen-der-website\/\" target=\"_self\" data-type=\"\"  >\n\n    \n        <span class=\"button-atom__text\">Read more<\/span>\n\n        \n        \n                <\/a>\n\n    \n\n\n\n\n      \n    <\/div>\n\n    <\/article>\n\n        <article class=\"bde-loop-item ee-post\">\n      \n      \n    <div class=\"bde-loop-item__wrap ee-post-wrap\">\n      \n          <h3 class=\"ee-post-title\">\n    <a class=\"bde-loop-item__title-link ee-post-title-link\" href=\"https:\/\/www.nemesysunit.com\/de\/beschwerden-as-os-eu-verbraucher\/\" >\n        Beschwerden, AS \/ OS (EU-Verbraucher)    <\/a>\n    <\/h3>\n  <ul class=\"bde-loop-item__post-tax ee-post-taxonomy\"><\/ul>        <div class=\"bde-loop-item__content ee-post-content\">\n            Beschwerden, ADR \/ ODR (EU-Verbraucher) Stand: 01. Januar 2026BeschwerdenBitte kontaktieren Sie uns zun\u00e4chst unter info@nemesysunit.com und geben Sie Ihre Bestellnummer an.ODR-Plattform (EU)EU-Verbraucher k\u00f6nnen die Online-Streitbeilegungsplattform nutzen:https:\/\/ec.europa.eu\/consumers\/odr\u00a0\u010cas\u0165 C \u2014 SlovenskyNasleduj\u00face dokumenty&hellip;        <\/div>\n      \n    \n                                    \n    \n    \n    \n    \n            \n                    \n            \n            \n\n    \n    \n    \n    \n    \n    <a class=\"breakdance-link button-atom button-atom--primary bde-loop-item__button ee-post-button\" href=\"https:\/\/www.nemesysunit.com\/de\/beschwerden-as-os-eu-verbraucher\/\" target=\"_self\" data-type=\"\"  >\n\n    \n        <span class=\"button-atom__text\">Read more<\/span>\n\n        \n        \n                <\/a>\n\n    \n\n\n\n\n      \n    <\/div>\n\n    <\/article>\n\n        <article class=\"bde-loop-item ee-post\">\n      \n      \n    <div class=\"bde-loop-item__wrap ee-post-wrap\">\n      \n          <h3 class=\"ee-post-title\">\n    <a class=\"bde-loop-item__title-link ee-post-title-link\" href=\"https:\/\/www.nemesysunit.com\/de\/kyc-aml-sanktionen-einheiten\/\" >\n        KYC\/AML &amp; Sanktionen (Einheiten)    <\/a>\n    <\/h3>\n  <ul class=\"bde-loop-item__post-tax ee-post-taxonomy\"><\/ul>        <div class=\"bde-loop-item__content ee-post-content\">\n            KYC\/AML & Sanktionspr\u00fcfung (Units) Stand: 01. Januar 2026Zur Risikosteuerung k\u00f6nnen wir f\u00fcr Units eine Identit\u00e4tspr\u00fcfung verlangen und Kunden gegen Sanktionslisten pr\u00fcfen. Werden Anforderungen nicht erf\u00fcllt, k\u00f6nnen wir Bestellungen ablehnen oder&hellip;        <\/div>\n      \n    \n                                    \n    \n    \n    \n    \n            \n                    \n            \n            \n\n    \n    \n    \n    \n    \n    <a class=\"breakdance-link button-atom button-atom--primary bde-loop-item__button ee-post-button\" href=\"https:\/\/www.nemesysunit.com\/de\/kyc-aml-sanktionen-einheiten\/\" target=\"_self\" data-type=\"\"  >\n\n    \n        <span class=\"button-atom__text\">Read more<\/span>\n\n        \n        \n                <\/a>\n\n    \n\n\n\n\n      \n    <\/div>\n\n    <\/article>\n\n        <article class=\"bde-loop-item ee-post\">\n      \n      \n    <div class=\"bde-loop-item__wrap ee-post-wrap\">\n      \n          <h3 class=\"ee-post-title\">\n    <a class=\"bde-loop-item__title-link ee-post-title-link\" href=\"https:\/\/www.nemesysunit.com\/de\/cookie-richtlinie\/\" >\n        Cookie-Richtlinie    <\/a>\n    <\/h3>\n  <ul class=\"bde-loop-item__post-tax ee-post-taxonomy\"><\/ul>        <div class=\"bde-loop-item__content ee-post-content\">\n            Cookie-Richtlinie Stand: 01. Januar 2026Cookies sind kleine Textdateien, die auf Ihrem Ger\u00e4t gespeichert werden. Wir verwenden Cookies f\u00fcr Grundfunktionen (Login, Warenkorb, Checkout-Sicherheit) und zur Speicherung von Einstellungen (z. B. Sprache).KategorienUnbedingt&hellip;        <\/div>\n      \n    \n                                    \n    \n    \n    \n    \n            \n                    \n            \n            \n\n    \n    \n    \n    \n    \n    <a class=\"breakdance-link button-atom button-atom--primary bde-loop-item__button ee-post-button\" href=\"https:\/\/www.nemesysunit.com\/de\/cookie-richtlinie\/\" target=\"_self\" data-type=\"\"  >\n\n    \n        <span class=\"button-atom__text\">Read more<\/span>\n\n        \n        \n                <\/a>\n\n    \n\n\n\n\n      \n    <\/div>\n\n    <\/article>\n\n        <article class=\"bde-loop-item ee-post\">\n      \n      \n    <div class=\"bde-loop-item__wrap ee-post-wrap\">\n      \n          <h3 class=\"ee-post-title\">\n    <a class=\"bde-loop-item__title-link ee-post-title-link\" href=\"https:\/\/www.nemesysunit.com\/de\/versand-lieferbedingungen\/\" >\n        Versand- &amp; Lieferbedingungen    <\/a>\n    <\/h3>\n  <ul class=\"bde-loop-item__post-tax ee-post-taxonomy\"><\/ul>        <div class=\"bde-loop-item__content ee-post-content\">\n            Versand & Lieferung Stand: 01. Januar 2026Versandgebiete und KostenVersandgebiete und Versandkosten werden im Checkout angezeigt.Bearbeitungs- und LieferzeitenBearbeitungs- und Lieferzeiten sind Richtwerte und k\u00f6nnen je nach Transportdienstleister und Zielort variieren.Zoll und&hellip;        <\/div>\n      \n    \n                                    \n    \n    \n    \n    \n            \n                    \n            \n            \n\n    \n    \n    \n    \n    \n    <a class=\"breakdance-link button-atom button-atom--primary bde-loop-item__button ee-post-button\" href=\"https:\/\/www.nemesysunit.com\/de\/versand-lieferbedingungen\/\" target=\"_self\" data-type=\"\"  >\n\n    \n        <span class=\"button-atom__text\">Read more<\/span>\n\n        \n        \n                <\/a>\n\n    \n\n\n\n\n      \n    <\/div>\n\n    <\/article>\n\n        <article class=\"bde-loop-item ee-post\">\n      \n      \n    <div class=\"bde-loop-item__wrap ee-post-wrap\">\n      \n          <h3 class=\"ee-post-title\">\n    <a class=\"bde-loop-item__title-link ee-post-title-link\" href=\"https:\/\/www.nemesysunit.com\/de\/impressum\/\" >\n        Impressum    <\/a>\n    <\/h3>\n  <ul class=\"bde-loop-item__post-tax ee-post-taxonomy\"><\/ul>        <div class=\"bde-loop-item__content ee-post-content\">\n            Impressum Unternehmen: Nemesys, s.r.o.Sitz: Pod lipami 2561\/6, 942 01 \u0160urany, SlovakiaI\u010cO (Unternehmens-ID): 55 392 474DI\u010c (Steuer-ID): 2121972325Umsatzsteuer: Das Unternehmen ist kein MwSt.-Zahler (nicht umsatzsteuerpflichtig).Handelsregister: Commercial Register of the District Court&hellip;        <\/div>\n      \n    \n                                    \n    \n    \n    \n    \n            \n                    \n            \n            \n\n    \n    \n    \n    \n    \n    <a class=\"breakdance-link button-atom button-atom--primary bde-loop-item__button ee-post-button\" href=\"https:\/\/www.nemesysunit.com\/de\/impressum\/\" target=\"_self\" data-type=\"\"  >\n\n    \n        <span class=\"button-atom__text\">Read more<\/span>\n\n        \n        \n                <\/a>\n\n    \n\n\n\n\n      \n    <\/div>\n\n    <\/article>\n\n        <article class=\"bde-loop-item ee-post\">\n      \n      \n    <div class=\"bde-loop-item__wrap ee-post-wrap\">\n      \n          <h3 class=\"ee-post-title\">\n    <a class=\"bde-loop-item__title-link ee-post-title-link\" href=\"https:\/\/www.nemesysunit.com\/de\/refund-and-returns-policy\/\" >\n        R\u00fcckerstattungen &amp; R\u00fcckgaben    <\/a>\n    <\/h3>\n  <ul class=\"bde-loop-item__post-tax ee-post-taxonomy\"><\/ul>        <div class=\"bde-loop-item__content ee-post-content\">\n            R\u00fcckerstattungen & R\u00fcckgaben Physische WarenEU-Verbraucher k\u00f6nnen innerhalb von 14 Tagen nach Erhalt widerrufen. R\u00fccksendung unbenutzt und im Originalzustand. R\u00fccksendekosten tr\u00e4gt der Kunde, au\u00dfer bei M\u00e4ngeln oder Falschlieferung.Digitale InhalteDigitale Produkte werden&hellip;        <\/div>\n      \n    \n                                    \n    \n    \n    \n    \n            \n                    \n            \n            \n\n    \n    \n    \n    \n    \n    <a class=\"breakdance-link button-atom button-atom--primary bde-loop-item__button ee-post-button\" href=\"https:\/\/www.nemesysunit.com\/de\/refund-and-returns-policy\/\" target=\"_self\" data-type=\"\"  >\n\n    \n        <span class=\"button-atom__text\">Read more<\/span>\n\n        \n        \n                <\/a>\n\n    \n\n\n\n\n      \n    <\/div>\n\n    <\/article>\n\n        <article class=\"bde-loop-item ee-post\">\n      \n      \n    <div class=\"bde-loop-item__wrap ee-post-wrap\">\n      \n          <h3 class=\"ee-post-title\">\n    <a class=\"bde-loop-item__title-link ee-post-title-link\" href=\"https:\/\/www.nemesysunit.com\/de\/vibrationskompressor\/\" >\n        Vibrationskompressor    <\/a>\n    <\/h3>\n  <ul class=\"bde-loop-item__post-tax ee-post-taxonomy\"><\/ul>        <div class=\"bde-loop-item__content ee-post-content\">\n            Vibrationskompressor Ein patentiertes technisches Konzept von Pavol Neme\u0161, das durch ein anderes mechanisches Prinzip eine effizientere Verdichtung und praktische industrielle Nutzung erm\u00f6glichen soll. Patent SK 288877 Pr\u00e4sentiert auf der MSV&hellip;        <\/div>\n      \n    \n                                    \n    \n    \n    \n    \n            \n                    \n            \n            \n\n    \n    \n    \n    \n    \n    <a class=\"breakdance-link button-atom button-atom--primary bde-loop-item__button ee-post-button\" href=\"https:\/\/www.nemesysunit.com\/de\/vibrationskompressor\/\" target=\"_self\" data-type=\"\"  >\n\n    \n        <span class=\"button-atom__text\">Read more<\/span>\n\n        \n        \n                <\/a>\n\n    \n\n\n\n\n      \n    <\/div>\n\n    <\/article>\n\n        <article class=\"bde-loop-item ee-post\">\n      \n      \n    <div class=\"bde-loop-item__wrap ee-post-wrap\">\n      \n          <h3 class=\"ee-post-title\">\n    <a class=\"bde-loop-item__title-link ee-post-title-link\" href=\"https:\/\/www.nemesysunit.com\/de\/selbsttragendes-struktursystem\/\" >\n        Selbsttragendes Struktursystem    <\/a>\n    <\/h3>\n  <ul class=\"bde-loop-item__post-tax ee-post-taxonomy\"><\/ul>        <div class=\"bde-loop-item__content ee-post-content\">\n            Selbsttragendes Struktursystem Eine strukturelle Technologie f\u00fcr selbsttragende Rahmensysteme und tragende Konstruktionen.Diese Erfindung f\u00fchrt einen alternativen Ansatz f\u00fcr die Tragwerksplanung ein und fokussiert sich auf eine optimierte Lastverteilung sowie mechanische Stabilit\u00e4t.&hellip;        <\/div>\n      \n    \n                                    \n    \n    \n    \n    \n            \n                    \n            \n            \n\n    \n    \n    \n    \n    \n    <a class=\"breakdance-link button-atom button-atom--primary bde-loop-item__button ee-post-button\" href=\"https:\/\/www.nemesysunit.com\/de\/selbsttragendes-struktursystem\/\" target=\"_self\" data-type=\"\"  >\n\n    \n        <span class=\"button-atom__text\">Read more<\/span>\n\n        \n        \n                <\/a>\n\n    \n\n\n\n\n      \n    <\/div>\n\n    <\/article>\n\n        <article class=\"bde-loop-item ee-post\">\n      \n      \n    <div class=\"bde-loop-item__wrap ee-post-wrap\">\n      \n          <h3 class=\"ee-post-title\">\n    <a class=\"bde-loop-item__title-link ee-post-title-link\" href=\"https:\/\/www.nemesysunit.com\/de\/antriebseinheit\/\" >\n        Antriebseinheit    <\/a>\n    <\/h3>\n  <ul class=\"bde-loop-item__post-tax ee-post-taxonomy\"><\/ul>        <div class=\"bde-loop-item__content ee-post-content\">\n            Antriebseinheit Ein Hochleistungs-Antriebskonzept auf Basis innovativer mechanischer Energie\u00fcbertragung.Diese Erfindung untersucht alternative Ans\u00e4tze zur Krafterzeugung und Bewegungssteuerung. Das Design zielt darauf ab, die Energie\u00fcbertragung zu optimieren und dabei strukturelle Balance sowie&hellip;        <\/div>\n      \n    \n                                    \n    \n    \n    \n    \n            \n                    \n            \n            \n\n    \n    \n    \n    \n    \n    <a class=\"breakdance-link button-atom button-atom--primary bde-loop-item__button ee-post-button\" href=\"https:\/\/www.nemesysunit.com\/de\/antriebseinheit\/\" target=\"_self\" data-type=\"\"  >\n\n    \n        <span class=\"button-atom__text\">Read more<\/span>\n\n        \n        \n                <\/a>\n\n    \n\n\n\n\n      \n    <\/div>\n\n    <\/article>\n\n    <\/div>\n<\/div><\/div>\n<\/section>","protected":false},"excerpt":{"rendered":"<p>Antriebseinheit Ein Hochleistungs-Antriebskonzept auf Basis innovativer mechanischer Energie\u00fcbertragung.Diese Erfindung untersucht alternative Ans\u00e4tze zur Krafterzeugung und Bewegungssteuerung. Das Design zielt darauf ab, die Energie\u00fcbertragung zu optimieren und dabei strukturelle Balance sowie mechanische Effizienz zu erhalten.Das Konzept ist derzeit durch eine Patentanmeldung gesch\u00fctzt und stellt ein grundlegendes Element f\u00fcr potenzielle zuk\u00fcnftige Anwendungen dar.Wesentliche Merkmale:Alternatives mechanisches AntriebsprinzipOptimierter Mechanismus [&hellip;]<\/p>\n","protected":false},"author":1,"featured_media":0,"parent":0,"menu_order":0,"comment_status":"closed","ping_status":"closed","template":"","meta":{"_breakdance_hide_in_design_set":false,"_breakdance_tags":"","footnotes":""},"page_group":[56],"class_list":["post-2825","page","type-page","status-publish","hentry","page_group-legal"],"_links":{"self":[{"href":"https:\/\/www.nemesysunit.com\/de\/wp-json\/wp\/v2\/pages\/2825","targetHints":{"allow":["GET"]}}],"collection":[{"href":"https:\/\/www.nemesysunit.com\/de\/wp-json\/wp\/v2\/pages"}],"about":[{"href":"https:\/\/www.nemesysunit.com\/de\/wp-json\/wp\/v2\/types\/page"}],"author":[{"embeddable":true,"href":"https:\/\/www.nemesysunit.com\/de\/wp-json\/wp\/v2\/users\/1"}],"replies":[{"embeddable":true,"href":"https:\/\/www.nemesysunit.com\/de\/wp-json\/wp\/v2\/comments?post=2825"}],"version-history":[{"count":2,"href":"https:\/\/www.nemesysunit.com\/de\/wp-json\/wp\/v2\/pages\/2825\/revisions"}],"predecessor-version":[{"id":2830,"href":"https:\/\/www.nemesysunit.com\/de\/wp-json\/wp\/v2\/pages\/2825\/revisions\/2830"}],"wp:attachment":[{"href":"https:\/\/www.nemesysunit.com\/de\/wp-json\/wp\/v2\/media?parent=2825"}],"wp:term":[{"taxonomy":"page_group","embeddable":true,"href":"https:\/\/www.nemesysunit.com\/de\/wp-json\/wp\/v2\/page_group?post=2825"}],"curies":[{"name":"wp","href":"https:\/\/api.w.org\/{rel}","templated":true}]}}