{"id":2796,"date":"2026-03-02T11:13:06","date_gmt":"2026-03-02T10:13:06","guid":{"rendered":"https:\/\/www.nemesysunit.com\/versand-lieferbedingungen\/"},"modified":"2026-03-02T19:34:54","modified_gmt":"2026-03-02T18:34:54","slug":"versand-lieferbedingungen","status":"publish","type":"page","link":"https:\/\/www.nemesysunit.com\/de\/versand-lieferbedingungen\/","title":{"rendered":"Versand- &amp; Lieferbedingungen"},"content":{"rendered":"<section class=\"bde-section-2796-100 bde-section\">\n  \n  \n\t\n\n\n\n<div class=\"section-container\"><h2 class=\"bde-heading-2796-102 bde-heading\">\nVersand & Lieferung\n<\/h2><div class=\"bde-rich-text-2796-103 bde-rich-text breakdance-rich-text-styles\">\n<p>Stand: 01. Januar 2026<\/p><ol><li>Versandgebiete und Kosten<\/li><\/ol><p>Versandgebiete und Versandkosten werden im Checkout angezeigt.<\/p><ol start=\"2\"><li>Bearbeitungs- und Lieferzeiten<\/li><\/ol><p>Bearbeitungs- und Lieferzeiten sind Richtwerte und k\u00f6nnen je nach Transportdienstleister und Zielort variieren.<\/p><ol start=\"3\"><li>Zoll und Einfuhrabgaben<\/li><\/ol><p>Bei Lieferungen au\u00dferhalb der EU k\u00f6nnen Zoll- und Einfuhrabgaben anfallen, die vom Empf\u00e4nger zu tragen sind.<\/p><ol start=\"4\"><li>Digitale Zustellung<\/li><\/ol><p>Digitale Produkte werden per Link\/E-Mail zugestellt. Bitte pr\u00fcfen Sie ggf. den Spam-Ordner.<\/p>\n<\/div><\/div>\n<\/section>","protected":false},"excerpt":{"rendered":"<p>Versand &#038; Lieferung Stand: 01. Januar 2026Versandgebiete und KostenVersandgebiete und Versandkosten werden im Checkout angezeigt.Bearbeitungs- und LieferzeitenBearbeitungs- und Lieferzeiten sind Richtwerte und k\u00f6nnen je nach Transportdienstleister und Zielort variieren.Zoll und EinfuhrabgabenBei Lieferungen au\u00dferhalb der EU k\u00f6nnen Zoll- und Einfuhrabgaben anfallen, die vom Empf\u00e4nger zu tragen sind.Digitale ZustellungDigitale Produkte werden per Link\/E-Mail zugestellt. Bitte pr\u00fcfen Sie [&hellip;]<\/p>\n","protected":false},"author":1,"featured_media":0,"parent":0,"menu_order":0,"comment_status":"closed","ping_status":"closed","template":"","meta":{"_breakdance_hide_in_design_set":false,"_breakdance_tags":"","footnotes":""},"page_group":[56],"class_list":["post-2796","page","type-page","status-publish","hentry","page_group-legal"],"_links":{"self":[{"href":"https:\/\/www.nemesysunit.com\/de\/wp-json\/wp\/v2\/pages\/2796","targetHints":{"allow":["GET"]}}],"collection":[{"href":"https:\/\/www.nemesysunit.com\/de\/wp-json\/wp\/v2\/pages"}],"about":[{"href":"https:\/\/www.nemesysunit.com\/de\/wp-json\/wp\/v2\/types\/page"}],"author":[{"embeddable":true,"href":"https:\/\/www.nemesysunit.com\/de\/wp-json\/wp\/v2\/users\/1"}],"replies":[{"embeddable":true,"href":"https:\/\/www.nemesysunit.com\/de\/wp-json\/wp\/v2\/comments?post=2796"}],"version-history":[{"count":2,"href":"https:\/\/www.nemesysunit.com\/de\/wp-json\/wp\/v2\/pages\/2796\/revisions"}],"predecessor-version":[{"id":2803,"href":"https:\/\/www.nemesysunit.com\/de\/wp-json\/wp\/v2\/pages\/2796\/revisions\/2803"}],"wp:attachment":[{"href":"https:\/\/www.nemesysunit.com\/de\/wp-json\/wp\/v2\/media?parent=2796"}],"wp:term":[{"taxonomy":"page_group","embeddable":true,"href":"https:\/\/www.nemesysunit.com\/de\/wp-json\/wp\/v2\/page_group?post=2796"}],"curies":[{"name":"wp","href":"https:\/\/api.w.org\/{rel}","templated":true}]}}