{"id":2786,"date":"2026-03-02T10:43:09","date_gmt":"2026-03-02T09:43:09","guid":{"rendered":"https:\/\/www.nemesysunit.com\/refund-and-returns-policy\/"},"modified":"2026-03-02T19:31:35","modified_gmt":"2026-03-02T18:31:35","slug":"refund-and-returns-policy","status":"publish","type":"page","link":"https:\/\/www.nemesysunit.com\/de\/refund-and-returns-policy\/","title":{"rendered":"R\u00fcckerstattungen &amp; R\u00fcckgaben"},"content":{"rendered":"<section class=\"bde-section-2786-100 bde-section\">\n  \n  \n\t\n\n\n\n<div class=\"section-container\"><h2 class=\"bde-heading-2786-101 bde-heading\">\nR\u00fcckerstattungen & R\u00fcckgaben\n<\/h2><div class=\"bde-rich-text-2786-102 bde-rich-text breakdance-rich-text-styles\">\n<ol><li>Physische Waren<\/li><\/ol><p>EU-Verbraucher k\u00f6nnen innerhalb von 14 Tagen nach Erhalt widerrufen. R\u00fccksendung unbenutzt und im Originalzustand. R\u00fccksendekosten tr\u00e4gt der Kunde, au\u00dfer bei M\u00e4ngeln oder Falschlieferung.<\/p><ol start=\"2\"><li>Digitale Inhalte<\/li><\/ol><p>Digitale Produkte werden unmittelbar nach Zahlung bereitgestellt. Durch den Kauf stimmen Sie der sofortigen Bereitstellung zu und erkennen an, dass das Widerrufsrecht nach Bereitstellung\/Download erl\u00f6schen kann. Bei technischen Problemen stellen wir Ersatz oder Support bereit.<\/p><ol start=\"3\"><li>Units<\/li><\/ol><p>Units unterliegen dem Darlehensvertrag. Vor Ausgabe kann eine Stornierung m\u00f6glich sein, sofern noch keine Ausgabe erfolgt ist. Nach Ausgabe und\/oder Wirksamwerden sind Erstattungen grunds\u00e4tzlich ausgeschlossen, au\u00dfer zwingendes Recht verlangt etwas anderes.<\/p><ol start=\"4\"><li>Antragstellung<\/li><\/ol><p>Bitte senden Sie eine E-Mail an info@nemesysunit.com mit Bestellnummer, Artikel(n), Begr\u00fcndung und Fotos (bei Transportsch\u00e4den).<\/p>\n<\/div><\/div>\n<\/section>","protected":false},"excerpt":{"rendered":"<p>R\u00fcckerstattungen &#038; R\u00fcckgaben Physische WarenEU-Verbraucher k\u00f6nnen innerhalb von 14 Tagen nach Erhalt widerrufen. R\u00fccksendung unbenutzt und im Originalzustand. R\u00fccksendekosten tr\u00e4gt der Kunde, au\u00dfer bei M\u00e4ngeln oder Falschlieferung.Digitale InhalteDigitale Produkte werden unmittelbar nach Zahlung bereitgestellt. Durch den Kauf stimmen Sie der sofortigen Bereitstellung zu und erkennen an, dass das Widerrufsrecht nach Bereitstellung\/Download erl\u00f6schen kann. Bei technischen [&hellip;]<\/p>\n","protected":false},"author":1,"featured_media":0,"parent":0,"menu_order":0,"comment_status":"closed","ping_status":"closed","template":"","meta":{"_breakdance_hide_in_design_set":false,"_breakdance_tags":"","footnotes":""},"page_group":[56],"class_list":["post-2786","page","type-page","status-publish","hentry","page_group-legal"],"_links":{"self":[{"href":"https:\/\/www.nemesysunit.com\/de\/wp-json\/wp\/v2\/pages\/2786","targetHints":{"allow":["GET"]}}],"collection":[{"href":"https:\/\/www.nemesysunit.com\/de\/wp-json\/wp\/v2\/pages"}],"about":[{"href":"https:\/\/www.nemesysunit.com\/de\/wp-json\/wp\/v2\/types\/page"}],"author":[{"embeddable":true,"href":"https:\/\/www.nemesysunit.com\/de\/wp-json\/wp\/v2\/users\/1"}],"replies":[{"embeddable":true,"href":"https:\/\/www.nemesysunit.com\/de\/wp-json\/wp\/v2\/comments?post=2786"}],"version-history":[{"count":3,"href":"https:\/\/www.nemesysunit.com\/de\/wp-json\/wp\/v2\/pages\/2786\/revisions"}],"predecessor-version":[{"id":2802,"href":"https:\/\/www.nemesysunit.com\/de\/wp-json\/wp\/v2\/pages\/2786\/revisions\/2802"}],"wp:attachment":[{"href":"https:\/\/www.nemesysunit.com\/de\/wp-json\/wp\/v2\/media?parent=2786"}],"wp:term":[{"taxonomy":"page_group","embeddable":true,"href":"https:\/\/www.nemesysunit.com\/de\/wp-json\/wp\/v2\/page_group?post=2786"}],"curies":[{"name":"wp","href":"https:\/\/api.w.org\/{rel}","templated":true}]}}