{"id":2751,"date":"2026-03-02T11:04:16","date_gmt":"2026-03-02T10:04:16","guid":{"rendered":"https:\/\/www.nemesysunit.com\/impressum\/"},"modified":"2026-03-02T11:31:10","modified_gmt":"2026-03-02T10:31:10","slug":"impressum","status":"publish","type":"page","link":"https:\/\/www.nemesysunit.com\/de\/impressum\/","title":{"rendered":"Impressum"},"content":{"rendered":"<section class=\"bde-section-2751-100 bde-section\">\n  \n  \n\t\n\n\n\n<div class=\"section-container\"><h2 class=\"bde-heading-2751-101 bde-heading\">\nImpressum\n<\/h2><div class=\"bde-rich-text-2751-102 bde-rich-text breakdance-rich-text-styles\">\n<p>Unternehmen: Nemesys, s.r.o.<\/p><p>Sitz: Pod lipami 2561\/6, 942 01 \u0160urany, Slovakia<\/p><p>I\u010cO (Unternehmens-ID): 55 392 474<\/p><p>DI\u010c (Steuer-ID): 2121972325<\/p><p>Umsatzsteuer: Das Unternehmen ist kein MwSt.-Zahler (nicht umsatzsteuerpflichtig).<\/p><p>Handelsregister: Commercial Register of the District Court Nitra, Abteilung: Sro, Einlage-Nr.: 60136\/N<\/p><p>E-Mail: info@nemesysunit.com<\/p><p>Telefon: +421 950 845 277<\/p><p>Bankverbindung (falls Bank\u00fcberweisung angeboten wird):<\/p><p>IBAN: SK78 5600 0000 0003 1391 6001<\/p><p>BIC\/SWIFT: KOMASK2X<\/p><p>Bank: Prima banka Slovensko, a.s.<\/p><p>Website: nemesysunit.com<\/p>\n<\/div><\/div>\n<\/section>","protected":false},"excerpt":{"rendered":"<p>Impressum Unternehmen: Nemesys, s.r.o.Sitz: Pod lipami 2561\/6, 942 01 \u0160urany, SlovakiaI\u010cO (Unternehmens-ID): 55 392 474DI\u010c (Steuer-ID): 2121972325Umsatzsteuer: Das Unternehmen ist kein MwSt.-Zahler (nicht umsatzsteuerpflichtig).Handelsregister: Commercial Register of the District Court Nitra, Abteilung: Sro, Einlage-Nr.: 60136\/NE-Mail: info@nemesysunit.comTelefon: +421 950 845 277Bankverbindung (falls Bank\u00fcberweisung angeboten wird):IBAN: SK78 5600 0000 0003 1391 6001BIC\/SWIFT: KOMASK2XBank: Prima banka Slovensko, a.s.Website: [&hellip;]<\/p>\n","protected":false},"author":1,"featured_media":0,"parent":0,"menu_order":0,"comment_status":"closed","ping_status":"closed","template":"","meta":{"_breakdance_hide_in_design_set":false,"_breakdance_tags":"","footnotes":""},"page_group":[56],"class_list":["post-2751","page","type-page","status-publish","hentry","page_group-legal"],"_links":{"self":[{"href":"https:\/\/www.nemesysunit.com\/de\/wp-json\/wp\/v2\/pages\/2751","targetHints":{"allow":["GET"]}}],"collection":[{"href":"https:\/\/www.nemesysunit.com\/de\/wp-json\/wp\/v2\/pages"}],"about":[{"href":"https:\/\/www.nemesysunit.com\/de\/wp-json\/wp\/v2\/types\/page"}],"author":[{"embeddable":true,"href":"https:\/\/www.nemesysunit.com\/de\/wp-json\/wp\/v2\/users\/1"}],"replies":[{"embeddable":true,"href":"https:\/\/www.nemesysunit.com\/de\/wp-json\/wp\/v2\/comments?post=2751"}],"version-history":[{"count":2,"href":"https:\/\/www.nemesysunit.com\/de\/wp-json\/wp\/v2\/pages\/2751\/revisions"}],"predecessor-version":[{"id":2772,"href":"https:\/\/www.nemesysunit.com\/de\/wp-json\/wp\/v2\/pages\/2751\/revisions\/2772"}],"wp:attachment":[{"href":"https:\/\/www.nemesysunit.com\/de\/wp-json\/wp\/v2\/media?parent=2751"}],"wp:term":[{"taxonomy":"page_group","embeddable":true,"href":"https:\/\/www.nemesysunit.com\/de\/wp-json\/wp\/v2\/page_group?post=2751"}],"curies":[{"name":"wp","href":"https:\/\/api.w.org\/{rel}","templated":true}]}}