{"id":2749,"date":"2026-03-02T11:17:56","date_gmt":"2026-03-02T10:17:56","guid":{"rendered":"https:\/\/www.nemesysunit.com\/kyc-aml-sanktionen-einheiten\/"},"modified":"2026-03-02T11:30:16","modified_gmt":"2026-03-02T10:30:16","slug":"kyc-aml-sanktionen-einheiten","status":"publish","type":"page","link":"https:\/\/www.nemesysunit.com\/de\/kyc-aml-sanktionen-einheiten\/","title":{"rendered":"KYC\/AML &amp; Sanktionen (Einheiten)"},"content":{"rendered":"<section class=\"bde-section-2749-100 bde-section\">\n  \n  \n\t\n\n\n\n<div class=\"section-container\"><h2 class=\"bde-heading-2749-101 bde-heading\">\nKYC\/AML & Sanktionspr\u00fcfung (Units)\n<\/h2><div class=\"bde-rich-text-2749-102 bde-rich-text breakdance-rich-text-styles\">\n<p>Stand: 01. Januar 2026<\/p><p>Zur Risikosteuerung k\u00f6nnen wir f\u00fcr Units eine Identit\u00e4tspr\u00fcfung verlangen und Kunden gegen Sanktionslisten pr\u00fcfen. Werden Anforderungen nicht erf\u00fcllt, k\u00f6nnen wir Bestellungen ablehnen oder stornieren.<\/p>\n<\/div><\/div>\n<\/section>","protected":false},"excerpt":{"rendered":"<p>KYC\/AML &#038; Sanktionspr\u00fcfung (Units) Stand: 01. Januar 2026Zur Risikosteuerung k\u00f6nnen wir f\u00fcr Units eine Identit\u00e4tspr\u00fcfung verlangen und Kunden gegen Sanktionslisten pr\u00fcfen. Werden Anforderungen nicht erf\u00fcllt, k\u00f6nnen wir Bestellungen ablehnen oder stornieren.<\/p>\n","protected":false},"author":1,"featured_media":0,"parent":0,"menu_order":0,"comment_status":"closed","ping_status":"closed","template":"","meta":{"_breakdance_hide_in_design_set":false,"_breakdance_tags":"","footnotes":""},"page_group":[56],"class_list":["post-2749","page","type-page","status-publish","hentry","page_group-legal"],"_links":{"self":[{"href":"https:\/\/www.nemesysunit.com\/de\/wp-json\/wp\/v2\/pages\/2749","targetHints":{"allow":["GET"]}}],"collection":[{"href":"https:\/\/www.nemesysunit.com\/de\/wp-json\/wp\/v2\/pages"}],"about":[{"href":"https:\/\/www.nemesysunit.com\/de\/wp-json\/wp\/v2\/types\/page"}],"author":[{"embeddable":true,"href":"https:\/\/www.nemesysunit.com\/de\/wp-json\/wp\/v2\/users\/1"}],"replies":[{"embeddable":true,"href":"https:\/\/www.nemesysunit.com\/de\/wp-json\/wp\/v2\/comments?post=2749"}],"version-history":[{"count":2,"href":"https:\/\/www.nemesysunit.com\/de\/wp-json\/wp\/v2\/pages\/2749\/revisions"}],"predecessor-version":[{"id":2771,"href":"https:\/\/www.nemesysunit.com\/de\/wp-json\/wp\/v2\/pages\/2749\/revisions\/2771"}],"wp:attachment":[{"href":"https:\/\/www.nemesysunit.com\/de\/wp-json\/wp\/v2\/media?parent=2749"}],"wp:term":[{"taxonomy":"page_group","embeddable":true,"href":"https:\/\/www.nemesysunit.com\/de\/wp-json\/wp\/v2\/page_group?post=2749"}],"curies":[{"name":"wp","href":"https:\/\/api.w.org\/{rel}","templated":true}]}}