{"id":2744,"date":"2026-03-02T11:16:24","date_gmt":"2026-03-02T10:16:24","guid":{"rendered":"https:\/\/www.nemesysunit.com\/cookie-richtlinie\/"},"modified":"2026-03-02T11:32:54","modified_gmt":"2026-03-02T10:32:54","slug":"cookie-richtlinie","status":"publish","type":"page","link":"https:\/\/www.nemesysunit.com\/de\/cookie-richtlinie\/","title":{"rendered":"Cookie-Richtlinie"},"content":{"rendered":"<section class=\"bde-section-2744-100 bde-section\">\n  \n  \n\t\n\n\n\n<div class=\"section-container\"><h2 class=\"bde-heading-2744-101 bde-heading\">\nCookie-Richtlinie\n<\/h2><div class=\"bde-rich-text-2744-102 bde-rich-text breakdance-rich-text-styles\">\n<p>Stand: 01. Januar 2026<\/p><p>Cookies sind kleine Textdateien, die auf Ihrem Ger\u00e4t gespeichert werden. Wir verwenden Cookies f\u00fcr Grundfunktionen (Login, Warenkorb, Checkout-Sicherheit) und zur Speicherung von Einstellungen (z. B. Sprache).<\/p><ol><li>Kategorien<\/li><\/ol><p>Unbedingt erforderliche Cookies: notwendig f\u00fcr den Betrieb des Shops.<\/p><p>Funktionale Cookies: Einstellungen wie Sprachwahl.<\/p><p>Analyse-Cookies (falls aktiviert): Reichweitenmessung und Verbesserung.<\/p><p>Marketing-Cookies (falls aktiviert): Werbung\/Remarketing.<\/p><ol start=\"2\"><li>Verwaltung<\/li><\/ol><p>Sie k\u00f6nnen Cookies \u00fcber ein Cookie-Banner (falls vorhanden) und \u00fcber die Einstellungen Ihres Browsers verwalten.<\/p>\n<\/div><\/div>\n<\/section>","protected":false},"excerpt":{"rendered":"<p>Cookie-Richtlinie Stand: 01. Januar 2026Cookies sind kleine Textdateien, die auf Ihrem Ger\u00e4t gespeichert werden. Wir verwenden Cookies f\u00fcr Grundfunktionen (Login, Warenkorb, Checkout-Sicherheit) und zur Speicherung von Einstellungen (z. B. Sprache).KategorienUnbedingt erforderliche Cookies: notwendig f\u00fcr den Betrieb des Shops.Funktionale Cookies: Einstellungen wie Sprachwahl.Analyse-Cookies (falls aktiviert): Reichweitenmessung und Verbesserung.Marketing-Cookies (falls aktiviert): Werbung\/Remarketing.VerwaltungSie k\u00f6nnen Cookies \u00fcber ein Cookie-Banner [&hellip;]<\/p>\n","protected":false},"author":1,"featured_media":0,"parent":0,"menu_order":0,"comment_status":"closed","ping_status":"closed","template":"","meta":{"_breakdance_hide_in_design_set":false,"_breakdance_tags":"","footnotes":""},"page_group":[56],"class_list":["post-2744","page","type-page","status-publish","hentry","page_group-legal"],"_links":{"self":[{"href":"https:\/\/www.nemesysunit.com\/de\/wp-json\/wp\/v2\/pages\/2744","targetHints":{"allow":["GET"]}}],"collection":[{"href":"https:\/\/www.nemesysunit.com\/de\/wp-json\/wp\/v2\/pages"}],"about":[{"href":"https:\/\/www.nemesysunit.com\/de\/wp-json\/wp\/v2\/types\/page"}],"author":[{"embeddable":true,"href":"https:\/\/www.nemesysunit.com\/de\/wp-json\/wp\/v2\/users\/1"}],"replies":[{"embeddable":true,"href":"https:\/\/www.nemesysunit.com\/de\/wp-json\/wp\/v2\/comments?post=2744"}],"version-history":[{"count":2,"href":"https:\/\/www.nemesysunit.com\/de\/wp-json\/wp\/v2\/pages\/2744\/revisions"}],"predecessor-version":[{"id":2774,"href":"https:\/\/www.nemesysunit.com\/de\/wp-json\/wp\/v2\/pages\/2744\/revisions\/2774"}],"wp:attachment":[{"href":"https:\/\/www.nemesysunit.com\/de\/wp-json\/wp\/v2\/media?parent=2744"}],"wp:term":[{"taxonomy":"page_group","embeddable":true,"href":"https:\/\/www.nemesysunit.com\/de\/wp-json\/wp\/v2\/page_group?post=2744"}],"curies":[{"name":"wp","href":"https:\/\/api.w.org\/{rel}","templated":true}]}}