{"id":2743,"date":"2026-03-02T11:20:28","date_gmt":"2026-03-02T10:20:28","guid":{"rendered":"https:\/\/www.nemesysunit.com\/beschwerden-as-os-eu-verbraucher\/"},"modified":"2026-03-02T20:33:51","modified_gmt":"2026-03-02T19:33:51","slug":"beschwerden-as-os-eu-verbraucher","status":"publish","type":"page","link":"https:\/\/www.nemesysunit.com\/de\/beschwerden-as-os-eu-verbraucher\/","title":{"rendered":"Beschwerden, AS \/ OS (EU-Verbraucher)"},"content":{"rendered":"<section class=\"bde-section-2743-100 bde-section\">\n  \n  \n\t\n\n\n\n<div class=\"section-container\"><h2 class=\"bde-heading-2743-101 bde-heading\">\nBeschwerden, ADR \/ ODR (EU-Verbraucher)\n<\/h2><div class=\"bde-rich-text-2743-102 bde-rich-text breakdance-rich-text-styles\">\n<p>Stand: 01. Januar 2026<\/p><ol><li>Beschwerden<\/li><\/ol><p>Bitte kontaktieren Sie uns zun\u00e4chst unter info@nemesysunit.com und geben Sie Ihre Bestellnummer an.<\/p><ol start=\"2\"><li>ODR-Plattform (EU)<\/li><\/ol><p>EU-Verbraucher k\u00f6nnen die Online-Streitbeilegungsplattform nutzen:<\/p><p>https:\/\/ec.europa.eu\/consumers\/odr<\/p><p>\u00a0<\/p><p>\u010cas\u0165 C \u2014 Slovensky<\/p><p>Nasleduj\u00face dokumenty platia pre pou\u017e\u00edvanie nemesysunit.com a n\u00e1kupy v e-shope.<\/p>\n<\/div><\/div>\n<\/section>","protected":false},"excerpt":{"rendered":"<p>Beschwerden, ADR \/ ODR (EU-Verbraucher) Stand: 01. Januar 2026BeschwerdenBitte kontaktieren Sie uns zun\u00e4chst unter info@nemesysunit.com und geben Sie Ihre Bestellnummer an.ODR-Plattform (EU)EU-Verbraucher k\u00f6nnen die Online-Streitbeilegungsplattform nutzen:https:\/\/ec.europa.eu\/consumers\/odr\u00a0\u010cas\u0165 C \u2014 SlovenskyNasleduj\u00face dokumenty platia pre pou\u017e\u00edvanie nemesysunit.com a n\u00e1kupy v e-shope.<\/p>\n","protected":false},"author":1,"featured_media":0,"parent":0,"menu_order":0,"comment_status":"closed","ping_status":"closed","template":"","meta":{"_breakdance_hide_in_design_set":false,"_breakdance_tags":"","footnotes":""},"page_group":[56],"class_list":["post-2743","page","type-page","status-publish","hentry","page_group-legal"],"_links":{"self":[{"href":"https:\/\/www.nemesysunit.com\/de\/wp-json\/wp\/v2\/pages\/2743","targetHints":{"allow":["GET"]}}],"collection":[{"href":"https:\/\/www.nemesysunit.com\/de\/wp-json\/wp\/v2\/pages"}],"about":[{"href":"https:\/\/www.nemesysunit.com\/de\/wp-json\/wp\/v2\/types\/page"}],"author":[{"embeddable":true,"href":"https:\/\/www.nemesysunit.com\/de\/wp-json\/wp\/v2\/users\/1"}],"replies":[{"embeddable":true,"href":"https:\/\/www.nemesysunit.com\/de\/wp-json\/wp\/v2\/comments?post=2743"}],"version-history":[{"count":3,"href":"https:\/\/www.nemesysunit.com\/de\/wp-json\/wp\/v2\/pages\/2743\/revisions"}],"predecessor-version":[{"id":2827,"href":"https:\/\/www.nemesysunit.com\/de\/wp-json\/wp\/v2\/pages\/2743\/revisions\/2827"}],"wp:attachment":[{"href":"https:\/\/www.nemesysunit.com\/de\/wp-json\/wp\/v2\/media?parent=2743"}],"wp:term":[{"taxonomy":"page_group","embeddable":true,"href":"https:\/\/www.nemesysunit.com\/de\/wp-json\/wp\/v2\/page_group?post=2743"}],"curies":[{"name":"wp","href":"https:\/\/api.w.org\/{rel}","templated":true}]}}