{"id":2719,"date":"2026-02-19T19:46:00","date_gmt":"2026-02-19T18:46:00","guid":{"rendered":"https:\/\/www.nemesysunit.com\/haftungsausschluss\/"},"modified":"2026-03-02T11:32:01","modified_gmt":"2026-03-02T10:32:01","slug":"haftungsausschluss","status":"publish","type":"page","link":"https:\/\/www.nemesysunit.com\/de\/haftungsausschluss\/","title":{"rendered":"Haftungsausschluss"},"content":{"rendered":"<section class=\"bde-section-2719-100 bde-section\">\n  \n  \n\t\n\n\n\n<div class=\"section-container\"><h2 class=\"bde-heading-2719-101 bde-heading\">\nHaftungsausschluss & Risikohinweise (Units)\n<\/h2><div class=\"bde-rich-text-2719-102 bde-rich-text breakdance-rich-text-styles\">\n<p>Stand: 01. Januar 2026<\/p><ol><li>Keine Beratung<\/li><\/ol><p>Die Informationen auf dieser Website stellen keine Rechts-, Steuer-, Finanz- oder Anlageberatung dar.<\/p><ol start=\"2\"><li>Units sind keine Bankeinlage<\/li><\/ol><p>Units sind keine Bankeinlagen und nicht durch eine Einlagensicherung gesch\u00fctzt.<\/p><ol start=\"3\"><li>Wesentliche Risiken<\/li><\/ol><p>Risiko eines teilweisen oder vollst\u00e4ndigen Verlusts des eingesetzten Betrags.<\/p><p>Unternehmensrisiko: Ergebnisse k\u00f6nnen von Erwartungen abweichen.<\/p><p>Liquidit\u00e4tsrisiko: Units k\u00f6nnen illiquide sein und ggf. nicht frei \u00fcbertragbar.<\/p><p>Regulatorisches Risiko: Verf\u00fcgbarkeit kann je nach Land eingeschr\u00e4nkt sein.<\/p><ol start=\"4\"><li>Vertrag geht vor<\/li><\/ol><p>F\u00fcr Units gilt im Zweifel der Darlehensvertrag. Bitte lesen Sie diesen sorgf\u00e4ltig und holen Sie bei Bedarf unabh\u00e4ngigen Rat ein.<\/p>\n<\/div><\/div>\n<\/section>","protected":false},"excerpt":{"rendered":"<p>Haftungsausschluss &#038; Risikohinweise (Units) Stand: 01. Januar 2026Keine BeratungDie Informationen auf dieser Website stellen keine Rechts-, Steuer-, Finanz- oder Anlageberatung dar.Units sind keine BankeinlageUnits sind keine Bankeinlagen und nicht durch eine Einlagensicherung gesch\u00fctzt.Wesentliche RisikenRisiko eines teilweisen oder vollst\u00e4ndigen Verlusts des eingesetzten Betrags.Unternehmensrisiko: Ergebnisse k\u00f6nnen von Erwartungen abweichen.Liquidit\u00e4tsrisiko: Units k\u00f6nnen illiquide sein und ggf. nicht frei [&hellip;]<\/p>\n","protected":false},"author":1,"featured_media":0,"parent":0,"menu_order":0,"comment_status":"closed","ping_status":"closed","template":"","meta":{"_breakdance_hide_in_design_set":false,"_breakdance_tags":"","footnotes":""},"page_group":[56],"class_list":["post-2719","page","type-page","status-publish","hentry","page_group-legal"],"_links":{"self":[{"href":"https:\/\/www.nemesysunit.com\/de\/wp-json\/wp\/v2\/pages\/2719","targetHints":{"allow":["GET"]}}],"collection":[{"href":"https:\/\/www.nemesysunit.com\/de\/wp-json\/wp\/v2\/pages"}],"about":[{"href":"https:\/\/www.nemesysunit.com\/de\/wp-json\/wp\/v2\/types\/page"}],"author":[{"embeddable":true,"href":"https:\/\/www.nemesysunit.com\/de\/wp-json\/wp\/v2\/users\/1"}],"replies":[{"embeddable":true,"href":"https:\/\/www.nemesysunit.com\/de\/wp-json\/wp\/v2\/comments?post=2719"}],"version-history":[{"count":2,"href":"https:\/\/www.nemesysunit.com\/de\/wp-json\/wp\/v2\/pages\/2719\/revisions"}],"predecessor-version":[{"id":2773,"href":"https:\/\/www.nemesysunit.com\/de\/wp-json\/wp\/v2\/pages\/2719\/revisions\/2773"}],"wp:attachment":[{"href":"https:\/\/www.nemesysunit.com\/de\/wp-json\/wp\/v2\/media?parent=2719"}],"wp:term":[{"taxonomy":"page_group","embeddable":true,"href":"https:\/\/www.nemesysunit.com\/de\/wp-json\/wp\/v2\/page_group?post=2719"}],"curies":[{"name":"wp","href":"https:\/\/api.w.org\/{rel}","templated":true}]}}