{"id":2662,"date":"2026-02-22T10:36:42","date_gmt":"2026-02-22T09:36:42","guid":{"rendered":"https:\/\/www.nemesysunit.com\/selbsttragendes-struktursystem\/"},"modified":"2026-03-10T17:28:21","modified_gmt":"2026-03-10T16:28:21","slug":"selbsttragendes-struktursystem","status":"publish","type":"page","link":"https:\/\/www.nemesysunit.com\/de\/selbsttragendes-struktursystem\/","title":{"rendered":"Selbsttragendes Struktursystem"},"content":{"rendered":"<section class=\"bde-section-2662-100 bde-section\">\n  \n  \n\t\n\n\n\n<div class=\"section-container\"><h1 class=\"bde-heading-2662-101 bde-heading\">\nSelbsttragendes Struktursystem\n<\/h1><div class=\"bde-rich-text-2662-102 bde-rich-text breakdance-rich-text-styles\">\n<p data-start=\"66\" data-end=\"161\"><strong data-start=\"66\" data-end=\"161\">Eine strukturelle Technologie f\u00fcr selbsttragende Rahmensysteme und tragende Konstruktionen.<\/strong><\/p><p data-start=\"163\" data-end=\"472\">Diese Erfindung f\u00fchrt einen alternativen Ansatz f\u00fcr die Tragwerksplanung ein und fokussiert sich auf eine optimierte Lastverteilung sowie mechanische Stabilit\u00e4t. Das System ist so ausgelegt, dass Spannungskonzentrationen im Material minimiert werden, w\u00e4hrend eine hohe strukturelle Integrit\u00e4t erhalten bleibt.<\/p><p data-start=\"474\" data-end=\"680\">Das Konzept kann im Bauwesen, auf Industrieplattformen, in modularen Strukturen oder in spezialisierten technischen Umgebungen eingesetzt werden, in denen Stabilit\u00e4t und Materialeffizienz entscheidend sind.<\/p><p data-start=\"682\" data-end=\"707\"><strong data-start=\"682\" data-end=\"707\">Wesentliche Merkmale:<\/strong><\/p><ul data-start=\"708\" data-end=\"942\" data-is-last-node=\"\" data-is-only-node=\"\"><li data-section-id=\"13gwt9n\" data-start=\"708\" data-end=\"752\"><p data-start=\"710\" data-end=\"752\">Optimierte Geometrie der Last\u00fcbertragung<\/p><\/li><li data-section-id=\"u40l39\" data-start=\"753\" data-end=\"785\"><p data-start=\"755\" data-end=\"785\">Selbsttragende Konfiguration<\/p><\/li><li data-section-id=\"1mtcsaj\" data-start=\"786\" data-end=\"842\"><p data-start=\"788\" data-end=\"842\">Reduzierte kritische Spannungspunkte in der Struktur<\/p><\/li><li data-section-id=\"1mjedwr\" data-start=\"843\" data-end=\"879\"><p data-start=\"845\" data-end=\"879\">Potenzial f\u00fcr modulare Umsetzung<\/p><\/li><li data-section-id=\"p3rh4h\" data-start=\"880\" data-end=\"942\" data-is-last-node=\"\"><p data-start=\"882\" data-end=\"942\" data-is-last-node=\"\">Patentanmeldung eingereicht und in offizieller Registrierung<\/p><\/li><\/ul>\n<\/div><\/div>\n<\/section>","protected":false},"excerpt":{"rendered":"<p>Selbsttragendes Struktursystem Eine strukturelle Technologie f\u00fcr selbsttragende Rahmensysteme und tragende Konstruktionen.Diese Erfindung f\u00fchrt einen alternativen Ansatz f\u00fcr die Tragwerksplanung ein und fokussiert sich auf eine optimierte Lastverteilung sowie mechanische Stabilit\u00e4t. Das System ist so ausgelegt, dass Spannungskonzentrationen im Material minimiert werden, w\u00e4hrend eine hohe strukturelle Integrit\u00e4t erhalten bleibt.Das Konzept kann im Bauwesen, auf Industrieplattformen, in [&hellip;]<\/p>\n","protected":false},"author":1,"featured_media":0,"parent":0,"menu_order":0,"comment_status":"closed","ping_status":"closed","template":"","meta":{"_breakdance_hide_in_design_set":false,"_breakdance_tags":"","footnotes":""},"page_group":[58],"class_list":["post-2662","page","type-page","status-publish","hentry","page_group-pages"],"_links":{"self":[{"href":"https:\/\/www.nemesysunit.com\/de\/wp-json\/wp\/v2\/pages\/2662","targetHints":{"allow":["GET"]}}],"collection":[{"href":"https:\/\/www.nemesysunit.com\/de\/wp-json\/wp\/v2\/pages"}],"about":[{"href":"https:\/\/www.nemesysunit.com\/de\/wp-json\/wp\/v2\/types\/page"}],"author":[{"embeddable":true,"href":"https:\/\/www.nemesysunit.com\/de\/wp-json\/wp\/v2\/users\/1"}],"replies":[{"embeddable":true,"href":"https:\/\/www.nemesysunit.com\/de\/wp-json\/wp\/v2\/comments?post=2662"}],"version-history":[{"count":3,"href":"https:\/\/www.nemesysunit.com\/de\/wp-json\/wp\/v2\/pages\/2662\/revisions"}],"predecessor-version":[{"id":2855,"href":"https:\/\/www.nemesysunit.com\/de\/wp-json\/wp\/v2\/pages\/2662\/revisions\/2855"}],"wp:attachment":[{"href":"https:\/\/www.nemesysunit.com\/de\/wp-json\/wp\/v2\/media?parent=2662"}],"wp:term":[{"taxonomy":"page_group","embeddable":true,"href":"https:\/\/www.nemesysunit.com\/de\/wp-json\/wp\/v2\/page_group?post=2662"}],"curies":[{"name":"wp","href":"https:\/\/api.w.org\/{rel}","templated":true}]}}