{"id":2660,"date":"2026-02-22T10:36:40","date_gmt":"2026-02-22T09:36:40","guid":{"rendered":"https:\/\/www.nemesysunit.com\/antriebseinheit\/"},"modified":"2026-03-10T17:29:37","modified_gmt":"2026-03-10T16:29:37","slug":"antriebseinheit","status":"publish","type":"page","link":"https:\/\/www.nemesysunit.com\/de\/antriebseinheit\/","title":{"rendered":"Antriebseinheit"},"content":{"rendered":"<section class=\"bde-section-2660-100 bde-section\">\n  \n  \n\t\n\n\n\n<div class=\"section-container\"><h1 class=\"bde-heading-2660-101 bde-heading\">\nAntriebseinheit\n<\/h1><div class=\"bde-rich-text-2660-102 bde-rich-text breakdance-rich-text-styles\">\n<p data-start=\"51\" data-end=\"143\"><strong data-start=\"51\" data-end=\"143\">Ein Hochleistungs-Antriebskonzept auf Basis innovativer mechanischer Energie\u00fcbertragung.<\/strong><\/p><p data-start=\"145\" data-end=\"371\">Diese Erfindung untersucht alternative Ans\u00e4tze zur Krafterzeugung und Bewegungssteuerung. Das Design zielt darauf ab, die Energie\u00fcbertragung zu optimieren und dabei strukturelle Balance sowie mechanische Effizienz zu erhalten.<\/p><p data-start=\"373\" data-end=\"514\">Das Konzept ist derzeit durch eine Patentanmeldung gesch\u00fctzt und stellt ein grundlegendes Element f\u00fcr potenzielle zuk\u00fcnftige Anwendungen dar.<\/p><p data-start=\"516\" data-end=\"541\"><strong data-start=\"516\" data-end=\"541\">Wesentliche Merkmale:<\/strong><\/p><ul data-start=\"542\" data-end=\"749\" data-is-last-node=\"\" data-is-only-node=\"\"><li data-section-id=\"1ptmilp\" data-start=\"542\" data-end=\"587\"><p data-start=\"544\" data-end=\"587\">Alternatives mechanisches Antriebsprinzip<\/p><\/li><li data-section-id=\"1kxqzx4\" data-start=\"588\" data-end=\"638\"><p data-start=\"590\" data-end=\"638\">Optimierter Mechanismus zur Energie\u00fcbertragung<\/p><\/li><li data-section-id=\"42et2p\" data-start=\"639\" data-end=\"677\"><p data-start=\"641\" data-end=\"677\">Ausgewogene strukturelle Auslegung<\/p><\/li><li data-section-id=\"1yj71ft\" data-start=\"678\" data-end=\"719\"><p data-start=\"680\" data-end=\"719\">F\u00fcr vielseitige Anwendungen ausgelegt<\/p><\/li><li data-section-id=\"1ls4m3k\" data-start=\"720\" data-end=\"749\" data-is-last-node=\"\"><p data-start=\"722\" data-end=\"749\" data-is-last-node=\"\">Patentanmeldung eingereicht<\/p><\/li><\/ul>\n<\/div><\/div>\n<\/section>","protected":false},"excerpt":{"rendered":"<p>Antriebseinheit Ein Hochleistungs-Antriebskonzept auf Basis innovativer mechanischer Energie\u00fcbertragung.Diese Erfindung untersucht alternative Ans\u00e4tze zur Krafterzeugung und Bewegungssteuerung. Das Design zielt darauf ab, die Energie\u00fcbertragung zu optimieren und dabei strukturelle Balance sowie mechanische Effizienz zu erhalten.Das Konzept ist derzeit durch eine Patentanmeldung gesch\u00fctzt und stellt ein grundlegendes Element f\u00fcr potenzielle zuk\u00fcnftige Anwendungen dar.Wesentliche Merkmale:Alternatives mechanisches AntriebsprinzipOptimierter Mechanismus [&hellip;]<\/p>\n","protected":false},"author":1,"featured_media":0,"parent":0,"menu_order":0,"comment_status":"closed","ping_status":"closed","template":"","meta":{"_breakdance_hide_in_design_set":false,"_breakdance_tags":"","footnotes":""},"page_group":[58],"class_list":["post-2660","page","type-page","status-publish","hentry","page_group-pages"],"_links":{"self":[{"href":"https:\/\/www.nemesysunit.com\/de\/wp-json\/wp\/v2\/pages\/2660","targetHints":{"allow":["GET"]}}],"collection":[{"href":"https:\/\/www.nemesysunit.com\/de\/wp-json\/wp\/v2\/pages"}],"about":[{"href":"https:\/\/www.nemesysunit.com\/de\/wp-json\/wp\/v2\/types\/page"}],"author":[{"embeddable":true,"href":"https:\/\/www.nemesysunit.com\/de\/wp-json\/wp\/v2\/users\/1"}],"replies":[{"embeddable":true,"href":"https:\/\/www.nemesysunit.com\/de\/wp-json\/wp\/v2\/comments?post=2660"}],"version-history":[{"count":3,"href":"https:\/\/www.nemesysunit.com\/de\/wp-json\/wp\/v2\/pages\/2660\/revisions"}],"predecessor-version":[{"id":2857,"href":"https:\/\/www.nemesysunit.com\/de\/wp-json\/wp\/v2\/pages\/2660\/revisions\/2857"}],"wp:attachment":[{"href":"https:\/\/www.nemesysunit.com\/de\/wp-json\/wp\/v2\/media?parent=2660"}],"wp:term":[{"taxonomy":"page_group","embeddable":true,"href":"https:\/\/www.nemesysunit.com\/de\/wp-json\/wp\/v2\/page_group?post=2660"}],"curies":[{"name":"wp","href":"https:\/\/api.w.org\/{rel}","templated":true}]}}