{"id":2583,"date":"2026-02-19T19:44:56","date_gmt":"2026-02-19T18:44:56","guid":{"rendered":"https:\/\/www.nemesysunit.com\/beteiligung\/"},"modified":"2026-03-10T17:26:41","modified_gmt":"2026-03-10T16:26:41","slug":"beteiligung","status":"publish","type":"page","link":"https:\/\/www.nemesysunit.com\/de\/beteiligung\/","title":{"rendered":"Beteiligung"},"content":{"rendered":"<section class=\"bde-section-2583-100 bde-section\">\n  \n  \n\t\n\n\n\n<div class=\"section-container\"><h1 class=\"bde-heading-2583-101 bde-heading\">\nStrukturierte Beteiligung an NemesysUnit\n<\/h1><div class=\"bde-text-2583-102 bde-text\">\nVerstehen Sie, wie Units funktionieren, wie die Beteiligung dokumentiert wird und wie technischer Fortschritt, begrenzte St\u00fcckzahl und Marktnachfrage die k\u00fcnftige Wertentwicklung beeinflussen k\u00f6nnen.\n<\/div><div class=\"bde-div-2583-103 bde-div\">\n  \n  \n\t\n\n\n\n<div class=\"bde-button-2583-104 bde-button\">\n    \n                                    \n    \n    \n    \n    \n            \n                    \n            \n            \n\n    \n    \n    \n    \n    \n    <a class=\"breakdance-link button-atom button-atom--primary bde-button__button\" href=\"https:\/\/www.nemesysunit.com\/de\/produkt\/nemesysunit-zertifikat\/\" target=\"_self\" data-type=\"url\"  >\n\n    \n        <span class=\"button-atom__text\">Units erwerben<\/span>\n\n        \n        \n                <\/a>\n\n    \n\n\n<\/div>\n<\/div><\/div>\n<\/section><section class=\"bde-section-2583-105 bde-section\">\n  \n  \n\t\n\n\n\n<div class=\"section-container\"><div class=\"bde-columns-2583-106 bde-columns\"><div class=\"bde-column-2583-107 bde-column\">\n  \n  \n\t\n\n\n\n<h2 class=\"bde-heading-2583-108 bde-heading\">\nInnovation braucht Menschen, die ver\u00adtrauen\n<\/h2><div class=\"bde-rich-text-2583-109 bde-rich-text breakdance-rich-text-styles\">\n<p data-start=\"517\" data-end=\"653\">Technologische Durchbr\u00fcche entstehen nicht \u00fcber Nacht.<br data-start=\"1765\" data-end=\"1768\" \/>Sie sind das Ergebnis jahrelanger Forschung, Ausdauer und unabh\u00e4ngigen Denkens.<br data-start=\"1847\" data-end=\"1850\" \/>Hinter jeder ernsthaften Entwicklung steht eine Gemeinschaft von Menschen, die Innovation unterst\u00fctzt, bevor sie zum Mainstream wird.<\/p>\n<\/div><h3 class=\"bde-heading-2583-110 bde-heading\">\nBeteiligung erm\u00f6glicht es Einzelnen,\n<\/h3><div class=\"bde-rich-text-2583-111 bde-rich-text breakdance-rich-text-styles\">\n<p data-start=\"781\" data-end=\"900\">Teil dieser Reise zu werden \u2013 als Mitgestalter realen technischen Fortschritts.<\/p>\n<\/div>\n<\/div><div class=\"bde-column-2583-112 bde-column\">\n  \n  \n\t\n\n\n\n<h2 class=\"bde-heading-2583-113 bde-heading\">\nWas Beteiligung bedeutet\n<\/h2><div class=\"bde-rich-text-2583-114 bde-rich-text breakdance-rich-text-styles\">\n<p data-start=\"960\" data-end=\"1099\">Die Beteiligung ist \u00fcber ein formales Vertragsmodell strukturiert, das Unterst\u00fctzern erm\u00f6glicht, zur Entwicklung der Nemesys-Projekte beizutragen.<br data-start=\"3313\" data-end=\"3316\" \/>Sie steht f\u00fcr eine strukturierte Beteiligung an langfristiger technischer Entwicklung.<\/p>\n<\/div><h3 class=\"bde-heading-2583-115 bde-heading\">\nStrukturiert und transparent\n<\/h3><div class=\"bde-rich-text-2583-116 bde-rich-text breakdance-rich-text-styles\">\n<p data-start=\"1217\" data-end=\"1239\">Beteiligung definiert:<br data-start=\"3898\" data-end=\"3901\" \/>\u2022 Finanzielle Beteiligung<br data-start=\"3926\" data-end=\"3929\" \/>\u2022 Klar definierte Rechte und Pflichten<br data-start=\"3967\" data-end=\"3970\" \/>\u2022 Beteiligungsrahmen<br data-start=\"3990\" data-end=\"3993\" \/>\u2022 \u00dcbertragungsbedingungen<\/p>\n<\/div>\n<\/div><\/div><\/div>\n<\/section><section class=\"bde-section-2583-117 bde-section\">\n  \n  \n\t\n\n\n\n<div class=\"section-container\"><h2 class=\"bde-heading-2583-118 bde-heading\">\nWie die Beteiligung an NemesysUnit funktioniert\n<\/h2><h4 class=\"bde-heading-2583-119 bde-heading\">\n(Darlehen \u2192 Units \u2192 Beteiligung)\n<\/h4><div class=\"bde-columns-2583-120 bde-columns\"><div class=\"bde-column-2583-121 bde-column\">\n  \n  \n\t\n\n\n\n<img decoding=\"async\" class=\"bde-image2-2583-122 bde-image2\" src=\"https:\/\/www.nemesysunit.com\/wp-content\/uploads\/2026\/02\/NU-how-nemesysunit-works-01-loan.png\" loading=\"lazy\" srcset=\"https:\/\/www.nemesysunit.com\/wp-content\/uploads\/2026\/02\/NU-how-nemesysunit-works-01-loan.png 542w, https:\/\/www.nemesysunit.com\/wp-content\/uploads\/2026\/02\/NU-how-nemesysunit-works-01-loan-224x300.png 224w\" sizes=\"(max-width: 542px) 100vw, 542px\"><h4 class=\"bde-heading-2583-123 bde-heading\">\nSie gew\u00e4hren ein Darlehen\n<\/h4><div class=\"bde-text-2583-124 bde-text\">\nIhre Mittel helfen, die Entwicklung innerhalb von Nemesys s.r.o. zu finanzieren\n<\/div><div class=\"bde-div-2583-125 bde-div\">\n  \n  \n\t\n\n\n\n<div class=\"bde-button-2583-126 bde-button\">\n    \n                                    \n    \n    \n    \n    \n            \n                    \n            \n            \n\n    \n    \n    \n    \n    \n    <a class=\"breakdance-link button-atom button-atom--secondary bde-button__button\" href=\"https:\/\/www.nemesysunit.com\/wp-content\/uploads\/2026\/03\/Vertrag-Nemesysunit-de.pdf\" target=\"_blank\" data-type=\"url\"  >\n\n    \n        <span class=\"button-atom__text\">Darlehensvertrag ansehen<\/span>\n\n        \n        \n                <\/a>\n\n    \n\n\n<\/div>\n<\/div>\n<\/div><div class=\"bde-column-2583-127 bde-column\">\n  \n  \n\t\n\n\n\n<img decoding=\"async\" class=\"bde-image2-2583-128 bde-image2\" src=\"https:\/\/www.nemesysunit.com\/wp-content\/uploads\/2026\/02\/NU-how-nemesysunit-works-certificate.png\" loading=\"lazy\" srcset=\"https:\/\/www.nemesysunit.com\/wp-content\/uploads\/2026\/02\/NU-how-nemesysunit-works-certificate.png 542w, https:\/\/www.nemesysunit.com\/wp-content\/uploads\/2026\/02\/NU-how-nemesysunit-works-certificate-224x300.png 224w\" sizes=\"(max-width: 542px) 100vw, 542px\"><h4 class=\"bde-heading-2583-129 bde-heading\">\nSie erhalten Units\n<\/h4><div class=\"bde-text-2583-130 bde-text\">\nUnits stehen f\u00fcr eine dokumentierte Beteiligungsposition, die an die Gewinnverteilung gekoppelt ist.\n<\/div><div class=\"bde-div-2583-131 bde-div\">\n  \n  \n\t\n\n\n\n<div class=\"bde-button-2583-132 bde-button\">\n    \n                                    \n    \n    \n    \n    \n            \n                    \n            \n            \n\n    \n    \n    \n    \n    \n    <a class=\"breakdance-link button-atom button-atom--secondary bde-button__button\" href=\"https:\/\/www.nemesysunit.com\/de\/produkt\/nemesysunit-zertifikat\/\" target=\"_blank\" data-type=\"url\"  >\n\n    \n        <span class=\"button-atom__text\">Zertifikat ansehen<\/span>\n\n        \n        \n                <\/a>\n\n    \n\n\n<\/div>\n<\/div>\n<\/div><div class=\"bde-column-2583-133 bde-column\">\n  \n  \n\t\n\n\n\n<img decoding=\"async\" class=\"bde-image2-2583-134 bde-image2\" src=\"https:\/\/www.nemesysunit.com\/wp-content\/uploads\/2026\/02\/NU-how-nemesysunit-works-performance.png\" loading=\"lazy\" srcset=\"https:\/\/www.nemesysunit.com\/wp-content\/uploads\/2026\/02\/NU-how-nemesysunit-works-performance.png 542w, https:\/\/www.nemesysunit.com\/wp-content\/uploads\/2026\/02\/NU-how-nemesysunit-works-performance-224x300.png 224w\" sizes=\"(max-width: 542px) 100vw, 542px\"><h4 class=\"bde-heading-2583-135 bde-heading\">\nR\u00fcckzahlung & Gewinnbeteiligung\n<\/h4><div class=\"bde-text-2583-136 bde-text\">\nDie R\u00fcckzahlung erfolgt \u00fcber einen definierten Mechanismus der Forderungsabtretung; die Gewinnverteilung erfolgt j\u00e4hrlich auf Basis der Ergebnisse.\n<\/div><div class=\"bde-div-2583-137 bde-div\">\n  \n  \n\t\n\n\n\n<div class=\"bde-button-2583-138 bde-button\">\n    \n                                    \n    \n    \n    \n    \n            \n                    \n            \n            \n\n    \n    \n    \n    \n    \n    <a class=\"breakdance-link button-atom button-atom--secondary bde-button__button\" href=\"#wertentwicklungsubersicht\" target=\"_self\" data-type=\"url\"  >\n\n    \n        <span class=\"button-atom__text\">Performance-Graf ansehen<\/span>\n\n        \n        \n                <\/a>\n\n    \n\n\n<\/div>\n<\/div>\n<\/div><\/div><\/div>\n<\/section><section class=\"bde-section-2583-139 bde-section\">\n  \n  \n\t\n\n\n\n<div class=\"section-container\"><h2 class=\"bde-heading-2583-140 bde-heading\">\nWarum Units ein Win-win sind (keine Spende)\n<\/h2><div class=\"bde-text-2583-141 bde-text\">\nDer Unit-Wert ist marktbasiert und spiegelt begrenztes Angebot sowie die Entwicklung des Unternehmens wider (Gewinnpotenzial, Nachfrage, Fortschritts-Meilensteine). Mit dem Wachstum von Nemesys s.r.o. kann auch die Marktnachfrage nach Units entsprechend steigen.\n<\/div><div class=\"bde-rich-text-2583-142 bde-rich-text breakdance-rich-text-styles\">\n<ul><li data-start=\"1772\" data-end=\"1868\"><p data-start=\"1775\" data-end=\"1868\"><strong>Sie halten Units<\/strong><br data-start=\"1793\" data-end=\"1796\" \/><em>Eine klare, dokumentierte Beteiligungsposition am Projekt.<\/em><\/p><\/li><li data-start=\"1871\" data-end=\"1982\"><p data-start=\"1874\" data-end=\"1982\"><strong>Entwicklung wird finanziert<\/strong><br data-start=\"1899\" data-end=\"1902\" \/><em>Ihr Erwerb beschleunigt den Weg zu Prototypen und Validierung.<\/em><\/p><\/li><li data-start=\"1985\" data-end=\"2123\"><p data-start=\"1988\" data-end=\"2123\"><strong>Definierter \u00dcbergangsmechanismus<\/strong><br data-start=\"2020\" data-end=\"2023\" \/><em>Das Modell ist so konzipiert, dass es nach Ausgleich der Verpflichtungen \u00fcbergeht \u2013 wie in den Bedingungen beschrieben.<\/em><\/p><\/li><\/ul>\n<\/div><h2 class=\"bde-heading-2583-143 bde-heading\">\nWarum Units an Wert gewinnen\n<\/h2><div class=\"bde-text-2583-144 bde-text\">\nDer Unit-Wert ist marktbasiert und spiegelt das begrenzte Angebot sowie die Entwicklung des Unternehmens wider (Gewinnpotenzial, Nachfrage, Fortschrittsmeilensteine). Mit dem Wachstum von Nemesys s.r.o. kann auch die Marktnachfrage nach Units entsprechend steigen.\n<\/div><div class=\"bde-columns-2583-145 bde-columns\"><div class=\"bde-column-2583-146 bde-column\">\n  \n  \n\t\n\n\n\n<div class=\"bde-button-2583-147 bde-button\">\n    \n                                    \n    \n    \n    \n    \n            \n                    \n            \n            \n\n    \n    \n    \n    \n    \n    <a class=\"breakdance-link button-atom button-atom--primary bde-button__button\" href=\"https:\/\/www.nemesysunit.com\/wp-content\/uploads\/2026\/03\/Vertrag-Nemesysunit-de.pdf\" target=\"_blank\" data-type=\"url\"  >\n\n    \n        <span class=\"button-atom__text\">Darlehensvertrag lesen<\/span>\n\n        \n        \n                <\/a>\n\n    \n\n\n<\/div>\n<\/div><div class=\"bde-column-2583-148 bde-column\">\n  \n  \n\t\n\n\n\n<div class=\"bde-button-2583-149 bde-button\">\n    \n                                    \n    \n    \n    \n    \n            \n                    \n            \n            \n\n    \n    \n    \n    \n    \n    <a class=\"breakdance-link button-atom button-atom--secondary bde-button__button\" href=\"https:\/\/www.nemesysunit.com\/participation\/#wertentwicklungsubersicht\" target=\"_self\" data-type=\"url\"  >\n\n    \n        <span class=\"button-atom__text\">Aktuellen Unit-Wert & Fortschritt ansehen<\/span>\n\n        \n        \n                <\/a>\n\n    \n\n\n<\/div>\n<\/div><\/div><\/div>\n<\/section><section class=\"bde-section-2583-150 bde-section\">\n              \n  \n  \n\t\n\n\n\n<div class=\"section-container\"><h3 class=\"bde-heading-2583-151 bde-heading\">\nIm Laufe der Jahre hat sich die Beteiligung erweitert, w\u00e4hrend sich die technische Vision weiterentwickelte.\n<\/h3><\/div>\n<\/section><section class=\"bde-section-2583-152 bde-section\">\n              \n  \n  \n\t\n\n\n\n<div class=\"section-container\"><h2 class=\"bde-heading-2583-153 bde-heading\">\nFakten in Zahlen\n<\/h2><div class=\"bde-columns-2583-154 bde-columns\"><div class=\"bde-column-2583-155 bde-column\">\n  \n  \n\t\n\n\n\n<h2 class=\"bde-heading-2583-156 bde-heading\">\n\u20ac 200\n<\/h2><div class=\"bde-text-2583-157 bde-text\">\nAktueller Referenzwert je Nemesys Unit\n<\/div>\n<\/div><div class=\"bde-column-2583-158 bde-column\">\n  \n  \n\t\n\n\n\n<h2 class=\"bde-heading-2583-159 bde-heading\">\n400+\n<\/h2><div class=\"bde-text-2583-160 bde-text\">\nBeteiligungsinhaber\n<\/div>\n<\/div><div class=\"bde-column-2583-161 bde-column\">\n  \n  \n\t\n\n\n\n<h2 class=\"bde-heading-2583-162 bde-heading\">\n31 000+\n<\/h2><div class=\"bde-text-2583-163 bde-text\">\nDerzeit gehaltene Units\n<\/div>\n<\/div><div class=\"bde-column-2583-164 bde-column\">\n  \n  \n\t\n\n\n\n<h2 class=\"bde-heading-2583-165 bde-heading\">\n100 000\n<\/h2><div class=\"bde-text-2583-166 bde-text\">\nMaximales Unit-Kontingent\n<\/div>\n<\/div><\/div><h3 id=\"value-development-overview\" class=\"bde-heading-2583-167 bde-heading\">\n\u00dcberblick der Wertentwicklung\n<\/h3><img decoding=\"async\" id=\"wertentwicklungsubersicht\" class=\"bde-image2-2583-168 bde-image2\" src=\"https:\/\/www.nemesysunit.com\/wp-content\/uploads\/2026\/03\/graf-vyvoja-cien-nemesys_DE-1.jpg\" loading=\"lazy\" srcset=\"https:\/\/www.nemesysunit.com\/wp-content\/uploads\/2026\/03\/graf-vyvoja-cien-nemesys_DE-1.jpg 2528w, https:\/\/www.nemesysunit.com\/wp-content\/uploads\/2026\/03\/graf-vyvoja-cien-nemesys_DE-1-300x201.jpg 300w, https:\/\/www.nemesysunit.com\/wp-content\/uploads\/2026\/03\/graf-vyvoja-cien-nemesys_DE-1-1024x687.jpg 1024w, https:\/\/www.nemesysunit.com\/wp-content\/uploads\/2026\/03\/graf-vyvoja-cien-nemesys_DE-1-768x515.jpg 768w, https:\/\/www.nemesysunit.com\/wp-content\/uploads\/2026\/03\/graf-vyvoja-cien-nemesys_DE-1-1536x1030.jpg 1536w, https:\/\/www.nemesysunit.com\/wp-content\/uploads\/2026\/03\/graf-vyvoja-cien-nemesys_DE-1-2048x1374.jpg 2048w, https:\/\/www.nemesysunit.com\/wp-content\/uploads\/2026\/03\/graf-vyvoja-cien-nemesys_DE-1-600x403.jpg 600w\" sizes=\"(max-width: 2528px) 100vw, 2528px\"><div class=\"bde-text-2583-169 bde-text\">\nDie Anzahl der Units, die je Referenzwert ausgegeben werden, wird pro Stufe individuell festgelegt. Die f\u00fcr kommende Stufen dargestellten Zuteilungen sind indikativ und k\u00f6nnen sich je nach Nachfrage und Projektbedarf \u00e4ndern. Das Gesamtangebot wird 100.000 Units (Hard Cap) niemals \u00fcberschreiten.\n<\/div><\/div>\n<\/section><section class=\"bde-section-2583-170 bde-section\">\n  \n  \n\t\n\n\n\n<div class=\"section-container\"><h3 class=\"bde-heading-2583-171 bde-heading\">\nWarum das Stufenpreismodell langfristigen Wert schafft\n<\/h3><div class=\"bde-rich-text-2583-172 bde-rich-text breakdance-rich-text-styles\">\n<p data-start=\"266\" data-end=\"422\">Die stufenweise Preisstruktur spiegelt kontrolliertes und messbares Projektwachstum wider.<br data-start=\"12156\" data-end=\"12159\" \/>Jede Phase gibt eine begrenzte Anzahl an Units zu einem vordefinierten Preisniveau frei.<br data-start=\"12247\" data-end=\"12250\" \/>Dieses Modell stellt sicher:<br data-start=\"12278\" data-end=\"12281\" \/>Fr\u00fche Teilnehmer steigen zu niedrigeren Bewertungsniveaus ein<br data-start=\"12342\" data-end=\"12345\" \/>Die Preisentwicklung folgt Entwicklungs-Meilensteinen<br data-start=\"12398\" data-end=\"12401\" \/>Das Angebot bleibt je Stufe strukturell begrenzt<br data-start=\"12449\" data-end=\"12452\" \/>Wachstum ist an realen Projektfortschritt gekoppelt<br data-start=\"12503\" data-end=\"12506\" \/>Die Struktur ist nicht spekulativ.<br data-start=\"12540\" data-end=\"12543\" \/>Sie basiert auf stufenweiser technologischer Entwicklung und kontrollierter Expansion.<\/p>\n<\/div><div class=\"bde-columns-2583-173 bde-columns\"><div class=\"bde-column-2583-174 bde-column\">\n  \n  \n\t\n\n\n\n<h3 class=\"bde-heading-2583-175 bde-heading\">\nWas die Wertentwicklung bestimmt\n<\/h3><div class=\"bde-rich-text-2583-176 bde-rich-text breakdance-rich-text-styles\">\n<p data-start=\"822\" data-end=\"856\">Preiserh\u00f6hungen sind nicht willk\u00fcrlich.<br data-start=\"13773\" data-end=\"13776\" \/>Die Wertentwicklung wird beeinflusst durch:<br data-start=\"13819\" data-end=\"13822\" \/>Technologische Durchbr\u00fcche<br data-start=\"13848\" data-end=\"13851\" \/>Prototypen-Validierung<br data-start=\"13873\" data-end=\"13876\" \/>Technische Optimierung<br data-start=\"13898\" data-end=\"13901\" \/>Skalierungsreife<br data-start=\"13917\" data-end=\"13920\" \/>Wachstum der Community<br data-start=\"13942\" data-end=\"13945\" \/>Strategische Partnerschaften<br data-start=\"13973\" data-end=\"13976\" \/>Produktionskapazit\u00e4t<br data-start=\"13996\" data-end=\"13999\" \/>Marktpositionierung<br data-start=\"14018\" data-end=\"14021\" \/>Jede Stufe steht f\u00fcr messbaren Fortschritt in diesen Bereichen.<br data-start=\"14084\" data-end=\"14087\" \/>Mit dem Fortschritt des Projekts entwickelt sich auch das Bewertungsmodell entsprechend weiter.<\/p>\n<\/div>\n<\/div><div class=\"bde-column-2583-177 bde-column\">\n  \n  \n\t\n\n\n\n<h3 class=\"bde-heading-2583-178 bde-heading\">\nAktuelle Phase\n<\/h3><div class=\"bde-rich-text-2583-179 bde-rich-text breakdance-rich-text-styles\">\n<p data-start=\"1266\" data-end=\"1305\">Das Projekt befindet sich aktuell in:<br data-start=\"14992\" data-end=\"14995\" \/>Aktuelles Preisniveau: \u20ac200<br data-start=\"15022\" data-end=\"15025\" \/>Diese Stufe steht f\u00fcr abgeschlossene Grundlagenentwicklung und den \u00dcbergang in eine fortgeschrittene technische Verfeinerung.<br data-start=\"15150\" data-end=\"15153\" \/>Die verbleibenden Units in dieser Stufe sind begrenzt.<\/p>\n<\/div><h3 class=\"bde-heading-2583-180 bde-heading\">\nBeteiligen Sie sich in der aktuellen Phase\n<\/h3><div class=\"bde-rich-text-2583-181 bde-rich-text breakdance-rich-text-styles\">\n<p data-start=\"1592\" data-end=\"1686\">Die Beteiligung in der aktuellen Stufe erm\u00f6glicht den Einstieg vor der n\u00e4chsten strukturellen Preis\u00adanpassung.<br data-start=\"15838\" data-end=\"15841\" \/>Der Zugang ist verf\u00fcgbar, solange die Zuteilung offen ist.<\/p>\n<\/div><div class=\"bde-button-2583-182 bde-button\">\n    \n                                    \n    \n    \n    \n    \n            \n                    \n            \n            \n\n    \n    \n    \n    \n    \n    <a class=\"breakdance-link button-atom button-atom--primary bde-button__button\" href=\"https:\/\/www.nemesysunit.com\/de\/produkt\/nemesysunit-zertifikat\/\" target=\"_self\" data-type=\"url\"  >\n\n    \n        <span class=\"button-atom__text\">Units erwerben<\/span>\n\n        \n        \n                <\/a>\n\n    \n\n\n<\/div>\n<\/div><\/div><\/div>\n<\/section>","protected":false},"excerpt":{"rendered":"<p>Strukturierte Beteiligung an NemesysUnit Verstehen Sie, wie Units funktionieren, wie die Beteiligung dokumentiert wird und wie technischer Fortschritt, begrenzte St\u00fcckzahl und Marktnachfrage die k\u00fcnftige Wertentwicklung beeinflussen k\u00f6nnen. Units erwerben Innovation braucht Menschen, die ver\u00adtrauen Technologische Durchbr\u00fcche entstehen nicht \u00fcber Nacht.Sie sind das Ergebnis jahrelanger Forschung, Ausdauer und unabh\u00e4ngigen Denkens.Hinter jeder ernsthaften Entwicklung steht eine Gemeinschaft [&hellip;]<\/p>\n","protected":false},"author":1,"featured_media":0,"parent":0,"menu_order":0,"comment_status":"closed","ping_status":"closed","template":"","meta":{"_breakdance_hide_in_design_set":false,"_breakdance_tags":"","footnotes":""},"page_group":[58],"class_list":["post-2583","page","type-page","status-publish","hentry","page_group-pages"],"_links":{"self":[{"href":"https:\/\/www.nemesysunit.com\/de\/wp-json\/wp\/v2\/pages\/2583","targetHints":{"allow":["GET"]}}],"collection":[{"href":"https:\/\/www.nemesysunit.com\/de\/wp-json\/wp\/v2\/pages"}],"about":[{"href":"https:\/\/www.nemesysunit.com\/de\/wp-json\/wp\/v2\/types\/page"}],"author":[{"embeddable":true,"href":"https:\/\/www.nemesysunit.com\/de\/wp-json\/wp\/v2\/users\/1"}],"replies":[{"embeddable":true,"href":"https:\/\/www.nemesysunit.com\/de\/wp-json\/wp\/v2\/comments?post=2583"}],"version-history":[{"count":12,"href":"https:\/\/www.nemesysunit.com\/de\/wp-json\/wp\/v2\/pages\/2583\/revisions"}],"predecessor-version":[{"id":2913,"href":"https:\/\/www.nemesysunit.com\/de\/wp-json\/wp\/v2\/pages\/2583\/revisions\/2913"}],"wp:attachment":[{"href":"https:\/\/www.nemesysunit.com\/de\/wp-json\/wp\/v2\/media?parent=2583"}],"wp:term":[{"taxonomy":"page_group","embeddable":true,"href":"https:\/\/www.nemesysunit.com\/de\/wp-json\/wp\/v2\/page_group?post=2583"}],"curies":[{"name":"wp","href":"https:\/\/api.w.org\/{rel}","templated":true}]}}