{"id":2562,"date":"2026-02-22T10:36:09","date_gmt":"2026-02-22T09:36:09","guid":{"rendered":"https:\/\/www.nemesysunit.com\/aktives-hochwasserschutzsystem\/"},"modified":"2026-03-10T17:28:57","modified_gmt":"2026-03-10T16:28:57","slug":"aktives-hochwasserschutzsystem","status":"publish","type":"page","link":"https:\/\/www.nemesysunit.com\/de\/aktives-hochwasserschutzsystem\/","title":{"rendered":"Aktives Hochwasserschutzsystem"},"content":{"rendered":"<section class=\"bde-section-2562-100 bde-section\">\n  \n  \n\t\n\n\n\n<div class=\"section-container\"><h1 class=\"bde-heading-2562-101 bde-heading\">\nAktives Hochwasserschutzsystem\n<\/h1><div class=\"bde-rich-text-2562-102 bde-rich-text breakdance-rich-text-styles\">\n<p data-start=\"2541\" data-end=\"2634\"><strong>Ein adaptives Hochwasserschutzkonzept, das dynamisch auf steigende Wasserst\u00e4nde reagiert.<\/strong><\/p><p data-start=\"2636\" data-end=\"2821\">Das System setzt auf eine aktive mechanische Reaktion statt passiver Barrieren. Es soll skalierbaren Schutz in Umgebungen bieten, die periodischen Hochwasserrisiken ausgesetzt sind.<\/p><p data-start=\"2823\" data-end=\"2914\">Das Konzept legt den Fokus auf mechanische Zuverl\u00e4ssigkeit, Modularit\u00e4t und Umweltvertr\u00e4glichkeit.<\/p><p data-start=\"2916\" data-end=\"2940\"><strong data-start=\"2916\" data-end=\"2940\">Key characteristics:<\/strong><\/p><ul data-start=\"2942\" data-end=\"3130\"><li data-start=\"2942\" data-end=\"2979\"><p data-start=\"2944\" data-end=\"2979\">Adaptiver Hochwasser-Reaktionsmechanismus<\/p><\/li><li data-start=\"2980\" data-end=\"3018\"><p data-start=\"2982\" data-end=\"3018\">Modulare und skalierbare Konfiguration<\/p><\/li><li data-start=\"3019\" data-end=\"3062\"><p data-start=\"3021\" data-end=\"3062\">F\u00fcr schnelle Einsatzszenarien konzipiert<\/p><\/li><li data-start=\"3063\" data-end=\"3098\"><p data-start=\"3065\" data-end=\"3098\">Mechanisches Aktivierungsprinzip<\/p><\/li><li data-start=\"3099\" data-end=\"3130\"><p data-start=\"3101\" data-end=\"3130\">Patent angemeldet und registriert<\/p><\/li><\/ul>\n<\/div><\/div>\n<\/section>","protected":false},"excerpt":{"rendered":"<p>Aktives Hochwasserschutzsystem Ein adaptives Hochwasserschutzkonzept, das dynamisch auf steigende Wasserst\u00e4nde reagiert.Das System setzt auf eine aktive mechanische Reaktion statt passiver Barrieren. Es soll skalierbaren Schutz in Umgebungen bieten, die periodischen Hochwasserrisiken ausgesetzt sind.Das Konzept legt den Fokus auf mechanische Zuverl\u00e4ssigkeit, Modularit\u00e4t und Umweltvertr\u00e4glichkeit.Key characteristics:Adaptiver Hochwasser-ReaktionsmechanismusModulare und skalierbare KonfigurationF\u00fcr schnelle Einsatzszenarien konzipiertMechanisches AktivierungsprinzipPatent angemeldet und registriert<\/p>\n","protected":false},"author":1,"featured_media":0,"parent":0,"menu_order":0,"comment_status":"closed","ping_status":"closed","template":"","meta":{"_breakdance_hide_in_design_set":false,"_breakdance_tags":"","footnotes":""},"page_group":[58],"class_list":["post-2562","page","type-page","status-publish","hentry","page_group-pages"],"_links":{"self":[{"href":"https:\/\/www.nemesysunit.com\/de\/wp-json\/wp\/v2\/pages\/2562","targetHints":{"allow":["GET"]}}],"collection":[{"href":"https:\/\/www.nemesysunit.com\/de\/wp-json\/wp\/v2\/pages"}],"about":[{"href":"https:\/\/www.nemesysunit.com\/de\/wp-json\/wp\/v2\/types\/page"}],"author":[{"embeddable":true,"href":"https:\/\/www.nemesysunit.com\/de\/wp-json\/wp\/v2\/users\/1"}],"replies":[{"embeddable":true,"href":"https:\/\/www.nemesysunit.com\/de\/wp-json\/wp\/v2\/comments?post=2562"}],"version-history":[{"count":3,"href":"https:\/\/www.nemesysunit.com\/de\/wp-json\/wp\/v2\/pages\/2562\/revisions"}],"predecessor-version":[{"id":2856,"href":"https:\/\/www.nemesysunit.com\/de\/wp-json\/wp\/v2\/pages\/2562\/revisions\/2856"}],"wp:attachment":[{"href":"https:\/\/www.nemesysunit.com\/de\/wp-json\/wp\/v2\/media?parent=2562"}],"wp:term":[{"taxonomy":"page_group","embeddable":true,"href":"https:\/\/www.nemesysunit.com\/de\/wp-json\/wp\/v2\/page_group?post=2562"}],"curies":[{"name":"wp","href":"https:\/\/api.w.org\/{rel}","templated":true}]}}