{"id":2515,"date":"2026-02-19T19:43:35","date_gmt":"2026-02-19T18:43:35","guid":{"rendered":"https:\/\/www.nemesysunit.com\/startseite\/"},"modified":"2026-03-10T16:18:34","modified_gmt":"2026-03-10T15:18:34","slug":"startseite","status":"publish","type":"page","link":"https:\/\/www.nemesysunit.com\/de\/","title":{"rendered":"Startseite"},"content":{"rendered":"<section class=\"bde-section-2515-100 bde-section\">\n  \n  \n\t\n\n\n\n<div class=\"section-container\"><div class=\"bde-div-2515-102 bde-div\">\n  \n  \n\t\n\n\n\n<h4 class=\"bde-heading-2515-268 bde-heading\">\nPatentierte technische Konzepte von Pavol Neme\u0161\n<\/h4><h1 class=\"bde-heading-2515-103 bde-heading\">\nNemesysUnit: Patentierte technische Erfindungen\n<\/h1><h2 class=\"bde-heading-2515-101 bde-heading\">\nund strukturierte Beteiligung\n<\/h2><div class=\"bde-text-2515-104 bde-text\">\nEntdecken Sie patentierte Erfindungen mit realem technischem Potenzial und verfolgen Sie ein strukturiertes Beteiligungsmodell, das mit Projektentwicklung, \u00f6ffentlicher Anerkennung und langfristiger Wertentwicklung verbunden ist.\n<\/div><div class=\"bde-columns-2515-105 bde-columns\"><div class=\"bde-column-2515-106 bde-column\">\n  \n  \n\t\n\n\n\n<div class=\"bde-button-2515-107 bde-button\">\n    \n                                    \n    \n    \n    \n    \n            \n                    \n            \n            \n\n    \n    \n    \n    \n    \n    <a class=\"breakdance-link button-atom button-atom--primary bde-button__button\" href=\"https:\/\/www.nemesysunit.com\/de\/produkt\/nemesysunit-zertifikat\/\" target=\"_self\" data-type=\"url\"  >\n\n    \n        <span class=\"button-atom__text\">Units erwerben<\/span>\n\n        \n        \n                <\/a>\n\n    \n\n\n<\/div>\n<\/div><div class=\"bde-column-2515-108 bde-column\">\n  \n  \n\t\n\n\n\n<div class=\"bde-button-2515-109 bde-button\">\n    \n                                    \n    \n    \n    \n    \n            \n                    \n            \n            \n\n    \n    \n    \n    \n    \n    <a class=\"breakdance-link button-atom button-atom--secondary bde-button__button\" href=\"https:\/\/www.nemesysunit.com\/vibration-compressor\/\" target=\"_self\" data-type=\"url\"  >\n\n    \n        <span class=\"button-atom__text\">Erfindungen entdecken<\/span>\n\n        \n        \n                <\/a>\n\n    \n\n\n<\/div>\n<\/div><\/div>\n<\/div><\/div>\n<\/section><section class=\"bde-section-2515-269 bde-section\">\n  \n  \n\t\n\n\n\n<div class=\"section-container\"><h4 class=\"bde-heading-2515-270 bde-heading\">\nNemesysUnit ist ein Projekt, das sich auf patentierte technische Erfindungen von Pavol Neme\u0161 und auf ein strukturiertes Beteiligungsmodell konzentriert, das mit deren technischer Entwicklung verbunden ist. Das Hauptprojekt in dieser Phase ist der Vibrationskompressor, unterst\u00fctzt durch \u00f6ffentliche Pr\u00e4sentationen, Medienauftritte und den fortlaufenden Projektfortschritt.\n<\/h4><\/div>\n<\/section><section class=\"bde-section-2515-211 bde-section\">\n  \n  \n\t\n\n\n\n<div class=\"section-container\"><h2 class=\"bde-heading-2515-212 bde-heading\">\nWas ist NemesysUnit\n<\/h2><h4 class=\"bde-heading-2515-213 bde-heading\">\n(Darlehen \u2192 Units \u2192 Beteiligung)\n<\/h4><div class=\"bde-text-2515-271 bde-text\">\nNemesysUnit verbindet patentierte Erfindungen, technische Entwicklung und ein dokumentiertes Beteiligungsmodell in einem strukturierten Projektumfeld. Das Ziel ist es, die Erfindungen klar zu pr\u00e4sentieren, Vertrauen durch \u00f6ffentliche Sichtbarkeit zu st\u00e4rken und einen direkten Weg zu tieferer Beteiligung zu schaffen.\n<\/div><div class=\"bde-columns-2515-214 bde-columns\"><div class=\"bde-column-2515-215 bde-column\">\n  \n  \n\t\n\n\n\n<img decoding=\"async\" class=\"bde-image2-2515-216 bde-image2\" src=\"https:\/\/www.nemesysunit.com\/wp-content\/uploads\/2026\/02\/NU-how-nemesysunit-works-01-loan.png\" loading=\"lazy\" srcset=\"https:\/\/www.nemesysunit.com\/wp-content\/uploads\/2026\/02\/NU-how-nemesysunit-works-01-loan.png 542w, https:\/\/www.nemesysunit.com\/wp-content\/uploads\/2026\/02\/NU-how-nemesysunit-works-01-loan-224x300.png 224w\" sizes=\"(max-width: 542px) 100vw, 542px\"><h4 class=\"bde-heading-2515-217 bde-heading\">\nSie gew\u00e4hren ein Darlehen\n<\/h4><div class=\"bde-text-2515-218 bde-text\">\nIhre Mittel helfen, die Entwicklung innerhalb von Nemesys s.r.o. zu finanzieren\n<\/div><div class=\"bde-div-2515-219 bde-div\">\n  \n  \n\t\n\n\n\n<div class=\"bde-button-2515-220 bde-button\">\n    \n                                    \n    \n    \n    \n    \n            \n                    \n            \n            \n\n    \n    \n    \n    \n    \n    <a class=\"breakdance-link button-atom button-atom--secondary bde-button__button\" href=\"https:\/\/www.nemesysunit.com\/wp-content\/uploads\/2026\/03\/Vertrag-Nemesysunit-de.pdf\" target=\"_blank\" data-type=\"url\"  >\n\n    \n        <span class=\"button-atom__text\">Darlehensvertrag ansehen<\/span>\n\n        \n        \n                <\/a>\n\n    \n\n\n<\/div>\n<\/div>\n<\/div><div class=\"bde-column-2515-221 bde-column\">\n  \n  \n\t\n\n\n\n<img decoding=\"async\" class=\"bde-image2-2515-222 bde-image2\" src=\"https:\/\/www.nemesysunit.com\/wp-content\/uploads\/2026\/02\/NU-how-nemesysunit-works-certificate.png\" loading=\"lazy\" srcset=\"https:\/\/www.nemesysunit.com\/wp-content\/uploads\/2026\/02\/NU-how-nemesysunit-works-certificate.png 542w, https:\/\/www.nemesysunit.com\/wp-content\/uploads\/2026\/02\/NU-how-nemesysunit-works-certificate-224x300.png 224w\" sizes=\"(max-width: 542px) 100vw, 542px\"><h4 class=\"bde-heading-2515-223 bde-heading\">\nSie erhalten Units\n<\/h4><div class=\"bde-text-2515-224 bde-text\">\nUnits stehen f\u00fcr eine dokumentierte Beteiligungsposition, die an die Gewinnverteilung gekoppelt ist.\n<\/div><div class=\"bde-div-2515-225 bde-div\">\n  \n  \n\t\n\n\n\n<div class=\"bde-button-2515-226 bde-button\">\n    \n                                    \n    \n    \n    \n    \n            \n                    \n            \n            \n\n    \n    \n    \n    \n    \n    <a class=\"breakdance-link button-atom button-atom--secondary bde-button__button\" href=\"https:\/\/www.nemesysunit.com\/product\/nemesysunit-certificate\/\" target=\"_blank\" data-type=\"url\"  >\n\n    \n        <span class=\"button-atom__text\">Zertifikat ansehen<\/span>\n\n        \n        \n                <\/a>\n\n    \n\n\n<\/div>\n<\/div>\n<\/div><div class=\"bde-column-2515-227 bde-column\">\n  \n  \n\t\n\n\n\n<img decoding=\"async\" class=\"bde-image2-2515-228 bde-image2\" src=\"https:\/\/www.nemesysunit.com\/wp-content\/uploads\/2026\/02\/NU-how-nemesysunit-works-performance.png\" loading=\"lazy\" srcset=\"https:\/\/www.nemesysunit.com\/wp-content\/uploads\/2026\/02\/NU-how-nemesysunit-works-performance.png 542w, https:\/\/www.nemesysunit.com\/wp-content\/uploads\/2026\/02\/NU-how-nemesysunit-works-performance-224x300.png 224w\" sizes=\"(max-width: 542px) 100vw, 542px\"><h4 class=\"bde-heading-2515-229 bde-heading\">\nR\u00fcckzahlung & Gewinnbeteiligung\n<\/h4><div class=\"bde-text-2515-230 bde-text\">\nDie R\u00fcckzahlung erfolgt \u00fcber einen definierten Mechanismus der Forderungsabtretung; die Gewinnverteilung erfolgt j\u00e4hrlich auf Basis der Ergebnisse.\n<\/div><div class=\"bde-div-2515-231 bde-div\">\n  \n  \n\t\n\n\n\n<div class=\"bde-button-2515-232 bde-button\">\n    \n                                    \n    \n    \n    \n    \n            \n                    \n            \n            \n\n    \n    \n    \n    \n    \n    <a class=\"breakdance-link button-atom button-atom--secondary bde-button__button\" href=\"#value-development-overview\" target=\"_self\" data-type=\"url\"  >\n\n    \n        <span class=\"button-atom__text\">Performance-Graf ansehen<\/span>\n\n        \n        \n                <\/a>\n\n    \n\n\n<\/div>\n<\/div>\n<\/div><\/div><\/div>\n<\/section><section class=\"bde-section-2515-233 bde-section\">\n  \n  \n\t\n\n\n\n<div class=\"section-container\"><h2 class=\"bde-heading-2515-234 bde-heading\">\nWie die Beteiligung funktioniert\n<\/h2><div class=\"bde-text-2515-235 bde-text\">\nDer Unit-Wert ist marktbasiert und spiegelt begrenztes Angebot sowie die Entwicklung des Unternehmens wider (Gewinnpotenzial, Nachfrage, Fortschritts-Meilensteine). Mit dem Wachstum von Nemesys s.r.o. kann auch die Marktnachfrage nach Units entsprechend steigen.\n<\/div><div class=\"bde-rich-text-2515-236 bde-rich-text breakdance-rich-text-styles\">\n<ul><li data-start=\"1772\" data-end=\"1868\"><p data-start=\"1775\" data-end=\"1868\"><strong>Sie halten Units<\/strong><br data-start=\"1793\" data-end=\"1796\" \/><em>Eine klare, dokumentierte Beteiligungsposition am Projekt.<\/em><\/p><\/li><li data-start=\"1871\" data-end=\"1982\"><p data-start=\"1874\" data-end=\"1982\"><strong>Entwicklung wird finanziert<\/strong><br data-start=\"1899\" data-end=\"1902\" \/><em>Ihr Erwerb beschleunigt den Weg zu Prototypen und Validierung.<\/em><\/p><\/li><li data-start=\"1985\" data-end=\"2123\"><p data-start=\"1988\" data-end=\"2123\"><strong>Definierter \u00dcbergangsmechanismus<\/strong><br data-start=\"2020\" data-end=\"2023\" \/><em>Das Modell ist so konzipiert, dass es nach Ausgleich der Verpflichtungen \u00fcbergeht \u2013 wie in den Bedingungen beschrieben.<\/em><\/p><\/li><\/ul>\n<\/div><h2 class=\"bde-heading-2515-237 bde-heading\">\nWarum Units an Wert gewinnen\n<\/h2><div class=\"bde-text-2515-238 bde-text\">\nDer Unit-Wert ist marktbasiert und spiegelt das begrenzte Angebot sowie die Entwicklung des Unternehmens wider (Gewinnpotenzial, Nachfrage, Fortschrittsmeilensteine). Mit dem Wachstum von Nemesys s.r.o. kann auch die Marktnachfrage nach Units entsprechend steigen.\n<\/div><div class=\"bde-columns-2515-239 bde-columns\"><div class=\"bde-column-2515-240 bde-column\">\n  \n  \n\t\n\n\n\n<div class=\"bde-button-2515-241 bde-button\">\n    \n                                    \n    \n    \n    \n    \n            \n                    \n            \n            \n\n    \n    \n    \n    \n    \n    <a class=\"breakdance-link button-atom button-atom--primary bde-button__button\" href=\"https:\/\/www.nemesysunit.com\/wp-content\/uploads\/2026\/03\/Vertrag-Nemesysunit-de.pdf\" target=\"_blank\" data-type=\"url\"  >\n\n    \n        <span class=\"button-atom__text\">Darlehensvertrag lesen<\/span>\n\n        \n        \n                <\/a>\n\n    \n\n\n<\/div>\n<\/div><div class=\"bde-column-2515-242 bde-column\">\n  \n  \n\t\n\n\n\n<div class=\"bde-button-2515-243 bde-button\">\n    \n                                    \n    \n    \n    \n    \n            \n                    \n            \n            \n\n    \n    \n    \n    \n    \n    <a class=\"breakdance-link button-atom button-atom--secondary bde-button__button\" href=\"https:\/\/www.nemesysunit.com\/participation\/#value-development-overview\" target=\"_self\" data-type=\"url\"  >\n\n    \n        <span class=\"button-atom__text\">Aktuellen Unit-Wert & Fortschritt ansehen<\/span>\n\n        \n        \n                <\/a>\n\n    \n\n\n<\/div>\n<\/div><\/div><\/div>\n<\/section><section class=\"bde-section-2515-244 bde-section\">\n  \n  \n\t\n\n\n\n<div class=\"section-container\"><h2 class=\"bde-heading-2515-245 bde-heading\">\nMedien und \u00f6ffentliche Anerkennung\n<\/h2><div class=\"bde-text-2515-246 bde-text\">\nEin strukturiertes Archiv \u00f6ffentlicher Pr\u00e4sentationen, Medienauftritte und technischer Berichterstattung.\n<\/div><div class=\"bde-columns-2515-247 bde-columns\"><div class=\"bde-column-2515-248 bde-column\">\n  \n  \n\t\n\n\n\n<a class=\"bde-container-link-2515-249 bde-container-link breakdance-link\" href=\"\/media\/#exhibitions\" target=\"_self\" data-type=\"url\">\n  \n  \n\t\n\n\n\n<img decoding=\"async\" class=\"bde-image2-2515-250 bde-image2\" src=\"https:\/\/www.nemesysinvention.com\/wp-content\/uploads\/2026\/01\/ico-media-exhibitions.jpg\" loading=\"lazy\" srcset=\"https:\/\/www.nemesysinvention.com\/wp-content\/uploads\/2026\/01\/ico-media-exhibitions.jpg 1456w, https:\/\/www.nemesysinvention.com\/wp-content\/uploads\/2026\/01\/ico-media-exhibitions-300x300.jpg 300w, https:\/\/www.nemesysinvention.com\/wp-content\/uploads\/2026\/01\/ico-media-exhibitions-1024x1024.jpg 1024w, https:\/\/www.nemesysinvention.com\/wp-content\/uploads\/2026\/01\/ico-media-exhibitions-150x150.jpg 150w, https:\/\/www.nemesysinvention.com\/wp-content\/uploads\/2026\/01\/ico-media-exhibitions-768x768.jpg 768w\" sizes=\"(max-width: 1456px) 100vw, 1456px\"><h4 class=\"bde-heading-2515-251 bde-heading\">\nInternationale Ausstellungen\n<\/h4><div class=\"bde-text-2515-252 bde-text\">\nPr\u00e4sentiert auf internationalen technischen Ausstellungen und Fachveranstaltungen mit \u00f6ffentlicher und medialer Pr\u00e4senz.\n<\/div>\n\n<\/a>\n<\/div><div class=\"bde-column-2515-253 bde-column\">\n  \n  \n\t\n\n\n\n<a class=\"bde-container-link-2515-254 bde-container-link breakdance-link\" href=\"\/media\/#tv\" target=\"_self\" data-type=\"url\">\n  \n  \n\t\n\n\n\n<img decoding=\"async\" class=\"bde-image2-2515-255 bde-image2\" src=\"https:\/\/www.nemesysinvention.com\/wp-content\/uploads\/2026\/01\/ico-media-tv.jpg\" loading=\"lazy\" srcset=\"https:\/\/www.nemesysinvention.com\/wp-content\/uploads\/2026\/01\/ico-media-tv.jpg 1456w, https:\/\/www.nemesysinvention.com\/wp-content\/uploads\/2026\/01\/ico-media-tv-300x300.jpg 300w, https:\/\/www.nemesysinvention.com\/wp-content\/uploads\/2026\/01\/ico-media-tv-1024x1024.jpg 1024w, https:\/\/www.nemesysinvention.com\/wp-content\/uploads\/2026\/01\/ico-media-tv-150x150.jpg 150w, https:\/\/www.nemesysinvention.com\/wp-content\/uploads\/2026\/01\/ico-media-tv-768x768.jpg 768w\" sizes=\"(max-width: 1456px) 100vw, 1456px\"><h4 class=\"bde-heading-2515-256 bde-heading\">\nTV- & Rundfunkmedien\n<\/h4><div class=\"bde-text-2515-257 bde-text\">\nBerichterstattung in sendungs\u00e4hnlichen Formaten und Fernsehsendungen mit Fokus auf innovative technische Konzepte.\n<\/div>\n\n<\/a>\n<\/div><div class=\"bde-column-2515-258 bde-column\">\n  \n  \n\t\n\n\n\n<a class=\"bde-container-link-2515-259 bde-container-link breakdance-link\" href=\"\/media\/#video\" target=\"_self\" data-type=\"url\">\n  \n  \n\t\n\n\n\n<img decoding=\"async\" class=\"bde-image2-2515-260 bde-image2\" src=\"https:\/\/www.nemesysinvention.com\/wp-content\/uploads\/2026\/01\/ico-media-internet-mov.jpg\" loading=\"lazy\" srcset=\"https:\/\/www.nemesysinvention.com\/wp-content\/uploads\/2026\/01\/ico-media-internet-mov.jpg 1456w, https:\/\/www.nemesysinvention.com\/wp-content\/uploads\/2026\/01\/ico-media-internet-mov-300x300.jpg 300w, https:\/\/www.nemesysinvention.com\/wp-content\/uploads\/2026\/01\/ico-media-internet-mov-1024x1024.jpg 1024w, https:\/\/www.nemesysinvention.com\/wp-content\/uploads\/2026\/01\/ico-media-internet-mov-150x150.jpg 150w, https:\/\/www.nemesysinvention.com\/wp-content\/uploads\/2026\/01\/ico-media-internet-mov-768x768.jpg 768w\" sizes=\"(max-width: 1456px) 100vw, 1456px\"><h4 class=\"bde-heading-2515-261 bde-heading\">\nVideo-Plattformen & YouTube\n<\/h4><div class=\"bde-text-2515-262 bde-text\">\nVideopr\u00e4sentationen, Demonstrationen und Erkl\u00e4rungen ver\u00f6ffentlicht auf Videoplattformen und technischen Kan\u00e4len.\n<\/div>\n\n<\/a>\n<\/div><div class=\"bde-column-2515-263 bde-column\">\n  \n  \n\t\n\n\n\n<a class=\"bde-container-link-2515-264 bde-container-link breakdance-link\" href=\"\/media\/#articles\" target=\"_self\" data-type=\"url\">\n  \n  \n\t\n\n\n\n<img decoding=\"async\" class=\"bde-image2-2515-265 bde-image2\" src=\"https:\/\/www.nemesysinvention.com\/wp-content\/uploads\/2026\/01\/ico-media-doc.jpg\" loading=\"lazy\" srcset=\"https:\/\/www.nemesysinvention.com\/wp-content\/uploads\/2026\/01\/ico-media-doc.jpg 1456w, https:\/\/www.nemesysinvention.com\/wp-content\/uploads\/2026\/01\/ico-media-doc-300x300.jpg 300w, https:\/\/www.nemesysinvention.com\/wp-content\/uploads\/2026\/01\/ico-media-doc-1024x1024.jpg 1024w, https:\/\/www.nemesysinvention.com\/wp-content\/uploads\/2026\/01\/ico-media-doc-150x150.jpg 150w, https:\/\/www.nemesysinvention.com\/wp-content\/uploads\/2026\/01\/ico-media-doc-768x768.jpg 768w\" sizes=\"(max-width: 1456px) 100vw, 1456px\"><h4 class=\"bde-heading-2515-266 bde-heading\">\nArtikel & schriftliche Medien\n<\/h4><div class=\"bde-text-2515-267 bde-text\">\nSchriftliche Berichte in Online-Artikeln, technischen Blogs und unabh\u00e4ngigen Publikationen \u00fcber die Erfindungen.\n<\/div>\n\n<\/a>\n<\/div><\/div><\/div>\n<\/section><section class=\"bde-section-2515-161 bde-section\">\n  \n  \n\t\n\n\n\n<div class=\"section-container\"><div class=\"bde-div-2515-162 bde-div\">\n  \n  \n\t\n\n\n\n<h2 class=\"bde-heading-2515-163 bde-heading\">\nLive-Demonstrationen\n<\/h2><div class=\"bde-rich-text-2515-164 bde-rich-text breakdance-rich-text-styles\">\n<p>Praxisnahe Verifizierung der Nemesys-Systeme durch Live-Messungen und physische Demonstrationen.<\/p>\n<\/div><div class=\"bde-div-2515-165 bde-div\">\n  \n  \n\t\n\n\n\n<div class=\"bde-rich-text-2515-166 bde-rich-text breakdance-rich-text-styles\">\n<h3 style=\"text-align: left;\">Live-Vortr\u00e4ge mit Demonstration eines physischen Ger\u00e4ts<\/h3><p style=\"text-align: left;\"><strong>Pavol Neme\u0161<\/strong> bietet technische Vortr\u00e4ge vor Ort, kombiniert mit Live-Demonstrationen funktionsf\u00e4higer Prototypen. Jede Session umfasst Messungen in Echtzeit sowie die Verifizierung des Systemverhaltens unter kontrollierten Bedingungen.<\/p>\n<\/div>\n<\/div>\n<\/div><div class=\"bde-columns-2515-167 bde-columns\"><div class=\"bde-column-2515-168 bde-column\">\n  \n  \n\t\n\n\n\n<img decoding=\"async\" class=\"bde-image2-2515-169 bde-image2\" src=\"https:\/\/www.nemesysinvention.com\/wp-content\/uploads\/2026\/02\/ico-live-demo_01_Physical-Device-Demonstration.jpg\" loading=\"lazy\" srcset=\"https:\/\/www.nemesysinvention.com\/wp-content\/uploads\/2026\/02\/ico-live-demo_01_Physical-Device-Demonstration.jpg 1000w, https:\/\/www.nemesysinvention.com\/wp-content\/uploads\/2026\/02\/ico-live-demo_01_Physical-Device-Demonstration-300x300.jpg 300w, https:\/\/www.nemesysinvention.com\/wp-content\/uploads\/2026\/02\/ico-live-demo_01_Physical-Device-Demonstration-150x150.jpg 150w, https:\/\/www.nemesysinvention.com\/wp-content\/uploads\/2026\/02\/ico-live-demo_01_Physical-Device-Demonstration-768x768.jpg 768w\" sizes=\"(max-width: 1000px) 100vw, 1000px\"><h5 class=\"bde-heading-2515-170 bde-heading\">\nDemonstration des physischen Ger\u00e4ts\n<\/h5><div class=\"bde-text-2515-171 bde-text\">\nLive-Betrieb des Ger\u00e4ts vor Ort.\n<\/div>\n<\/div><div class=\"bde-column-2515-172 bde-column\">\n  \n  \n\t\n\n\n\n<img decoding=\"async\" class=\"bde-image2-2515-173 bde-image2\" src=\"https:\/\/www.nemesysinvention.com\/wp-content\/uploads\/2026\/02\/ico-live-demonstrations_02_real-time-messurment.jpg\" loading=\"lazy\" srcset=\"https:\/\/www.nemesysinvention.com\/wp-content\/uploads\/2026\/02\/ico-live-demonstrations_02_real-time-messurment.jpg 1000w, https:\/\/www.nemesysinvention.com\/wp-content\/uploads\/2026\/02\/ico-live-demonstrations_02_real-time-messurment-300x300.jpg 300w, https:\/\/www.nemesysinvention.com\/wp-content\/uploads\/2026\/02\/ico-live-demonstrations_02_real-time-messurment-150x150.jpg 150w, https:\/\/www.nemesysinvention.com\/wp-content\/uploads\/2026\/02\/ico-live-demonstrations_02_real-time-messurment-768x768.jpg 768w\" sizes=\"(max-width: 1000px) 100vw, 1000px\"><h5 class=\"bde-heading-2515-174 bde-heading\">\nEchtzeitmessung\n<\/h5><div class=\"bde-text-2515-175 bde-text\">\nUnabh\u00e4ngige Messung w\u00e4hrend des Betriebs.\n<\/div>\n<\/div><div class=\"bde-column-2515-176 bde-column\">\n  \n  \n\t\n\n\n\n<img decoding=\"async\" class=\"bde-image2-2515-177 bde-image2\" src=\"https:\/\/www.nemesysinvention.com\/wp-content\/uploads\/2026\/02\/ico-live-demonstrations_03_System_Explanation.jpg\" loading=\"lazy\" srcset=\"https:\/\/www.nemesysinvention.com\/wp-content\/uploads\/2026\/02\/ico-live-demonstrations_03_System_Explanation.jpg 1000w, https:\/\/www.nemesysinvention.com\/wp-content\/uploads\/2026\/02\/ico-live-demonstrations_03_System_Explanation-300x300.jpg 300w, https:\/\/www.nemesysinvention.com\/wp-content\/uploads\/2026\/02\/ico-live-demonstrations_03_System_Explanation-150x150.jpg 150w, https:\/\/www.nemesysinvention.com\/wp-content\/uploads\/2026\/02\/ico-live-demonstrations_03_System_Explanation-768x768.jpg 768w\" sizes=\"(max-width: 1000px) 100vw, 1000px\"><h5 class=\"bde-heading-2515-178 bde-heading\">\nSystemerkl\u00e4rung\n<\/h5><div class=\"bde-text-2515-179 bde-text\">\nPrinzipien, Grenzen, beobachtetes Verhalten.\n<\/div>\n<\/div><div class=\"bde-column-2515-180 bde-column\">\n  \n  \n\t\n\n\n\n<img decoding=\"async\" class=\"bde-image2-2515-181 bde-image2\" src=\"https:\/\/www.nemesysinvention.com\/wp-content\/uploads\/2026\/02\/ico-live-demo_04_technical_01.jpg\" loading=\"lazy\" srcset=\"https:\/\/www.nemesysinvention.com\/wp-content\/uploads\/2026\/02\/ico-live-demo_04_technical_01.jpg 1000w, https:\/\/www.nemesysinvention.com\/wp-content\/uploads\/2026\/02\/ico-live-demo_04_technical_01-300x300.jpg 300w, https:\/\/www.nemesysinvention.com\/wp-content\/uploads\/2026\/02\/ico-live-demo_04_technical_01-150x150.jpg 150w, https:\/\/www.nemesysinvention.com\/wp-content\/uploads\/2026\/02\/ico-live-demo_04_technical_01-768x768.jpg 768w\" sizes=\"(max-width: 1000px) 100vw, 1000px\"><h5 class=\"bde-heading-2515-182 bde-heading\">\nOffene technische Diskussion\n<\/h5><div class=\"bde-text-2515-183 bde-text\">\nFragen, Kritik, Interpretation der Ergebnisse.\n<\/div>\n<\/div><\/div><div class=\"bde-div-2515-184 bde-div\">\n  \n  \n\t\n\n\n\n<div class=\"bde-rich-text-2515-185 bde-rich-text breakdance-rich-text-styles\">\n<p style=\"text-align: left;\"><strong>Sessions are organized based on interest and confirmed registrations.<\/strong><\/p>\n\n\n<ul>\n \t<li data-section-id=\"1q8vxqg\" data-start=\"4146\" data-end=\"4174\">\n<p data-start=\"4148\" data-end=\"4174\">Begrenzte Teilnehmerzahl<\/p>\n<\/li>\n \t<li data-section-id=\"1arpf1h\" data-start=\"4175\" data-end=\"4196\">\n<p data-start=\"4177\" data-end=\"4196\">Im Voraus geplant<\/p>\n<\/li>\n \t<li data-section-id=\"g17s4e\" data-start=\"4197\" data-end=\"4236\">\n<p data-start=\"4199\" data-end=\"4236\">F\u00fcr technisches Publikum vorgesehen<\/p>\n<\/li>\n \t<li data-section-id=\"gsfo5v\" data-start=\"4237\" data-end=\"4271\">\n<p data-start=\"4239\" data-end=\"4271\">Details nach der Registrierung<\/p>\n<\/li>\n<\/ul>\n\n<\/div><h3 class=\"bde-heading-2515-186 bde-heading\">\nDemonstrationen finden zweimal pro Woche an festgelegten Tagen statt.\n<\/h3>\n<\/div><div class=\"bde-button-2515-187 bde-button\">\n    \n                                    \n    \n    \n    \n    \n            \n                    \n            \n            \n\n    \n    \n    \n    \n    \n    <a class=\"breakdance-link button-atom button-atom--primary bde-button__button\" href=\"https:\/\/www.nemesysunit.com\/de\/contact\/\" target=\"_self\" data-type=\"url\"  >\n\n    \n        <span class=\"button-atom__text\">Demonstration anfragen<\/span>\n\n        \n        \n                <\/a>\n\n    \n\n\n<\/div><div class=\"bde-text-2515-188 bde-text\">\nDie Termine werden individuell nach Verf\u00fcgbarkeit und Interesse abgestimmt.\n<\/div><\/div>\n<\/section>","protected":false},"excerpt":{"rendered":"<p>Patentierte technische Konzepte von Pavol Neme\u0161 NemesysUnit: Patentierte technische Erfindungen und strukturierte Beteiligung Entdecken Sie patentierte Erfindungen mit realem technischem Potenzial und verfolgen Sie ein strukturiertes Beteiligungsmodell, das mit Projektentwicklung, \u00f6ffentlicher Anerkennung und langfristiger Wertentwicklung verbunden ist. Units erwerben Erfindungen entdecken NemesysUnit ist ein Projekt, das sich auf patentierte technische Erfindungen von Pavol Neme\u0161 und [&hellip;]<\/p>\n","protected":false},"author":1,"featured_media":0,"parent":0,"menu_order":0,"comment_status":"closed","ping_status":"closed","template":"","meta":{"_breakdance_hide_in_design_set":false,"_breakdance_tags":"","footnotes":""},"page_group":[58],"class_list":["post-2515","page","type-page","status-publish","hentry","page_group-pages"],"_links":{"self":[{"href":"https:\/\/www.nemesysunit.com\/de\/wp-json\/wp\/v2\/pages\/2515","targetHints":{"allow":["GET"]}}],"collection":[{"href":"https:\/\/www.nemesysunit.com\/de\/wp-json\/wp\/v2\/pages"}],"about":[{"href":"https:\/\/www.nemesysunit.com\/de\/wp-json\/wp\/v2\/types\/page"}],"author":[{"embeddable":true,"href":"https:\/\/www.nemesysunit.com\/de\/wp-json\/wp\/v2\/users\/1"}],"replies":[{"embeddable":true,"href":"https:\/\/www.nemesysunit.com\/de\/wp-json\/wp\/v2\/comments?post=2515"}],"version-history":[{"count":17,"href":"https:\/\/www.nemesysunit.com\/de\/wp-json\/wp\/v2\/pages\/2515\/revisions"}],"predecessor-version":[{"id":2912,"href":"https:\/\/www.nemesysunit.com\/de\/wp-json\/wp\/v2\/pages\/2515\/revisions\/2912"}],"wp:attachment":[{"href":"https:\/\/www.nemesysunit.com\/de\/wp-json\/wp\/v2\/media?parent=2515"}],"wp:term":[{"taxonomy":"page_group","embeddable":true,"href":"https:\/\/www.nemesysunit.com\/de\/wp-json\/wp\/v2\/page_group?post=2515"}],"curies":[{"name":"wp","href":"https:\/\/api.w.org\/{rel}","templated":true}]}}