{"id":2506,"date":"2026-02-19T20:55:54","date_gmt":"2026-02-19T19:55:54","guid":{"rendered":"https:\/\/www.nemesysunit.com\/der-erfinder\/"},"modified":"2026-03-10T17:27:37","modified_gmt":"2026-03-10T16:27:37","slug":"der-erfinder","status":"publish","type":"page","link":"https:\/\/www.nemesysunit.com\/de\/der-erfinder\/","title":{"rendered":"Der Erfinder"},"content":{"rendered":"<section class=\"bde-section-2506-100 bde-section\">\n  \n  \n\t\n\n\n\n<div class=\"section-container\"><div class=\"bde-columns-2506-101 bde-columns\"><div class=\"bde-column-2506-102 bde-column\">\n  \n  \n\t\n\n\n\n<img decoding=\"async\" class=\"bde-image2-2506-103 bde-image2\" src=\"https:\/\/www.nemesysinvention.com\/wp-content\/uploads\/2026\/02\/pavol_nemes_portret-podklad-postava_1200.png\" loading=\"lazy\" srcset=\"https:\/\/www.nemesysinvention.com\/wp-content\/uploads\/2026\/02\/pavol_nemes_portret-podklad-postava_1200.png 870w, https:\/\/www.nemesysinvention.com\/wp-content\/uploads\/2026\/02\/pavol_nemes_portret-podklad-postava_1200-218x300.png 218w, https:\/\/www.nemesysinvention.com\/wp-content\/uploads\/2026\/02\/pavol_nemes_portret-podklad-postava_1200-742x1024.png 742w, https:\/\/www.nemesysinvention.com\/wp-content\/uploads\/2026\/02\/pavol_nemes_portret-podklad-postava_1200-768x1059.png 768w\" sizes=\"(max-width: 870px) 100vw, 870px\">\n<\/div><div class=\"bde-column-2506-104 bde-column\">\n  \n  \n\t\n\n\n\n<h6 class=\"bde-heading-2506-105 bde-heading\">\n\n<\/h6><div class=\"bde-text-2506-106 bde-text\">\nDER ERFINDER\n<\/div><h1 class=\"bde-heading-2506-107 bde-heading\">\nPavol Neme\u0161\n<\/h1><div class=\"bde-rich-text-2506-108 bde-rich-text breakdance-rich-text-styles\">\n<p>Unabh\u00e4ngiger Erfinder, der sich der Erforschung der grundlegenden Prinzipien der physikalischen Realit\u00e4t widmet \u2013 durch systematische Forschung, Experimentieren und praktische Validierung.<\/p>\n<\/div><div class=\"bde-button-2506-109 bde-button\">\n    \n                                    \n    \n    \n    \n    \n            \n                    \n            \n            \n\n    \n    \n    \n    \n    \n    <a class=\"breakdance-link button-atom button-atom--primary bde-button__button\" href=\"https:\/\/www.nemesysinvention.com\/inventions\" target=\"_self\" data-type=\"url\" rel=\"noopener\">\n\n    \n        <span class=\"button-atom__text\">Werk entdecken<\/span>\n\n        \n        \n                <\/a>\n\n    \n\n\n<\/div>\n<\/div><\/div><\/div>\n<\/section><section class=\"bde-section-2506-110 bde-section\">\n  \n  \n\t\n\n\n\n<div class=\"section-container\"><div class=\"bde-columns-2506-111 bde-columns\"><div class=\"bde-column-2506-112 bde-column\">\n  \n  \n\t\n\n\n\n<h2 class=\"bde-heading-2506-113 bde-heading\">\nWeltformel\n<\/h2><div class=\"bde-rich-text-2506-114 bde-rich-text breakdance-rich-text-styles\">\n<p data-start=\"271\" data-end=\"605\"><strong>Weltformel<\/strong> stellt einen konzeptionellen Rahmen vor, der entwickelt wurde, um wiederkehrende Muster, Zusammenh\u00e4nge und strukturelle Prinzipien zu untersuchen, die der physikalischen Realit\u00e4t zugrunde liegen. Statt spekulative Schlussfolgerungen zu liefern, konzentriert sich das Buch auf logische Konsistenz und systemisches Denken als Werkzeuge zum Verst\u00e4ndnis komplexer Naturph\u00e4nomene.<\/p><p data-start=\"607\" data-end=\"815\">Die im Buch vorgestellten Ideen wurden sp\u00e4ter zur Grundlage praktischer Untersuchungen und leiteten experimentelle Arbeiten an, die darauf abzielen, theoretische Annahmen durch physikalische Systeme und messbare Ergebnisse zu verifizieren.<\/p>\n<\/div><div class=\"bde-button-2506-115 bde-button\">\n    \n                                    \n    \n    \n    \n    \n            \n                    \n            \n            \n\n    \n    \n    \n    \n    \n    <a class=\"breakdance-link button-atom button-atom--primary bde-button__button\" href=\"https:\/\/www.nemesysunit.com\/shop\/\" target=\"_self\" data-type=\"url\">\n\n    \n        <span class=\"button-atom__text\">Buch kaufen<\/span>\n\n        \n        \n                <\/a>\n\n    \n\n\n<\/div>\n<\/div><div class=\"bde-column-2506-116 bde-column\">\n  \n  \n\t\n\n\n\n<img decoding=\"async\" class=\"bde-image2-2506-117 bde-image2\" src=\"https:\/\/www.nemesysinvention.com\/wp-content\/uploads\/2026\/02\/kniha-SAN_7559.png\" loading=\"lazy\" srcset=\"https:\/\/www.nemesysinvention.com\/wp-content\/uploads\/2026\/02\/kniha-SAN_7559.png 1500w, https:\/\/www.nemesysinvention.com\/wp-content\/uploads\/2026\/02\/kniha-SAN_7559-298x300.png 298w, https:\/\/www.nemesysinvention.com\/wp-content\/uploads\/2026\/02\/kniha-SAN_7559-1016x1024.png 1016w, https:\/\/www.nemesysinvention.com\/wp-content\/uploads\/2026\/02\/kniha-SAN_7559-150x150.png 150w, https:\/\/www.nemesysinvention.com\/wp-content\/uploads\/2026\/02\/kniha-SAN_7559-768x774.png 768w\" sizes=\"(max-width: 1500px) 100vw, 1500px\">\n<\/div><\/div><\/div>\n<\/section>","protected":false},"excerpt":{"rendered":"<p>DER ERFINDER Pavol Neme\u0161 Unabh\u00e4ngiger Erfinder, der sich der Erforschung der grundlegenden Prinzipien der physikalischen Realit\u00e4t widmet \u2013 durch systematische Forschung, Experimentieren und praktische Validierung. Werk entdecken Weltformel Weltformel stellt einen konzeptionellen Rahmen vor, der entwickelt wurde, um wiederkehrende Muster, Zusammenh\u00e4nge und strukturelle Prinzipien zu untersuchen, die der physikalischen Realit\u00e4t zugrunde liegen. Statt spekulative Schlussfolgerungen [&hellip;]<\/p>\n","protected":false},"author":1,"featured_media":0,"parent":0,"menu_order":0,"comment_status":"closed","ping_status":"closed","template":"","meta":{"_breakdance_hide_in_design_set":false,"_breakdance_tags":"","footnotes":""},"page_group":[58],"class_list":["post-2506","page","type-page","status-publish","hentry","page_group-pages"],"_links":{"self":[{"href":"https:\/\/www.nemesysunit.com\/de\/wp-json\/wp\/v2\/pages\/2506","targetHints":{"allow":["GET"]}}],"collection":[{"href":"https:\/\/www.nemesysunit.com\/de\/wp-json\/wp\/v2\/pages"}],"about":[{"href":"https:\/\/www.nemesysunit.com\/de\/wp-json\/wp\/v2\/types\/page"}],"author":[{"embeddable":true,"href":"https:\/\/www.nemesysunit.com\/de\/wp-json\/wp\/v2\/users\/1"}],"replies":[{"embeddable":true,"href":"https:\/\/www.nemesysunit.com\/de\/wp-json\/wp\/v2\/comments?post=2506"}],"version-history":[{"count":5,"href":"https:\/\/www.nemesysunit.com\/de\/wp-json\/wp\/v2\/pages\/2506\/revisions"}],"predecessor-version":[{"id":2608,"href":"https:\/\/www.nemesysunit.com\/de\/wp-json\/wp\/v2\/pages\/2506\/revisions\/2608"}],"wp:attachment":[{"href":"https:\/\/www.nemesysunit.com\/de\/wp-json\/wp\/v2\/media?parent=2506"}],"wp:term":[{"taxonomy":"page_group","embeddable":true,"href":"https:\/\/www.nemesysunit.com\/de\/wp-json\/wp\/v2\/page_group?post=2506"}],"curies":[{"name":"wp","href":"https:\/\/api.w.org\/{rel}","templated":true}]}}