{"id":2501,"date":"2026-02-19T19:45:21","date_gmt":"2026-02-19T18:45:21","guid":{"rendered":"https:\/\/www.nemesysunit.com\/kontakt\/"},"modified":"2026-04-15T09:07:33","modified_gmt":"2026-04-15T08:07:33","slug":"kontakt","status":"publish","type":"page","link":"https:\/\/www.nemesysunit.com\/de\/kontakt\/","title":{"rendered":"Kontakt"},"content":{"rendered":"<section class=\"bde-section-2501-100 bde-section\">\n  \n  \n\t\n\n\n\n<div class=\"section-container\"><h2 class=\"bde-heading-2501-101 bde-heading\">\nKontakt & professionelle Anfrage\n<\/h2><div class=\"bde-rich-text-2501-102 bde-rich-text breakdance-rich-text-styles\">\n<p><strong>Wir begr\u00fc\u00dfen professionelle, technische und institutionelle Anfragen im Zusammenhang mit der Entwicklung und Anwendung der Nemesys-Erfindungen.<\/strong><\/p>\n<\/div><\/div>\n<\/section><section class=\"bde-section-2501-103 bde-section\">\n  \n  \n\t\n\n\n\n<div class=\"section-container\"><div class=\"bde-rich-text-2501-104 bde-rich-text breakdance-rich-text-styles\">\n<p><strong>Dieser Kontaktkanal ist f\u00fcr die professionelle Kommunikation zu Technologieentwicklung, Forschungskooperation, Lizenzierung und weiteren legitimen Formen der Zusammenarbeit vorgesehen.<\/strong><\/p>\n<\/div><\/div>\n<\/section><section class=\"bde-section-2501-105 bde-section\">\n  \n  \n\t\n\n\n\n<div class=\"section-container\"><div class=\"bde-columns-2501-106 bde-columns\"><div class=\"bde-column-2501-107 bde-column\">\n  \n  \n\t\n\n\n\n<h1 class=\"bde-heading-2501-108 bde-heading\">\nKontakt\n<\/h1><div class=\"bde-text-2501-109 bde-text\">\nNemesys, s.r.o.\n<\/div><div class=\"bde-rich-text-2501-124 bde-rich-text breakdance-rich-text-styles\">\n<p>Firmen-ID (I\u010cO): 55 392 474<br \/><a href=\"https:\/\/www.orsr.sk\/vypis.asp?ID=658558&amp;SID=9&amp;P=0\" target=\"_blank\" rel=\"noopener\">[Offiziellen Registereintrag ansehen]<\/a><\/p>\n<\/div><div class=\"bde-icon-list-2501-110 bde-icon-list\">\n<ul>\n  \n              \n    <li>\n              <div class='bde-icon-list__item-wrapper'>\n      \n      <span class='bde-icon-list__icon'>\n        <svg xmlns=\"http:\/\/www.w3.org\/2000\/svg\" width=\"24\" height=\"24\" viewBox=\"0 0 24 24\" fill-rule=\"evenodd\" clip-rule=\"evenodd\"><path d=\"M12 2h2v2h2v3.702l7 2.618v12.68h1v1h-24v-1h1v-11h6v-8h2v-2h2v-2h1v2zm3 3h-7v18h1v-2h5v2h1v-18zm-2 17h-3v1h3v-1zm8 1h1v-11.987l-6-2.243v14.23h1v-2h4v2zm-14-10h-5v10h1v-2h3v2h1v-10zm-2 9h-1v1h1v-1zm15 0h-2v1h2v-1zm-16-5v2h-1v-2h1zm2 0v2h-1v-2h1zm5-10v12h-1v-12h1zm10 11v1h-4v-1h4zm-8-11v12h-1v-12h1zm8 9v1h-4v-1h4zm-17-2v2h-1v-2h1zm2 0v2h-1v-2h1zm15 0v1h-4v-1h4zm0-2v1h-4v-1h4zm-8-9h-3v1h3v-1z\"\/><\/svg>\n      <\/span>\n      <span class='bde-icon-list__text' >\n      Pod lipami 2561\/6, \u0160urany 942 01, Slovakia\n      <\/span>\n              <\/div>\n      \n    <\/li>\n\n  \n              \n    <li>\n                      \n            \n            \n\n    \n    \n    \n    \n    \n    <a class=\"breakdance-link bde-icon-list__item-wrapper\" href=\"mailto:pavolnemes@gmail.com\" target=\"_self\" data-type=\"url\"  >\n\n      \n      <span class='bde-icon-list__icon'>\n        <svg xmlns=\"http:\/\/www.w3.org\/2000\/svg\" width=\"24\" height=\"24\" viewBox=\"0 0 24 24\" fill-rule=\"evenodd\" clip-rule=\"evenodd\"><path d=\"M24 21h-24v-18h24v18zm-23-16.477v15.477h22v-15.477l-10.999 10-11.001-10zm21.089-.523h-20.176l10.088 9.171 10.088-9.171z\"\/><\/svg>\n      <\/span>\n      <span class='bde-icon-list__text' >\n      pavolnemes@gmail.com\n      <\/span>\n                  <\/a>\n\n      \n    <\/li>\n\n  \n              \n    <li>\n              <div class='bde-icon-list__item-wrapper'>\n      \n      <span class='bde-icon-list__icon'>\n        <svg xmlns=\"http:\/\/www.w3.org\/2000\/svg\" width=\"24\" height=\"24\" viewBox=\"0 0 24 24\" fill=\"none\">\n<g clip-path=\"url(#clip0_626_2)\">\n<path fill-rule=\"evenodd\" clip-rule=\"evenodd\" d=\"M8.26016 1.289L6.69616 2.061C0.903156 5.081 9.49416 23.005 16.0062 23.005C16.4662 23.005 16.9102 22.911 17.3232 22.721L18.8652 21.966L15.9672 16.372L14.4272 17.126C14.2462 17.213 14.0432 17.26 13.8302 17.26C11.2692 17.26 6.98916 9.056 9.58916 7.664L11.1352 6.901L8.26016 1.289V1.289ZM16.0062 24C10.3262 24 3.78516 12.886 3.78516 6.168C3.78516 3.749 4.61816 2.022 6.24216 1.176L8.62416 0L12.4812 7.347L10.0442 8.548C8.60516 9.32 12.4532 16.972 14.0002 16.228L16.3992 15.049L20.2152 22.409C20.2152 22.409 17.8552 23.571 17.7392 23.624C17.1922 23.875 16.6102 24 16.0062 24\"\/>\n<\/g>\n<defs>\n<clipPath id=\"clip0_626_2\">\n<rect width=\"24\" height=\"24\" fill=\"white\"\/>\n<\/clipPath>\n<\/defs>\n<\/svg>\n      <\/span>\n      <span class='bde-icon-list__text' >\n      +421 950 845 277\n      <\/span>\n              <\/div>\n      \n    <\/li>\n\n  \n              \n    <li>\n                      \n            \n            \n\n    \n    \n    \n    \n    \n    <a class=\"breakdance-link bde-icon-list__item-wrapper\" href=\"https:\/\/www.youtube.com\/@nemesys-invention\" target=\"_self\" data-type=\"url\" rel=\"noopener\">\n\n      \n      <span class='bde-icon-list__icon'>\n        <svg xmlns=\"http:\/\/www.w3.org\/2000\/svg\" id=\"icon-youtube\" viewBox=\"0 0 32 32\">\n<path d=\"M31.681 9.6c0 0-0.313-2.206-1.275-3.175-1.219-1.275-2.581-1.281-3.206-1.356-4.475-0.325-11.194-0.325-11.194-0.325h-0.012c0 0-6.719 0-11.194 0.325-0.625 0.075-1.987 0.081-3.206 1.356-0.963 0.969-1.269 3.175-1.269 3.175s-0.319 2.588-0.319 5.181v2.425c0 2.587 0.319 5.181 0.319 5.181s0.313 2.206 1.269 3.175c1.219 1.275 2.819 1.231 3.531 1.369 2.563 0.244 10.881 0.319 10.881 0.319s6.725-0.012 11.2-0.331c0.625-0.075 1.988-0.081 3.206-1.356 0.962-0.969 1.275-3.175 1.275-3.175s0.319-2.587 0.319-5.181v-2.425c-0.006-2.588-0.325-5.181-0.325-5.181zM12.694 20.15v-8.994l8.644 4.513-8.644 4.481z\"\/>\n<\/svg>\n      <\/span>\n      <span class='bde-icon-list__text' >\n      youtube.com\/@nemesys-invention\n      <\/span>\n                  <\/a>\n\n      \n    <\/li>\n\n  <\/ul>\n\n<\/div>\n<\/div><div class=\"bde-column-2501-111 bde-column\">\n  \n  \n\t\n\n\n\n<div class=\"bde-form-builder-2501-112 bde-form-builder\">\n\n\n<form id=\"contact-form112\" class=\"breakdance-form breakdance-form--vertical\" data-options=\"{&quot;slug&quot;:&quot;custom&quot;,&quot;name&quot;:&quot;Contact Form&quot;,&quot;ajaxUrl&quot;:&quot;https:\\\/\\\/www.nemesysunit.com\\\/wp-admin\\\/admin-ajax.php&quot;,&quot;clearOnSuccess&quot;:true,&quot;hideOnSuccess&quot;:false,&quot;successMessage&quot;:&quot;Your message has been received!&quot;,&quot;errorMessage&quot;:&quot;Something went wrong&quot;,&quot;redirect&quot;:false,&quot;redirectUrl&quot;:&quot;&quot;,&quot;customJavaScript&quot;:&quot;&quot;,&quot;recaptcha&quot;:{&quot;key&quot;:&quot;&quot;,&quot;enabled&quot;:false},&quot;honeypot_enabled&quot;:false,&quot;popupsOnSuccess&quot;:[],&quot;popupsOnError&quot;:[]}\" data-steps=\"0\" >\n  \n  \n  \n<div class=\"breakdance-form-field breakdance-form-field--text\" >\n    \n    \n            <label class=\"breakdance-form-field__label\" for=\"name\">\n            Vollst\u00e4ndiger Name<span class=\"breakdance-form-field__required\">*<\/span>\n        <\/label>\n    \n    <input\n    class=\"breakdance-form-field__input\"\n    id=\"name\"\n    aria-describedby=\"name\"\n    type=\"text\"\n    name=\"fields[name]\"\n    placeholder=\"\"\n    value=\"\"\n                \n        \n        \n    required\n    \n    \n>\n\n\n    \n    \n<\/div>\n\n\n<div class=\"breakdance-form-field breakdance-form-field--email\" >\n    \n    \n            <label class=\"breakdance-form-field__label\" for=\"email\">\n            E-Mail<span class=\"breakdance-form-field__required\">*<\/span>\n        <\/label>\n    \n    <input\n    class=\"breakdance-form-field__input\"\n    id=\"email\"\n    aria-describedby=\"email\"\n    type=\"email\"\n    name=\"fields[email]\"\n    placeholder=\"\"\n    value=\"\"\n                \n        \n        \n    required\n    \n    \n>\n\n\n    \n    \n<\/div>\n\n\n<div class=\"breakdance-form-field breakdance-form-field--select\" >\n    \n    \n            <label class=\"breakdance-form-field__label\" for=\"txikav\">\n            Art der Anfrage\n        <\/label>\n    \n    <select\n    class=\"breakdance-form-field__input\"\n    id=\"txikav\"\n    name=\"fields[txikav]\"\n    \n    \n        >\n      <option value=\"\">Select...<\/option>\n          <option value=\"Prototype Presentation\" >Prototype Presentation<\/option>\n        <option value=\"Technology\" >Technology & Research<\/option>\n        <option value=\"Engineering\" >Engineering cooperation<\/option>\n        <option value=\"Licensing\" >Licensing \/ IP matters<\/option>\n        <option value=\"Media\" >Media \/ Press<\/option>\n  <\/select>\n\n\n    \n    \n<\/div>\n\n\n<div class=\"breakdance-form-field breakdance-form-field--textarea\" >\n    \n    \n            <label class=\"breakdance-form-field__label\" for=\"message\">\n            Nachricht<span class=\"breakdance-form-field__required\">*<\/span>\n        <\/label>\n    \n    <textarea\n    class=\"breakdance-form-field__input\"\n    id=\"message\"\n    aria-describedby=\"message\"\n    type=\"textarea\"\n    name=\"fields[message]\"\n        placeholder=\"\"\n    required\n    >\n<\/textarea>\n\n\n    \n    \n<\/div>\n\n\n  \n\n<div class=\"breakdance-form-field breakdance-form-footer\">\n    \n    \n                                    \n    \n    \n    \n    \n            \n            <button type=\"submit\" class=\"button-atom button-atom--primary breakdance-form-button breakdance-form-button__submit\"  >\n    \n        <span class=\"button-atom__text\">Anfrage senden<\/span>\n\n        \n        \n            <\/button>\n    \n    <input type=\"hidden\" name=\"form_id\" value=\"112\">\n    <input type=\"hidden\" name=\"post_id\" value=\"2501\">\n<\/div>\n\n  \n<\/form>\n\n\n\n<\/div><div class=\"bde-text-2501-113 bde-text\">\nDas Absenden dieses Formulars stellt weder ein Angebot noch einen Investitionsvorschlag oder ein Vertragsverh\u00e4ltnis dar.\n<\/div>\n<\/div><\/div><\/div>\n<\/section><section class=\"bde-section-2501-114 bde-section\">\n  \n  \n\t\n\n\n\n<div class=\"section-container\"><div class=\"bde-columns-2501-115 bde-columns\"><div class=\"bde-column-2501-116 bde-column\">\n  \n  \n\t\n\n\n\n<h2 class=\"bde-heading-2501-117 bde-heading\">\nPrototyp-Pr\u00e4sentation\n<\/h2><div class=\"bde-rich-text-2501-118 bde-rich-text breakdance-rich-text-styles\">\n<h4>Live oder online<\/h4>\n<\/div><div class=\"bde-rich-text-2501-119 bde-rich-text breakdance-rich-text-styles\">\n<p data-start=\"1408\" data-end=\"1580\">Wir bieten die M\u00f6glichkeit, den Nemesys-Prototyp in einer pers\u00f6nlichen oder online durchgef\u00fchrten Pr\u00e4sentation vorzustellen \u2013 direkt vom Erfinder geleitet.<\/p><p data-start=\"1582\" data-end=\"1747\">Die Pr\u00e4sentation konzentriert sich auf das technische Prinzip, das Funktionskonzept und die praktische Anwendung der Erfindung, gefolgt von einer offenen Diskussion.<\/p><hr data-start=\"1749\" data-end=\"1752\" \/><h2 data-start=\"1790\" data-end=\"1833\">Was die Pr\u00e4sentation umfasst<\/h2><p data-start=\"1835\" data-end=\"2156\">\u2022 Erl\u00e4uterung des physikalischen und technischen Prinzips<br data-start=\"1919\" data-end=\"1922\" \/>\u2022 \u00dcberblick \u00fcber den Prototyp und seine Funktionalit\u00e4t<br data-start=\"1976\" data-end=\"1979\" \/>\u2022 Aktueller Entwicklungsstand<br data-start=\"2008\" data-end=\"2011\" \/>\u2022 Potenzielle Anwendungen und zuk\u00fcnftige \u043d\u0430\u043f\u0440\u0430\u0432\u043b\u0435\u043d\u0438\u044f <em data-start=\"2064\" data-end=\"2111\">(ak chce\u0161 \u010disto DE: \u201eEntwicklungsrichtungen\u201c)<\/em><br data-start=\"2111\" data-end=\"2114\" \/>\u2022 Raum f\u00fcr Fragen und fachliche Diskussion<\/p><hr data-start=\"2158\" data-end=\"2161\" \/><h2 data-start=\"2188\" data-end=\"2222\">Pr\u00e4sentationsformat<\/h2><p data-start=\"2224\" data-end=\"2355\">\u2022 Live-Pr\u00e4sentation vor Ort<br data-start=\"2268\" data-end=\"2271\" \/>\u2022 Online-Pr\u00e4sentation (Videomeeting)<br data-start=\"2307\" data-end=\"2310\" \/>\u2022 Technische Beratung oder Expertengespr\u00e4ch<\/p><p data-start=\"2357\" data-end=\"2469\">Umfang und Tiefe der Pr\u00e4sentation werden an das Publikum und den Zweck des Gespr\u00e4chs angepasst.<\/p><hr data-start=\"2471\" data-end=\"2474\" \/><h2 data-start=\"2496\" data-end=\"2527\">N\u00e4chster Schritt<\/h2><p data-start=\"2529\" data-end=\"2692\">Interesse an einer Prototyp-Pr\u00e4sentation?<br data-start=\"2587\" data-end=\"2590\" \/>Bitte kontaktieren Sie uns \u00fcber das Formular oben und geben Sie das bevorzugte Pr\u00e4sentationsformat an.<\/p>\n<\/div>\n<\/div><div class=\"bde-column-2501-120 bde-column\">\n  \n  \n\t\n\n\n\n<div class=\"bde-google-map-2501-121 bde-google-map\">\n\r\n<iframe width=\"100%\" height=\"100%\" style=\"border:0\" loading=\"lazy\" title=\"Nemesys s.r.o.\" src=\"https:\/\/www.google.com\/maps\/embed\/v1\/place?key=AIzaSyBp6czwAtyNUbMFnBb697_491ifsYZUYm8&q=Komensk%C3%A9ho+67%2F66%2C+942+01+%C5%A0urany%2C+Slovakia&zoom=14&maptype=roadmap\" allowfullscreen><\/iframe>\n\n<\/div>\n<\/div><\/div><\/div>\n<\/section>","protected":false},"excerpt":{"rendered":"<p>Kontakt &#038; professionelle Anfrage Wir begr\u00fc\u00dfen professionelle, technische und institutionelle Anfragen im Zusammenhang mit der Entwicklung und Anwendung der Nemesys-Erfindungen. Dieser Kontaktkanal ist f\u00fcr die professionelle Kommunikation zu Technologieentwicklung, Forschungskooperation, Lizenzierung und weiteren legitimen Formen der Zusammenarbeit vorgesehen. Kontakt Nemesys, s.r.o. Firmen-ID (I\u010cO): 55 392 474[Offiziellen Registereintrag ansehen] Pod lipami 2561\/6, \u0160urany 942 01, Slovakia [&hellip;]<\/p>\n","protected":false},"author":1,"featured_media":0,"parent":0,"menu_order":0,"comment_status":"closed","ping_status":"closed","template":"","meta":{"_breakdance_hide_in_design_set":false,"_breakdance_tags":"","footnotes":""},"page_group":[58],"class_list":["post-2501","page","type-page","status-publish","hentry","page_group-pages"],"_links":{"self":[{"href":"https:\/\/www.nemesysunit.com\/de\/wp-json\/wp\/v2\/pages\/2501","targetHints":{"allow":["GET"]}}],"collection":[{"href":"https:\/\/www.nemesysunit.com\/de\/wp-json\/wp\/v2\/pages"}],"about":[{"href":"https:\/\/www.nemesysunit.com\/de\/wp-json\/wp\/v2\/types\/page"}],"author":[{"embeddable":true,"href":"https:\/\/www.nemesysunit.com\/de\/wp-json\/wp\/v2\/users\/1"}],"replies":[{"embeddable":true,"href":"https:\/\/www.nemesysunit.com\/de\/wp-json\/wp\/v2\/comments?post=2501"}],"version-history":[{"count":6,"href":"https:\/\/www.nemesysunit.com\/de\/wp-json\/wp\/v2\/pages\/2501\/revisions"}],"predecessor-version":[{"id":3048,"href":"https:\/\/www.nemesysunit.com\/de\/wp-json\/wp\/v2\/pages\/2501\/revisions\/3048"}],"wp:attachment":[{"href":"https:\/\/www.nemesysunit.com\/de\/wp-json\/wp\/v2\/media?parent=2501"}],"wp:term":[{"taxonomy":"page_group","embeddable":true,"href":"https:\/\/www.nemesysunit.com\/de\/wp-json\/wp\/v2\/page_group?post=2501"}],"curies":[{"name":"wp","href":"https:\/\/api.w.org\/{rel}","templated":true}]}}